{"id":23526,"date":"2025-07-25T12:11:36","date_gmt":"2025-07-25T12:11:36","guid":{"rendered":"https:\/\/boreait.com\/hr\/?post_type=product&#038;p=23526"},"modified":"2026-01-19T17:51:31","modified_gmt":"2026-01-19T17:51:31","slug":"originalni-samsung-galaxy-tab-a-2016-sm-t580-selfie-s-prednjom-kamerom-oem-zamjenski-dio","status":"publish","type":"product","link":"https:\/\/boreait.com\/hr\/product\/originalni-samsung-galaxy-tab-a-2016-sm-t580-selfie-s-prednjom-kamerom-oem-zamjenski-dio\/","title":{"rendered":"Originalni Samsung Galaxy Tab A (2016) SM-T580 Selfie s prednjom kamerom &#8211; OEM zamjenski dio"},"content":{"rendered":"<p>Unaprijedite svoju selfie igru s originalnim Samsung Galaxy Tab A (2016) SM-T580 Selfie prednjom kamerom. Izra\u0111en kao OEM zamjenski dio, ovaj fotoaparat osigurava snimanje svakog trenutka u zapanjuju\u0107oj jasno\u0107i. Bilo da ste zaljubljenik u fotografiju ili jednostavno \u017eelite revitalizirati mogu\u0107nosti kamere na svom tabletu, ovaj originalni Samsung dio je savr\u0161eno rje\u0161enje.<\/p>\n<p><strong>Klju\u010dne zna\u010dajke:<\/strong><\/p>\n<ul>\n<li><strong>Autenti\u010dni Samsungov dio:<\/strong> Ova zamjena za prednju kameru za selfije je dio proizvo\u0111a\u010da originalne opreme (OEM), koji jam\u010di kompatibilnost i optimalnu izvedbu s va\u0161im Galaxy Tab A (2016) SM-T580.<\/li>\n<li><strong>Kristalno \u010dista slika:<\/strong> U\u017eivajte u o\u0161trim i \u017eivopisnim selfiejima, videopozivima i mre\u017enim sastancima uz visokokvalitetnu sliku koju pru\u017ea ovaj originalni Samsung fotoaparat.<\/li>\n<li><strong>Jednostavna zamjena:<\/strong> Dizajniran za jednostavnu instalaciju, postupak zamjene je jednostavan. Ako nai\u0111ete na bilo kakve probleme, na\u0161 tim je spreman pomo\u0107i vam.<\/li>\n<li><strong>Kompatibilnost:<\/strong> Posebno izra\u0111eno za Samsung Galaxy Tab A (2016) SM-T580, osiguravaju\u0107i besprijekorno pristajanje i funkcionalnost.<\/li>\n<li><strong>Globalna dostava:<\/strong> gdje god se nalazili, nudimo brzu i pouzdanu dostavu diljem svijeta. Odmah primite svoj originalni selfie prednje kamere Samsunga.<\/li>\n<\/ul>\n<p><strong>Napomena:<\/strong> Iako ne pru\u017eamo upute korak po korak, slobodno se obratite ako vam je potrebna pomo\u0107 u postupku zamjene. Prave fotografije prikazane u popisu prikazuju to\u010dan dio koji \u0107ete dobiti, nagla\u0161avaju\u0107i na\u0161u predanost transparentnosti i osiguranju kvalitete.<\/p>\n<p>Revitalizirajte funkcionalnost prednje kamere svog tableta ve\u0107 danas uz originalnu zamjenu za selfi prednju kameru Samsung Galaxy Tab A (2016) SM-T580. Naru\u010dite sada i uhvatite trenutke s pobolj\u0161anom jasno\u0107om i precizno\u0161\u0107u.<\/p>\n","protected":false},"excerpt":{"rendered":"<p>Snimite kristalno jasne trenutke s originalnim Samsung Galaxy Tab A (2016) SM-T580 Selfie prednjom kamerom. Zamijenite svoju istro\u0161enu ili o\u0161te\u0107enu prednju kameru ovim autenti\u010dnim OEM dijelom. S lako\u0107om u\u017eivajte u visokokvalitetnim selfiejima i videopozivima. Kompatibilan s Galaxy Tab A (2016) SM-T580. Dostupna je brza dostava diljem svijeta.<\/p>\n","protected":false},"featured_media":23592,"template":"","meta":[],"product_brand":[],"product_cat":[58],"product_tag":[83],"class_list":{"0":"post-23526","1":"product","2":"type-product","3":"status-publish","4":"has-post-thumbnail","6":"product_cat-laptop-camera","7":"product_tag-samsung","9":"first","10":"instock","11":"taxable","12":"shipping-taxable","13":"purchasable","14":"product-type-simple"},"_links":{"self":[{"href":"https:\/\/boreait.com\/hr\/wp-json\/wp\/v2\/product\/23526","targetHints":{"allow":["GET"]}}],"collection":[{"href":"https:\/\/boreait.com\/hr\/wp-json\/wp\/v2\/product"}],"about":[{"href":"https:\/\/boreait.com\/hr\/wp-json\/wp\/v2\/types\/product"}],"wp:featuredmedia":[{"embeddable":true,"href":"https:\/\/boreait.com\/hr\/wp-json\/wp\/v2\/media\/23592"}],"wp:attachment":[{"href":"https:\/\/boreait.com\/hr\/wp-json\/wp\/v2\/media?parent=23526"}],"wp:term":[{"taxonomy":"product_brand","embeddable":true,"href":"https:\/\/boreait.com\/hr\/wp-json\/wp\/v2\/product_brand?post=23526"},{"taxonomy":"product_cat","embeddable":true,"href":"https:\/\/boreait.com\/hr\/wp-json\/wp\/v2\/product_cat?post=23526"},{"taxonomy":"product_tag","embeddable":true,"href":"https:\/\/boreait.com\/hr\/wp-json\/wp\/v2\/product_tag?post=23526"}],"curies":[{"name":"wp","href":"https:\/\/api.w.org\/{rel}","templated":true}]}}