{"id":23486,"date":"2025-07-25T12:11:12","date_gmt":"2025-07-25T12:11:12","guid":{"rendered":"https:\/\/boreait.com\/hr\/?post_type=product&#038;p=23486"},"modified":"2025-07-25T12:11:51","modified_gmt":"2025-07-25T12:11:51","slug":"originalni-fujitsu-lifebook-a531-oslonac-za-ruku-i-gornja-maska-dodirne-podloge-cp515931-01-dijelovi-prijenosnog-racunala","status":"publish","type":"product","link":"https:\/\/boreait.com\/hr\/product\/originalni-fujitsu-lifebook-a531-oslonac-za-ruku-i-gornja-maska-dodirne-podloge-cp515931-01-dijelovi-prijenosnog-racunala\/","title":{"rendered":"Originalni Fujitsu Lifebook A531 oslonac za ruku i gornja maska dodirne podloge CP515931-01 dijelovi prijenosnog ra\u010dunala"},"content":{"rendered":"<p>Nadogradite svoj Fujitsu Lifebook A531 s originalnim naslonom za ruku &amp; Gornji poklopac ku\u0107i\u0161ta touchpada CP515931-01, dostupan u Siggmo. Ovaj pomno izra\u0111en zamjenski dio dizajniran je kako bi savr\u0161eno odgovarao, vra\u0107aju\u0107i va\u0161em prijenosnom ra\u010dunalu njegov izvorni sjaj.<\/p>\n<p><strong>Klju\u010dne zna\u010dajke:<\/strong><\/p>\n<ul>\n<li>Originalni Fujitsu Lifebook A531 naslon za ruku &amp; Gornji poklopac ku\u0107i\u0161ta dodirne podloge CP515931-01<\/li>\n<li>Materijal visoke kvalitete: Izra\u0111en da izdr\u017ei svakodnevnu upotrebu i zadr\u017ei svoj izvorni izgled.<\/li>\n<li>Jednostavna instalacija: Dizajnirano za zamjenu bez muke, nisu potrebne profesionalne vje\u0161tine.<\/li>\n<li>Kompatibilnost: savr\u0161eno odgovara modelu Fujitsu Lifebook A531, osiguravaju\u0107i besprijekornu integraciju.<\/li>\n<li>Dostava diljem svijeta: gdje god se nalazili, dostavljamo vam na ku\u0107ni prag.<\/li>\n<\/ul>\n<p><strong>Za\u0161to odabrati Siggmo za svoje dijelove prijenosnog ra\u010dunala?<\/strong> U Siggmu razumijemo va\u017enost pouzdanih dijelova prijenosnog ra\u010dunala. Na\u0161a predanost kvaliteti osigurava da pri svakoj kupnji dobijete originalne proizvode. Vjerujte nam za:<\/p>\n<ul>\n<li><strong>Autenti\u010dnost:<\/strong> Originalni Fujitsu Lifebook A531 dijelovi za pouzdanu nadogradnju.<\/li>\n<li><strong>Zadovoljstvo kupaca:<\/strong> Pridru\u017eite se na\u0161im zadovoljnim kupcima koji se oslanjaju na nas za svoje potrebe za dijelovima prijenosnih ra\u010dunala.<\/li>\n<li><strong>Dostava diljem svijeta:<\/strong> Gdje god da se nalazite, spremni smo poslati na va\u0161u lokaciju.<\/li>\n<li><strong>Pravi proizvod, stvarne fotografije:<\/strong> Slike u ovom popisu su autenti\u010dne i jasno prikazuju dio koji \u0107ete dobiti.<\/li>\n<\/ul>\n<p>Nadogradite svoj Fujitsu Lifebook A531 s povjerenjem. Naru\u010dite svoj originalni naslon za ruku &amp; Gornji poklopac ku\u0107i\u0161ta touchpada CP515931-01 iz Siggma danas. Za bilo kakvu dodatnu pomo\u0107 ili upite, slobodno nam se obratite porukom. Imajte na umu da upute za instalaciju nisu prilo\u017eene, ali smo tu da vam pomognemo ako trebate daljnje upute.<\/p>\n","protected":false},"excerpt":{"rendered":"<p>Pobolj\u0161ajte izgled i funkcionalnost svog Fujitsu Lifebook A531 s ovim originalnim naslonom za dlanove i poklopcem gornjeg ku\u0107i\u0161ta touchpada (CP515931-01). Izra\u0111en za savr\u0161eno pristajanje, ovaj zamjenski dio osigurava besprijekornu nadogradnju ili popravak. Kupujte s povjerenjem na Siggmo.com, va\u0161em pouzdanom izvoru visokokvalitetnih dijelova za prijenosna ra\u010dunala. Dostupna dostava diljem svijeta.<\/p>\n","protected":false},"featured_media":23537,"template":"","meta":[],"product_brand":[],"product_cat":[51],"product_tag":[63],"class_list":{"0":"post-23486","1":"product","2":"type-product","3":"status-publish","4":"has-post-thumbnail","6":"product_cat-laptop-housing","7":"product_tag-fujitsu","9":"first","10":"instock","11":"taxable","12":"shipping-taxable","13":"purchasable","14":"product-type-simple"},"_links":{"self":[{"href":"https:\/\/boreait.com\/hr\/wp-json\/wp\/v2\/product\/23486","targetHints":{"allow":["GET"]}}],"collection":[{"href":"https:\/\/boreait.com\/hr\/wp-json\/wp\/v2\/product"}],"about":[{"href":"https:\/\/boreait.com\/hr\/wp-json\/wp\/v2\/types\/product"}],"wp:featuredmedia":[{"embeddable":true,"href":"https:\/\/boreait.com\/hr\/wp-json\/wp\/v2\/media\/23537"}],"wp:attachment":[{"href":"https:\/\/boreait.com\/hr\/wp-json\/wp\/v2\/media?parent=23486"}],"wp:term":[{"taxonomy":"product_brand","embeddable":true,"href":"https:\/\/boreait.com\/hr\/wp-json\/wp\/v2\/product_brand?post=23486"},{"taxonomy":"product_cat","embeddable":true,"href":"https:\/\/boreait.com\/hr\/wp-json\/wp\/v2\/product_cat?post=23486"},{"taxonomy":"product_tag","embeddable":true,"href":"https:\/\/boreait.com\/hr\/wp-json\/wp\/v2\/product_tag?post=23486"}],"curies":[{"name":"wp","href":"https:\/\/api.w.org\/{rel}","templated":true}]}}