{"id":23432,"date":"2025-07-25T12:10:26","date_gmt":"2025-07-25T12:10:26","guid":{"rendered":"https:\/\/boreait.com\/hr\/?post_type=product&#038;p=23432"},"modified":"2025-07-25T12:11:16","modified_gmt":"2025-07-25T12:11:16","slug":"originalni-dell-poklopac-tipkovnice-ap0m1000d00-za-dijelove-prijenosnog-racunala-latitude-e5530","status":"publish","type":"product","link":"https:\/\/boreait.com\/hr\/product\/originalni-dell-poklopac-tipkovnice-ap0m1000d00-za-dijelove-prijenosnog-racunala-latitude-e5530\/","title":{"rendered":"Originalni Dell poklopac tipkovnice AP0M1000D00 za dijelove prijenosnog ra\u010dunala Latitude E5530"},"content":{"rendered":"<p>Pobolj\u0161ajte svoj Dell Latitude E5530 s originalnom Dell maskom za tipkovnicu AP0M1000D00. Dizajnirana za besprijekorno pristajanje, ova maska za tipkovnicu klju\u010dna je komponenta za pobolj\u0161anje va\u0161eg iskustva prijenosnog ra\u010dunala.<\/p>\n<p><strong>Klju\u010dne zna\u010dajke:<\/strong><\/p>\n<ul>\n<li><strong>Originalni Dell dio:<\/strong> AP0M1000D00 je autenti\u010dna Dell maska za tipkovnicu, koja osigurava kompatibilnost i kvalitetu.<\/li>\n<li><strong>Savr\u0161eno pristaje za Latitude E5530:<\/strong> Skrojeno da precizno pristaje va\u0161em prijenosnom ra\u010dunalu, nude\u0107i potpunu za\u0161titu bez ugro\u017eavanja upotrebljivosti.<\/li>\n<li><strong>Pobolj\u0161ana izdr\u017eljivost:<\/strong> Za\u0161titite svoj ure\u0111aj od svakodnevnih opasnosti poput pra\u0161ine, prolijevanja te op\u0107eg habanja.<\/li>\n<li><strong>Iskustvo taktilnog tipkanja:<\/strong> Zadr\u017eite izvorni osje\u0107aj tipkovnice uz dodavanje dodatnog sloja za\u0161tite.<\/li>\n<li><strong>Jednostavna instalacija:<\/strong> Bez napora postavite poklopac kako biste odmah po\u010deli u\u017eivati u prednostima.<\/li>\n<\/ul>\n<p>Bilo da \u017eelite zamijeniti dotrajalu masku tipkovnice ili proaktivno za\u0161tititi svoje prijenosno ra\u010dunalo, originalna Dell maska za tipkovnicu AP0M1000D00 idealan je izbor. Vjerujte Dell-ovoj reputaciji pouzdanosti, osiguravaju\u0107i da va\u0161 Latitude E5530 ostane u vrhunskom stanju.<\/p>\n","protected":false},"excerpt":{"rendered":"<p>Nadogradite svoje prijenosno ra\u010dunalo s autenti\u010dnom Dell maskom za tipkovnicu AP0M1000D00. Izra\u0111ena za Latitude E5530, ova originalna maska za tipkovnicu osigurava savr\u0161eno pristajanje. Za\u0161titite svoj ure\u0111aj od pra\u0161ine, prolijevanja i svakodnevnog tro\u0161enja dok u\u017eivate u iskustvu taktilnog tipkanja. Jednostavan za instalaciju, dodaje sloj izdr\u017eljivosti va\u0161em prijenosnom ra\u010dunalu. Za pouzdanost vjerujte originalnim Dell dijelovima.<\/p>\n","protected":false},"featured_media":23499,"template":"","meta":[],"product_brand":[],"product_cat":[51],"product_tag":[52],"class_list":{"0":"post-23432","1":"product","2":"type-product","3":"status-publish","4":"has-post-thumbnail","6":"product_cat-laptop-housing","7":"product_tag-dell","9":"first","10":"instock","11":"taxable","12":"shipping-taxable","13":"purchasable","14":"product-type-simple"},"_links":{"self":[{"href":"https:\/\/boreait.com\/hr\/wp-json\/wp\/v2\/product\/23432","targetHints":{"allow":["GET"]}}],"collection":[{"href":"https:\/\/boreait.com\/hr\/wp-json\/wp\/v2\/product"}],"about":[{"href":"https:\/\/boreait.com\/hr\/wp-json\/wp\/v2\/types\/product"}],"wp:featuredmedia":[{"embeddable":true,"href":"https:\/\/boreait.com\/hr\/wp-json\/wp\/v2\/media\/23499"}],"wp:attachment":[{"href":"https:\/\/boreait.com\/hr\/wp-json\/wp\/v2\/media?parent=23432"}],"wp:term":[{"taxonomy":"product_brand","embeddable":true,"href":"https:\/\/boreait.com\/hr\/wp-json\/wp\/v2\/product_brand?post=23432"},{"taxonomy":"product_cat","embeddable":true,"href":"https:\/\/boreait.com\/hr\/wp-json\/wp\/v2\/product_cat?post=23432"},{"taxonomy":"product_tag","embeddable":true,"href":"https:\/\/boreait.com\/hr\/wp-json\/wp\/v2\/product_tag?post=23432"}],"curies":[{"name":"wp","href":"https:\/\/api.w.org\/{rel}","templated":true}]}}