{"id":23425,"date":"2025-07-25T12:10:25","date_gmt":"2025-07-25T12:10:25","guid":{"rendered":"https:\/\/boreait.com\/hr\/?post_type=product&#038;p=23425"},"modified":"2026-01-19T14:51:18","modified_gmt":"2026-01-19T14:51:18","slug":"originalni-fujitsu-lifebook-s936-donji-poklopac-baze-ram-vrata-za-pristup-originalni-dijelovi-za-prijenosno-racunalo","status":"publish","type":"product","link":"https:\/\/boreait.com\/hr\/product\/originalni-fujitsu-lifebook-s936-donji-poklopac-baze-ram-vrata-za-pristup-originalni-dijelovi-za-prijenosno-racunalo\/","title":{"rendered":"Originalni Fujitsu LifeBook S936 donji poklopac baze RAM vrata za pristup &#8211; originalni dijelovi za prijenosno ra\u010dunalo"},"content":{"rendered":"<p><strong>MOLIMO VAS PROVJERITE FOTOGRAFIJU NA POPISU!<\/strong><\/p>\n<p>Pobolj\u0161ajte performanse i dugovje\u010dnost svog Fujitsu LifeBook S936 s originalnim donjim poklopcem baze RAM Memory Access Door. Ovaj originalni dio prijenosnog ra\u010dunala pomno je dizajniran kako bi besprijekorno odgovarao va\u0161em modelu S936, nude\u0107i prakti\u010dan pristup odjeljku za RAM.<\/p>\n<p>Izra\u0111en imaju\u0107i na umu preciznost i izdr\u017eljivost, ovaj donji osnovni poklopac ne samo da pru\u017ea za\u0161titno ku\u0107i\u0161te za unutarnje komponente va\u0161eg prijenosnog ra\u010dunala, ve\u0107 osigurava i optimalnu funkcionalnost. Dizajn jednostavan za instalaciju omogu\u0107uje vam da bez napora nadogradite ili zamijenite RAM memoriju, pridonose\u0107i pobolj\u0161anim performansama sustava.<\/p>\n<p>Za\u0161to odabrati originalne dijelove prijenosnog ra\u010dunala? Autenti\u010dnost je va\u017ena kada se radi o osiguravanju kompatibilnosti i performansi. Na\u0161 originalni Fujitsu LifeBook S936 Bottom Base Cover pouzdana je investicija u zdravlje va\u0161eg prijenosnog ra\u010dunala. Recite zbogom brigama o pristajanju ili funkcionalnosti \u2013 ova je maska projektirana kako bi zadovoljila Fujitsuove stroge standarde kvalitete.<\/p>\n<p>Imajte na umu da upute za instalaciju nisu prilo\u017eene, ali ako vam je potrebna pomo\u0107, slobodno se obratite. Ovdje smo da vam pomognemo da najbolje iskoristite svoju kupnju. Prave fotografije koje vidite u popisu to\u010dno prikazuju proizvod koji \u0107ete dobiti, pru\u017eaju\u0107i transparentnost i povjerenje u va\u0161u odluku o kupnji.<\/p>\n<p>Nadogradite svoje prijenosno ra\u010dunalo s povjerenjem \u2013 odaberite originalni Fujitsu LifeBook S936 Bottom Base Cover za besprijekoran spoj kvalitete, performansi i prakti\u010dnosti. Naru\u010dite sada i do\u017eivite razliku koju mogu napraviti originalni dijelovi za prijenosna ra\u010dunala.<\/p>\n","protected":false},"excerpt":{"rendered":"<p>Pobolj\u0161ajte i za\u0161titite svoj Fujitsu LifeBook S936 ovim originalnim donjim poklopcem. Posebno dizajnirana za va\u0161 model prijenosnog ra\u010dunala, ova pristupna vrata\u0161ca omogu\u0107uju prakti\u010dan pristup odjeljku RAM memorije. Izra\u0111en s precizno\u0161\u0107u, osigurava savr\u0161eno pristajanje za besprijekornu funkcionalnost. Originalni dijelovi prijenosnog ra\u010dunala za optimalne performanse i izdr\u017eljivost.<\/p>\n","protected":false},"featured_media":23475,"template":"","meta":[],"product_brand":[],"product_cat":[51],"product_tag":[63],"class_list":{"0":"post-23425","1":"product","2":"type-product","3":"status-publish","4":"has-post-thumbnail","6":"product_cat-laptop-housing","7":"product_tag-fujitsu","9":"first","10":"instock","11":"taxable","12":"shipping-taxable","13":"purchasable","14":"product-type-simple"},"_links":{"self":[{"href":"https:\/\/boreait.com\/hr\/wp-json\/wp\/v2\/product\/23425","targetHints":{"allow":["GET"]}}],"collection":[{"href":"https:\/\/boreait.com\/hr\/wp-json\/wp\/v2\/product"}],"about":[{"href":"https:\/\/boreait.com\/hr\/wp-json\/wp\/v2\/types\/product"}],"wp:featuredmedia":[{"embeddable":true,"href":"https:\/\/boreait.com\/hr\/wp-json\/wp\/v2\/media\/23475"}],"wp:attachment":[{"href":"https:\/\/boreait.com\/hr\/wp-json\/wp\/v2\/media?parent=23425"}],"wp:term":[{"taxonomy":"product_brand","embeddable":true,"href":"https:\/\/boreait.com\/hr\/wp-json\/wp\/v2\/product_brand?post=23425"},{"taxonomy":"product_cat","embeddable":true,"href":"https:\/\/boreait.com\/hr\/wp-json\/wp\/v2\/product_cat?post=23425"},{"taxonomy":"product_tag","embeddable":true,"href":"https:\/\/boreait.com\/hr\/wp-json\/wp\/v2\/product_tag?post=23425"}],"curies":[{"name":"wp","href":"https:\/\/api.w.org\/{rel}","templated":true}]}}