{"id":23410,"date":"2025-07-25T12:10:04","date_gmt":"2025-07-25T12:10:04","guid":{"rendered":"https:\/\/boreait.com\/hr\/?post_type=product&#038;p=23410"},"modified":"2025-07-25T12:10:58","modified_gmt":"2025-07-25T12:10:58","slug":"originalna-fujitsu-lifebook-s936-usb-ploca-i-kabel-cp693540-z5-rabljeni-dijelovi-za-prijenosno-racunalo","status":"publish","type":"product","link":"https:\/\/boreait.com\/hr\/product\/originalna-fujitsu-lifebook-s936-usb-ploca-i-kabel-cp693540-z5-rabljeni-dijelovi-za-prijenosno-racunalo\/","title":{"rendered":"Originalna Fujitsu LifeBook S936 USB plo\u010da i kabel CP693540-Z5 &#8211; rabljeni dijelovi za prijenosno ra\u010dunalo"},"content":{"rendered":"<p>Pove\u0107ajte funkcionalnost svog Fujitsu LifeBook S936 s na\u0161om originalnom USB plo\u010dom &amp; Kabel (Dio: CP693540-Z5). Izra\u0111en za izvrsnost, ovaj rabljeni dio prijenosnog ra\u010dunala jam\u010di pouzdanu povezanost i performanse.<\/p>\n<p><strong>Klju\u010dne zna\u010dajke:<\/strong><\/p>\n<ul>\n<li><strong>Kompatibilnost:<\/strong> Dizajnirano posebno za prijenosna ra\u010dunala Fujitsu LifeBook S936.<\/li>\n<li><strong>Prava kvaliteta:<\/strong> Ova USB plo\u010da &amp; Kabel je autenti\u010dna Fujitsu komponenta koja osigurava kompatibilnost i pouzdanost.<\/li>\n<li><strong>Optimalna povezivost:<\/strong> Vratite ili nadogradite USB funkcionalnost prijenosnog ra\u010dunala s ovim bitnim dijelom.<\/li>\n<li><strong>Rabljena, ali pouzdana:<\/strong> Iako je bila rabljena, ova je komponenta testirana na kvalitetu, \u0161to vas uvjerava u njezine performanse.<\/li>\n<\/ul>\n<p>Pobolj\u0161ajte mogu\u0107nosti svog prijenosnog ra\u010dunala bez kompromisa u kvaliteti. Pru\u017eamo stvarne fotografije to\u010dno onog dijela koji \u0107ete dobiti. Ako trebate pomo\u0107 ili imate bilo kakva pitanja, slobodno nam se obratite. Imajte na umu da ne dajemo upute za zamjenu, ali smo tu da vam pomognemo sa svim upitima koje imate.<\/p>\n<p>Nadogradite s povjerenjem &#8211; odaberite originalne Fujitsu dijelove iz Siggma. Va\u0161e zadovoljstvo na\u0161 je prioritet<\/p>\n","protected":false},"excerpt":{"rendered":"<p>Nadogradite svoj Fujitsu LifeBook S936 ovom autenti\u010dnom USB plo\u010dom &amp; Kabel (Dio: CP693540-Z5). Ovaj rabljeni, ali originalni dio prijenosnog ra\u010dunala osigurava optimalnu povezanost. Povjerite se u kvalitetne komponente za besprijekoran u\u010dinak<\/p>\n","protected":false},"featured_media":23474,"template":"","meta":[],"product_brand":[],"product_cat":[62],"product_tag":[63],"class_list":{"0":"post-23410","1":"product","2":"type-product","3":"status-publish","4":"has-post-thumbnail","6":"product_cat-motherboards-board-parts","7":"product_tag-fujitsu","9":"first","10":"instock","11":"taxable","12":"shipping-taxable","13":"purchasable","14":"product-type-simple"},"_links":{"self":[{"href":"https:\/\/boreait.com\/hr\/wp-json\/wp\/v2\/product\/23410","targetHints":{"allow":["GET"]}}],"collection":[{"href":"https:\/\/boreait.com\/hr\/wp-json\/wp\/v2\/product"}],"about":[{"href":"https:\/\/boreait.com\/hr\/wp-json\/wp\/v2\/types\/product"}],"wp:featuredmedia":[{"embeddable":true,"href":"https:\/\/boreait.com\/hr\/wp-json\/wp\/v2\/media\/23474"}],"wp:attachment":[{"href":"https:\/\/boreait.com\/hr\/wp-json\/wp\/v2\/media?parent=23410"}],"wp:term":[{"taxonomy":"product_brand","embeddable":true,"href":"https:\/\/boreait.com\/hr\/wp-json\/wp\/v2\/product_brand?post=23410"},{"taxonomy":"product_cat","embeddable":true,"href":"https:\/\/boreait.com\/hr\/wp-json\/wp\/v2\/product_cat?post=23410"},{"taxonomy":"product_tag","embeddable":true,"href":"https:\/\/boreait.com\/hr\/wp-json\/wp\/v2\/product_tag?post=23410"}],"curies":[{"name":"wp","href":"https:\/\/api.w.org\/{rel}","templated":true}]}}