{"id":23380,"date":"2025-07-25T12:09:38","date_gmt":"2025-07-25T12:09:38","guid":{"rendered":"https:\/\/boreait.com\/hr\/?post_type=product&#038;p=23380"},"modified":"2025-07-25T12:10:33","modified_gmt":"2025-07-25T12:10:33","slug":"originalni-interni-zvucnici-za-prijenosno-racunalo-hp-probook-430-g4-bx81satp10","status":"publish","type":"product","link":"https:\/\/boreait.com\/hr\/product\/originalni-interni-zvucnici-za-prijenosno-racunalo-hp-probook-430-g4-bx81satp10\/","title":{"rendered":"Originalni interni zvu\u010dnici za prijenosno ra\u010dunalo HP Probook 430 G4 &#8211; BX81SATP10"},"content":{"rendered":"<p>Nadogradite audio performanse va\u0161eg prijenosnog ra\u010dunala HP Probook 430 G4 s ovim originalnim unutarnjim zvu\u010dnicima. Izra\u0111eni da besprijekorno stanu u va\u0161e prijenosno ra\u010dunalo, ovi zvu\u010dnici pru\u017eaju autenti\u010dno audio iskustvo, osiguravaju\u0107i da jasno \u010dujete svaki detalj. Bilo da gledate videozapise, sudjelujete u virtualnim sastancima ili u\u017eivate u glazbi, ovi zvu\u010dnici pru\u017eaju iznimnu kvalitetu zvuka. HP broj dijela: BX81SATP10.<\/p>\n<p><strong>Klju\u010dne zna\u010dajke:<\/strong><\/p>\n<ul>\n<li><strong>Originalni HP dijelovi:<\/strong> Ovi interni zvu\u010dnici su originalne HP komponente, jam\u010de kompatibilnost i optimalnu izvedbu za va\u0161e prijenosno ra\u010dunalo Probook 430 G4.<\/li>\n<li><strong>Pobolj\u0161ajte multimedijsko iskustvo:<\/strong> U\u017eivajte u impresivnoj kvaliteti zvuka za videozapise, glazbu i virtualne sastanke. Ovi su zvu\u010dnici dizajnirani da nadopune multimedijske zna\u010dajke va\u0161eg prijenosnog ra\u010dunala.<\/li>\n<li><strong>Jednostavna instalacija:<\/strong> Nadogradite zvuk prijenosnog ra\u010dunala bez napora. Ovi su zvu\u010dnici dizajnirani za jednostavnu instalaciju i nisu potrebni posebni alati.<\/li>\n<li><strong>Kompatibilnost:<\/strong> Posebno dizajnirani za HP Probook 430 G4, ovi unutarnji zvu\u010dnici osiguravaju savr\u0161eno pristajanje, zadr\u017eavaju\u0107i elegantan dizajn va\u0161eg prijenosnog ra\u010dunala.<\/li>\n<li><strong>Pravi proizvod, stvarne fotografije:<\/strong> Slike proizvoda koje vidite originalne su fotografije zvu\u010dnika koje \u0107ete dobiti. Ono \u0161to vidite to i dobijete.<\/li>\n<\/ul>\n","protected":false},"excerpt":{"rendered":"<p>Nadogradite svoje audio iskustvo prijenosnog ra\u010dunala HP Probook 430 G4 s ovim originalnim unutarnjim zvu\u010dnicima. Dizajnirani posebno za va\u0161 model prijenosnog ra\u010dunala, ovi zvu\u010dnici daju kristalno \u010dist zvuk. Originalni HP dijelovi osiguravaju kompatibilnost i optimalnu izvedbu. Pobolj\u0161ajte svoje multimedijsko i komunikacijsko iskustvo ve\u0107 danas.<\/p>\n","protected":false},"featured_media":23442,"template":"","meta":[],"product_brand":[],"product_cat":[53],"product_tag":[60],"class_list":{"0":"post-23380","1":"product","2":"type-product","3":"status-publish","4":"has-post-thumbnail","6":"product_cat-laptop-speakers","7":"product_tag-hp","9":"first","10":"instock","11":"taxable","12":"shipping-taxable","13":"purchasable","14":"product-type-simple"},"_links":{"self":[{"href":"https:\/\/boreait.com\/hr\/wp-json\/wp\/v2\/product\/23380","targetHints":{"allow":["GET"]}}],"collection":[{"href":"https:\/\/boreait.com\/hr\/wp-json\/wp\/v2\/product"}],"about":[{"href":"https:\/\/boreait.com\/hr\/wp-json\/wp\/v2\/types\/product"}],"wp:featuredmedia":[{"embeddable":true,"href":"https:\/\/boreait.com\/hr\/wp-json\/wp\/v2\/media\/23442"}],"wp:attachment":[{"href":"https:\/\/boreait.com\/hr\/wp-json\/wp\/v2\/media?parent=23380"}],"wp:term":[{"taxonomy":"product_brand","embeddable":true,"href":"https:\/\/boreait.com\/hr\/wp-json\/wp\/v2\/product_brand?post=23380"},{"taxonomy":"product_cat","embeddable":true,"href":"https:\/\/boreait.com\/hr\/wp-json\/wp\/v2\/product_cat?post=23380"},{"taxonomy":"product_tag","embeddable":true,"href":"https:\/\/boreait.com\/hr\/wp-json\/wp\/v2\/product_tag?post=23380"}],"curies":[{"name":"wp","href":"https:\/\/api.w.org\/{rel}","templated":true}]}}