{"id":23352,"date":"2025-07-25T12:09:16","date_gmt":"2025-07-25T12:09:16","guid":{"rendered":"https:\/\/boreait.com\/hr\/?post_type=product&#038;p=23352"},"modified":"2025-07-25T12:10:11","modified_gmt":"2025-07-25T12:10:11","slug":"hp-elitebook-840-g7-originalna-wifi-kartica-za-prijenosno-racunalo-ax201ngw-intel-bezicna-nadogradnja","status":"publish","type":"product","link":"https:\/\/boreait.com\/hr\/product\/hp-elitebook-840-g7-originalna-wifi-kartica-za-prijenosno-racunalo-ax201ngw-intel-bezicna-nadogradnja\/","title":{"rendered":"HP EliteBook 840 G7 originalna WiFi kartica za prijenosno ra\u010dunalo AX201NGW Intel be\u017ei\u010dna nadogradnja"},"content":{"rendered":"<p>Otklju\u010dajte puni potencijal svog HP EliteBook 840 G7 s originalnom Intel be\u017ei\u010dnom WiFi karticom AX201NGW. Ovaj visokokvalitetni dio prijenosnog ra\u010dunala osigurava brzu i sigurnu be\u017ei\u010dnu vezu, omogu\u0107uju\u0107i vam da ostanete povezani gdje god idete.<\/p>\n<p><strong>Klju\u010dne zna\u010dajke:<\/strong><\/p>\n<ul>\n<li>Originalna Intelova WiFi kartica: Ovaj model AX201NGW je autenti\u010dna Intelova be\u017ei\u010dna WiFi kartica dizajnirana posebno za HP EliteBook 840 G7, osiguravaju\u0107i optimalnu kompatibilnost i performanse.<\/li>\n<li>Br\u017ee be\u017ei\u010dne brzine: Nadogradite na najnoviji WiFi standard za munjevito brze brzine, glatko strujanje i pouzdane veze.<\/li>\n<li>Jednostavna instalacija: izvorna priroda ove WiFi kartice jam\u010di proces instalacije bez muke. U\u017eivajte u besprijekornoj nadogradnji bez kompromisa u kvaliteti.<\/li>\n<li>Dostava diljem svijeta: Nudimo dostavu diljem svijeta, tako da bez obzira gdje se nalazite, mo\u017eete pobolj\u0161ati mogu\u0107nosti svog prijenosnog ra\u010dunala ovom originalnom Intel WiFi karticom.<\/li>\n<\/ul>\n<p><strong>Napomena kupcima:<\/strong><\/p>\n<ul>\n<li>Uradi sam: iako ne dajemo posebne upute za zamjenu, postupak instalacije je jednostavan. Ako imate pitanja ili trebate pomo\u0107, slobodno nam po\u0161aljite poruku.<\/li>\n<li>Prave fotografije proizvoda: Slike u ovom popisu stvarne su fotografije WiFi kartice koju \u0107ete dobiti. Ono \u0161to vidite to i dobijete.<\/li>\n<\/ul>\n<p>Nadogradite svoj HP EliteBook 840 G7 danas s originalnom Intel be\u017ei\u010dnom WiFi karticom AX201NGW i do\u017eivite novu razinu be\u017ei\u010dnih performansi za svoje prijenosno ra\u010dunalo. Ostanite povezani bez napora i u\u017eivajte u slobodi pouzdanog povezivanja dok ste u pokretu.<\/p>\n","protected":false},"excerpt":{"rendered":"<p>Nadogradite svoj HP EliteBook 840 G7 s ovom originalnom Intel be\u017ei\u010dnom WiFi karticom AX201NGW. U\u017eivajte u munjevito brzom i pouzdanom be\u017ei\u010dnom povezivanju za svoje prijenosno ra\u010dunalo. Originalni dio za besprijekornu kompatibilnost. Pobolj\u0161ajte performanse svog prijenosnog ra\u010dunala danas!<\/p>\n","protected":false},"featured_media":23415,"template":"","meta":[],"product_brand":[],"product_cat":[62],"product_tag":[60],"class_list":{"0":"post-23352","1":"product","2":"type-product","3":"status-publish","4":"has-post-thumbnail","6":"product_cat-motherboards-board-parts","7":"product_tag-hp","9":"first","10":"instock","11":"taxable","12":"shipping-taxable","13":"purchasable","14":"product-type-simple"},"_links":{"self":[{"href":"https:\/\/boreait.com\/hr\/wp-json\/wp\/v2\/product\/23352","targetHints":{"allow":["GET"]}}],"collection":[{"href":"https:\/\/boreait.com\/hr\/wp-json\/wp\/v2\/product"}],"about":[{"href":"https:\/\/boreait.com\/hr\/wp-json\/wp\/v2\/types\/product"}],"wp:featuredmedia":[{"embeddable":true,"href":"https:\/\/boreait.com\/hr\/wp-json\/wp\/v2\/media\/23415"}],"wp:attachment":[{"href":"https:\/\/boreait.com\/hr\/wp-json\/wp\/v2\/media?parent=23352"}],"wp:term":[{"taxonomy":"product_brand","embeddable":true,"href":"https:\/\/boreait.com\/hr\/wp-json\/wp\/v2\/product_brand?post=23352"},{"taxonomy":"product_cat","embeddable":true,"href":"https:\/\/boreait.com\/hr\/wp-json\/wp\/v2\/product_cat?post=23352"},{"taxonomy":"product_tag","embeddable":true,"href":"https:\/\/boreait.com\/hr\/wp-json\/wp\/v2\/product_tag?post=23352"}],"curies":[{"name":"wp","href":"https:\/\/api.w.org\/{rel}","templated":true}]}}