{"id":23351,"date":"2025-07-25T12:09:15","date_gmt":"2025-07-25T12:09:15","guid":{"rendered":"https:\/\/boreait.com\/hr\/?post_type=product&#038;p=23351"},"modified":"2025-07-25T12:10:10","modified_gmt":"2025-07-25T12:10:10","slug":"originalni-memorijski-poklopac-za-hp-elitebook-840-g8-dijelovi-prijenosnog-racunala","status":"publish","type":"product","link":"https:\/\/boreait.com\/hr\/product\/originalni-memorijski-poklopac-za-hp-elitebook-840-g8-dijelovi-prijenosnog-racunala\/","title":{"rendered":"Originalni memorijski poklopac za HP EliteBook 840 G8 &#8211; dijelovi prijenosnog ra\u010dunala"},"content":{"rendered":"<p>Pove\u0107ajte mogu\u0107nosti svog HP EliteBook 840 G8 s ovim originalnim omotom za memoriju. Napravljen od strane HP-a za preciznost i kompatibilnost, ovaj komplet dizajniran je za pobolj\u0161anje funkcionalnosti va\u0161eg prijenosnog ra\u010dunala.<\/p>\n<p><strong>Klju\u010dne zna\u010dajke:<\/strong><\/p>\n<ul>\n<li><strong>Poklopac memorije:<\/strong> Nadogradite memoriju prijenosnog ra\u010dunala neprimjetno pomo\u0107u originalnog HP poklopca memorije uklju\u010denog u ovaj komplet. Iskusite pobolj\u0161ane performanse i mogu\u0107nosti multitaskinga.<\/li>\n<\/ul>\n<p><strong>Kompatibilnost:<\/strong> Ovaj je komplet posebno dizajniran za model HP EliteBook 840 G8, osiguravaju\u0107i savr\u0161eno pristajanje i optimalne performanse.<\/p>\n<p><strong>Instalacija:<\/strong> Iako detaljne upute za instalaciju nisu navedene, ako nai\u0111ete na probleme ili imate pitanja tijekom postupka instalacije, slobodno nam se obratite. Ovdje smo da vam pomognemo. Imajte na umu da se profesionalna instalacija preporu\u010duje onima koji nisu upoznati s hardverom prijenosnog ra\u010dunala.<\/p>\n<p><strong>Zajam\u010dena autenti\u010dnost:<\/strong> Budite uvjereni da su sve komponente uklju\u010dene u ovaj komplet originalni HP dijelovi. Prioritet nam je autenti\u010dnost kako bismo pru\u017eili kvalitetu i pouzdanost koju o\u010dekujete od HP proizvoda.<\/p>\n<p><strong>Pravi proizvod, stvarne fotografije:<\/strong> Slike u ovom popisu stvarne su fotografije kompleta koji \u0107ete dobiti. Ono \u0161to vidite to i dobivate \u2013 originalni HP EliteBook 840 G8 Memory Cover.<\/p>\n","protected":false},"excerpt":{"rendered":"<p>Pobolj\u0161ajte svoj HP EliteBook 840 G8 ovim originalnim memorijskim omotom. Osigurajte optimalne performanse i sigurnost s autenti\u010dnim HP dijelovima. Kupite sada za besprijekornu nadogradnju!<\/p>\n","protected":false},"featured_media":23414,"template":"","meta":[],"product_brand":[],"product_cat":[51],"product_tag":[60],"class_list":{"0":"post-23351","1":"product","2":"type-product","3":"status-publish","4":"has-post-thumbnail","6":"product_cat-laptop-housing","7":"product_tag-hp","9":"first","10":"instock","11":"taxable","12":"shipping-taxable","13":"purchasable","14":"product-type-simple"},"_links":{"self":[{"href":"https:\/\/boreait.com\/hr\/wp-json\/wp\/v2\/product\/23351","targetHints":{"allow":["GET"]}}],"collection":[{"href":"https:\/\/boreait.com\/hr\/wp-json\/wp\/v2\/product"}],"about":[{"href":"https:\/\/boreait.com\/hr\/wp-json\/wp\/v2\/types\/product"}],"wp:featuredmedia":[{"embeddable":true,"href":"https:\/\/boreait.com\/hr\/wp-json\/wp\/v2\/media\/23414"}],"wp:attachment":[{"href":"https:\/\/boreait.com\/hr\/wp-json\/wp\/v2\/media?parent=23351"}],"wp:term":[{"taxonomy":"product_brand","embeddable":true,"href":"https:\/\/boreait.com\/hr\/wp-json\/wp\/v2\/product_brand?post=23351"},{"taxonomy":"product_cat","embeddable":true,"href":"https:\/\/boreait.com\/hr\/wp-json\/wp\/v2\/product_cat?post=23351"},{"taxonomy":"product_tag","embeddable":true,"href":"https:\/\/boreait.com\/hr\/wp-json\/wp\/v2\/product_tag?post=23351"}],"curies":[{"name":"wp","href":"https:\/\/api.w.org\/{rel}","templated":true}]}}