{"id":23327,"date":"2025-07-25T12:08:54","date_gmt":"2025-07-25T12:08:54","guid":{"rendered":"https:\/\/boreait.com\/hr\/?post_type=product&#038;p=23327"},"modified":"2026-01-19T14:17:20","modified_gmt":"2026-01-19T14:17:20","slug":"originalni-zvucnici-lenovo-thinkpad-z61t-l-r-4-pinski-kabel-visokokvalitetni-dijelovi-za-prijenosna-racunala","status":"publish","type":"product","link":"https:\/\/boreait.com\/hr\/product\/originalni-zvucnici-lenovo-thinkpad-z61t-l-r-4-pinski-kabel-visokokvalitetni-dijelovi-za-prijenosna-racunala\/","title":{"rendered":"Originalni zvu\u010dnici Lenovo ThinkPad Z61t L + R 4-pinski kabel | Visokokvalitetni dijelovi za prijenosna ra\u010dunala"},"content":{"rendered":"<p>Revitalizirajte svoj Lenovo ThinkPad Z61t s na\u0161im autenti\u010dnim zvu\u010dnicima \u2013 prava zamjena za audio sustav va\u0161eg prijenosnog ra\u010dunala. Ovaj set uklju\u010duje i lijevi i desni zvu\u010dnik, osiguravaju\u0107i uravnote\u017eeno i impresivno iskustvo zvuka. Prilo\u017eeni 4-pinski kabel pojednostavljuje postupak instalacije, \u010dine\u0107i ga dostupnim korisnicima s razli\u010ditim tehni\u010dkim znanjem.<\/p>\n<p><strong>Klju\u010dne zna\u010dajke:<\/strong><\/p>\n<ul>\n<li><strong>Kompatibilnost:<\/strong> Posebno dizajnirano za prijenosna ra\u010dunala Lenovo ThinkPad Z61t, jam\u010di savr\u0161eno pristajanje.<\/li>\n<li><strong>Zvuk visoke kvalitete:<\/strong> Vratite kvalitetu zvuka prijenosnog ra\u010dunala pomo\u0107u ovih zvu\u010dnika za jasan, dinami\u010dan zvuk.<\/li>\n<li><strong>Plug-and-Play:<\/strong> prilo\u017eeni 4-pinski kabel osigurava jednostavan postupak instalacije, \u010dak i za korisnike s ograni\u010denim tehni\u010dkim znanjem.<\/li>\n<li><strong>Originalni dijelovi:<\/strong> Autenti\u010dni Lenovo dijelovi za odr\u017eavanje integriteta i performansi va\u0161eg ure\u0111aja.<\/li>\n<li><strong>Kompatibilnost u cijelom svijetu:<\/strong> isporu\u010duje se globalno kako bismo kupcima diljem svijeta donijeli na\u0161e vrhunske dijelove za prijenosna ra\u010dunala.<\/li>\n<li><strong>Stru\u010dno testirano:<\/strong> Svaki je zvu\u010dnik pomno ispitan kako bi zadovoljio standarde visoke kvalitete, \u010dime se osigurava izdr\u017eljivost i dugovje\u010dnost.<\/li>\n<\/ul>\n<p><strong>Napomena:<\/strong> upute za instalaciju nisu uklju\u010dene, ali slobodno nam po\u0161aljite poruku ako vam je potrebna pomo\u0107. Slike proizvoda prikazuju prave zvu\u010dnike i kabele koje \u0107ete dobiti, pokazuju\u0107i na\u0161u predanost transparentnosti i kvaliteti.<\/p>\n<p>Nadogradite svoj Lenovo ThinkPad Z61t s povjerenjem, znaju\u0107i da ula\u017eete u originalne dijelove prijenosnog ra\u010dunala koji \u0107e unaprijediti va\u0161e audio iskustvo. Naru\u010dite sada i u\u017eivajte u vrhunskim performansama zvuka i pouzdanoj kompatibilnosti.<\/p>\n","protected":false},"excerpt":{"rendered":"<p>Pobolj\u0161ajte svoje Lenovo ThinkPad Z61t audio iskustvo s na\u0161im originalnim zvu\u010dnicima. Ovaj set uklju\u010duje i lijeve i desne zvu\u010dnike s 4-pinskim kabelom za jednostavnu instalaciju. U\u017eivajte u o\u0161troj i \u010distoj kvaliteti zvuka, vra\u0107aju\u0107i audio mogu\u0107nosti va\u0161eg prijenosnog ra\u010dunala do njihovog punog potencijala.<\/p>\n","protected":false},"featured_media":23389,"template":"","meta":[],"product_brand":[],"product_cat":[53],"product_tag":[61],"class_list":{"0":"post-23327","1":"product","2":"type-product","3":"status-publish","4":"has-post-thumbnail","6":"product_cat-laptop-speakers","7":"product_tag-lenovo","9":"first","10":"instock","11":"taxable","12":"shipping-taxable","13":"purchasable","14":"product-type-simple"},"_links":{"self":[{"href":"https:\/\/boreait.com\/hr\/wp-json\/wp\/v2\/product\/23327","targetHints":{"allow":["GET"]}}],"collection":[{"href":"https:\/\/boreait.com\/hr\/wp-json\/wp\/v2\/product"}],"about":[{"href":"https:\/\/boreait.com\/hr\/wp-json\/wp\/v2\/types\/product"}],"wp:featuredmedia":[{"embeddable":true,"href":"https:\/\/boreait.com\/hr\/wp-json\/wp\/v2\/media\/23389"}],"wp:attachment":[{"href":"https:\/\/boreait.com\/hr\/wp-json\/wp\/v2\/media?parent=23327"}],"wp:term":[{"taxonomy":"product_brand","embeddable":true,"href":"https:\/\/boreait.com\/hr\/wp-json\/wp\/v2\/product_brand?post=23327"},{"taxonomy":"product_cat","embeddable":true,"href":"https:\/\/boreait.com\/hr\/wp-json\/wp\/v2\/product_cat?post=23327"},{"taxonomy":"product_tag","embeddable":true,"href":"https:\/\/boreait.com\/hr\/wp-json\/wp\/v2\/product_tag?post=23327"}],"curies":[{"name":"wp","href":"https:\/\/api.w.org\/{rel}","templated":true}]}}