{"id":23321,"date":"2025-07-25T12:08:54","date_gmt":"2025-07-25T12:08:54","guid":{"rendered":"https:\/\/boreait.com\/hr\/?post_type=product&#038;p=23321"},"modified":"2026-01-19T14:14:58","modified_gmt":"2026-01-19T14:14:58","slug":"originalni-bluetooth-modul-lenovo-t61-j92182-39t0495-oem-dijelovi-za-prijenosna-racunala-dostava-sirom-svijeta","status":"publish","type":"product","link":"https:\/\/boreait.com\/hr\/product\/originalni-bluetooth-modul-lenovo-t61-j92182-39t0495-oem-dijelovi-za-prijenosna-racunala-dostava-sirom-svijeta\/","title":{"rendered":"Originalni Bluetooth modul Lenovo T61 J92182 39T0495 &#8211; OEM dijelovi za prijenosna ra\u010dunala &#8211; Dostava \u0161irom svijeta"},"content":{"rendered":"<p>Otklju\u010dajte naprednu povezanost za svoje prijenosno ra\u010dunalo Lenovo T61 s originalnim Bluetooth modulom (J92182 39T0495). Ovaj OEM dio prijenosnog ra\u010dunala dizajniran je za kompatibilnost i optimalnu izvedbu.<\/p>\n<p><strong>Klju\u010dne zna\u010dajke:<\/strong><\/p>\n<ul>\n<li>Originalni Bluetooth modul Lenovo T61<\/li>\n<li>Model: J92182 39T0495<\/li>\n<li>Pobolj\u0161ajte be\u017ei\u010dne mogu\u0107nosti svog prijenosnog ra\u010dunala<\/li>\n<li>Jednostavan za instaliranje za korisnike koji su upu\u0107eni u tehnologiju<\/li>\n<li>Dostupna dostava diljem svijeta<\/li>\n<\/ul>\n<p><strong>Kompatibilnost:<\/strong> Provjerite kompatibilnost sa svojim modelom Lenovo T61 provjerom broja dijela &#8211; J92182 39T0495. Ovaj Bluetooth modul posebno je izra\u0111en za besprijekornu integraciju u va\u0161e prijenosno ra\u010dunalo, pru\u017eaju\u0107i pouzdanu i u\u010dinkovitu nadogradnju.<\/p>\n<p><strong>Informacije o otpremi:<\/strong> Nudimo dostavu diljem svijeta radi va\u0161e udobnosti. Slike proizvoda koje vidite su stvarne fotografije, osiguravaju\u0107i da \u0107ete dobiti to\u010dno ono \u0161to o\u010dekujete.<\/p>\n<p><strong>Napomena:<\/strong> Ne dajemo upute za instalaciju, ali slobodno se obratite ako imate pitanja ili trebate pomo\u0107. Ovdje smo da vam pomognemo da najbolje iskoristite svoju kupnju.<\/p>\n<p>Nadogradite svoj Lenovo T61 danas originalnim Bluetooth modulom (J92182 39T0495). Naru\u010dite sada za pobolj\u0161anu povezanost i besprijekorno korisni\u010dko iskustvo.<\/p>\n","protected":false},"excerpt":{"rendered":"<p>Pobolj\u0161ajte povezivost svog prijenosnog ra\u010dunala s originalnim Lenovo T61 Bluetooth modulom (J92182 39T0495). Ovaj OEM dio prijenosnog ra\u010dunala osigurava besprijekornu integraciju i pouzdan rad. Nadogradite svoj Lenovo T61 bez napora. Dostupna dostava diljem svijeta. Stvarne fotografije proizvoda za transparentnost.<\/p>\n","protected":false},"featured_media":23382,"template":"","meta":[],"product_brand":[],"product_cat":[62],"product_tag":[61],"class_list":{"0":"post-23321","1":"product","2":"type-product","3":"status-publish","4":"has-post-thumbnail","6":"product_cat-motherboards-board-parts","7":"product_tag-lenovo","9":"first","10":"instock","11":"taxable","12":"shipping-taxable","13":"purchasable","14":"product-type-simple"},"_links":{"self":[{"href":"https:\/\/boreait.com\/hr\/wp-json\/wp\/v2\/product\/23321","targetHints":{"allow":["GET"]}}],"collection":[{"href":"https:\/\/boreait.com\/hr\/wp-json\/wp\/v2\/product"}],"about":[{"href":"https:\/\/boreait.com\/hr\/wp-json\/wp\/v2\/types\/product"}],"wp:featuredmedia":[{"embeddable":true,"href":"https:\/\/boreait.com\/hr\/wp-json\/wp\/v2\/media\/23382"}],"wp:attachment":[{"href":"https:\/\/boreait.com\/hr\/wp-json\/wp\/v2\/media?parent=23321"}],"wp:term":[{"taxonomy":"product_brand","embeddable":true,"href":"https:\/\/boreait.com\/hr\/wp-json\/wp\/v2\/product_brand?post=23321"},{"taxonomy":"product_cat","embeddable":true,"href":"https:\/\/boreait.com\/hr\/wp-json\/wp\/v2\/product_cat?post=23321"},{"taxonomy":"product_tag","embeddable":true,"href":"https:\/\/boreait.com\/hr\/wp-json\/wp\/v2\/product_tag?post=23321"}],"curies":[{"name":"wp","href":"https:\/\/api.w.org\/{rel}","templated":true}]}}