{"id":23320,"date":"2025-07-25T12:08:53","date_gmt":"2025-07-25T12:08:53","guid":{"rendered":"https:\/\/boreait.com\/hr\/?post_type=product&#038;p=23320"},"modified":"2025-07-25T12:09:36","modified_gmt":"2025-07-25T12:09:36","slug":"lenovo-thinkpad-z61t-lcd-sarke-lijevo-desno-set-bv2-3a-070424-070415-dijelovi-prijenosnog-racunala","status":"publish","type":"product","link":"https:\/\/boreait.com\/hr\/product\/lenovo-thinkpad-z61t-lcd-sarke-lijevo-desno-set-bv2-3a-070424-070415-dijelovi-prijenosnog-racunala\/","title":{"rendered":"Lenovo ThinkPad Z61t LCD \u0161arke lijevo desno Set BV2-3A 070424 070415 Dijelovi prijenosnog ra\u010dunala"},"content":{"rendered":"<p>Nadogradite i revitalizirajte svoje prijenosno ra\u010dunalo Lenovo ThinkPad Z61t s na\u0161im originalnim LCD \u0161arkama. Ove visokokvalitetne \u0161arke, koje se sastoje od lijeve (BV2-3A 070424) i desne (BV2-3A 070415) komponente, savr\u0161eno su rje\u0161enje za zaslon koji se vi\u0161e ne otvara i zatvara glatko.<\/p>\n<p>Izra\u0111ene prema to\u010dnim specifikacijama Lenova, ove \u0161arke jam\u010de precizno pristajanje i pouzdanu izvedbu. Brojevi modela BV2-3A 070424 i 070415 osiguravaju kompatibilnost s va\u0161im prijenosnim ra\u010dunalom Z61t.<\/p>\n<p>Za\u0161to odabrati originalne Lenovo dijelove? Na\u0161e su \u0161arke dizajnirane za izdr\u017eljivost i dugotrajnost, pru\u017eaju\u0107i stabilnu osnovu za zaslon va\u0161eg prijenosnog ra\u010dunala. Nemojte raditi kompromise po pitanju kvalitete; ulo\u017eite u komponente dizajnirane kako bi va\u0161e prijenosno ra\u010dunalo radilo glatko.<\/p>\n<p>Instalacija je jednostavna za one s tehni\u010dkim znanjem i iskustvom, i iako ne dajemo posebne upute za zamjenu, tu smo da vam pomognemo ako imate bilo kakvih pitanja.<\/p>\n<p>Naru\u010dite sada i u\u017eivajte u pogodnostima dostave diljem svijeta. Fotografije u popisu su stvarne i prikazuju to\u010dne \u0161arke koje \u0107ete dobiti. Vjerujte u kvalitetu tvrtke Lenovo za besprijekoran popravak ili nadogradnju prijenosnog ra\u010dunala.<\/p>\n","protected":false},"excerpt":{"rendered":"<p>Zamijenite svoje dotrajale \u0161arke ovim originalnim setom LCD \u0161arki Lenovo ThinkPad Z61t. Ovaj set uklju\u010duje lijeve i desne \u0161arke, BV2-3A 070424 i 070415, osiguravaju\u0107i savr\u0161eno pristajanje va\u0161em prijenosnom ra\u010dunalu. Vratite stabilnost svom ekranu i u\u017eivajte u glatkom otvaranju i zatvaranju. Vjerujte originalnim dijelovima za izdr\u017eljivost i kompatibilnost. Dostupna dostava diljem svijeta.<\/p>\n","protected":false},"featured_media":23370,"template":"","meta":[],"product_brand":[],"product_cat":[54],"product_tag":[61],"class_list":{"0":"post-23320","1":"product","2":"type-product","3":"status-publish","4":"has-post-thumbnail","6":"product_cat-screen-hinge","7":"product_tag-lenovo","9":"first","10":"instock","11":"taxable","12":"shipping-taxable","13":"purchasable","14":"product-type-simple"},"_links":{"self":[{"href":"https:\/\/boreait.com\/hr\/wp-json\/wp\/v2\/product\/23320","targetHints":{"allow":["GET"]}}],"collection":[{"href":"https:\/\/boreait.com\/hr\/wp-json\/wp\/v2\/product"}],"about":[{"href":"https:\/\/boreait.com\/hr\/wp-json\/wp\/v2\/types\/product"}],"wp:featuredmedia":[{"embeddable":true,"href":"https:\/\/boreait.com\/hr\/wp-json\/wp\/v2\/media\/23370"}],"wp:attachment":[{"href":"https:\/\/boreait.com\/hr\/wp-json\/wp\/v2\/media?parent=23320"}],"wp:term":[{"taxonomy":"product_brand","embeddable":true,"href":"https:\/\/boreait.com\/hr\/wp-json\/wp\/v2\/product_brand?post=23320"},{"taxonomy":"product_cat","embeddable":true,"href":"https:\/\/boreait.com\/hr\/wp-json\/wp\/v2\/product_cat?post=23320"},{"taxonomy":"product_tag","embeddable":true,"href":"https:\/\/boreait.com\/hr\/wp-json\/wp\/v2\/product_tag?post=23320"}],"curies":[{"name":"wp","href":"https:\/\/api.w.org\/{rel}","templated":true}]}}