{"id":23319,"date":"2025-07-25T12:08:53","date_gmt":"2025-07-25T12:08:53","guid":{"rendered":"https:\/\/boreait.com\/hr\/?post_type=product&#038;p=23319"},"modified":"2025-07-25T12:09:35","modified_gmt":"2025-07-25T12:09:35","slug":"oem-lenovo-thinkpad-z61t-okvir-oslonca-za-dlanove-s-touchpadom-41w4841-originalni-zamjenski-dijelovi-za-prijenosno-racunalo","status":"publish","type":"product","link":"https:\/\/boreait.com\/hr\/product\/oem-lenovo-thinkpad-z61t-okvir-oslonca-za-dlanove-s-touchpadom-41w4841-originalni-zamjenski-dijelovi-za-prijenosno-racunalo\/","title":{"rendered":"OEM Lenovo ThinkPad Z61t okvir oslonca za dlanove s touchpadom 41W4841 Originalni zamjenski dijelovi za prijenosno ra\u010dunalo"},"content":{"rendered":"<p>Pobolj\u0161ajte funkcionalnost i estetiku va\u0161eg Lenovo ThinkPad Z61t s na\u0161im OEM okvirom za oslonac za dlanove, zajedno s pouzdanim ugra\u0111enim Touchpadom. Izra\u0111en za preciznost i izdr\u017eljivost, ovaj originalni zamjenski dio (41W4841) osigurava besprijekorno pristajanje i performanse.<\/p>\n<p><strong>Kompatibilnost:<\/strong><\/p>\n<ul>\n<li>Kompatibilno s Lenovo ThinkPad Z61t serijom<\/li>\n<li>Broj OEM dijela: 41W4841<\/li>\n<li>Identi\u010dan originalnom okviru za oslonac za dlanove koji ste dobili s va\u0161im prijenosnim ra\u010dunalom<\/li>\n<\/ul>\n<p><strong>Klju\u010dne zna\u010dajke:<\/strong><\/p>\n<ul>\n<li>Izdr\u017eljiva konstrukcija za dugotrajnu upotrebu<\/li>\n<li>Integrirana dodirna podloga za glatku navigaciju<\/li>\n<li>Jamstvo autenti\u010dne OEM kvalitete<\/li>\n<li>Jednostavna instalacija \u2013 nadogradite svoje prijenosno ra\u010dunalo bez napora<\/li>\n<\/ul>\n<p><strong>Za\u0161to odabrati Siggmo?<\/strong> U Siggmu smo ponosni na pru\u017eanje vrhunskih dijelova za prijenosna ra\u010dunala kupcima u Europi i \u0161irom svijeta. Na\u0161 okvir za oslonac za dlanove Lenovo ThinkPad Z61t nije iznimka. Uz stvarne fotografije koje prikazuju stvarni dio koji \u0107ete dobiti, osiguravamo transparentnost i povjerenje u va\u0161u kupnju.<\/p>\n<p>Nadogradite svoje prijenosno ra\u010dunalo neprimjetno uz Siggmo. Ne dajemo upute korak po korak za zamjenu dijelova, ali smo tu da vam pomognemo. Slobodno nam se obratite za sve dodatne informacije ili podr\u0161ku.<\/p>\n<p>Ula\u017eite u kvalitetu, ula\u017eite u Siggmo \u2013 va\u0161e pouzdano odredi\u0161te za originalne dijelove za prijenosna ra\u010dunala. Naru\u010dite svoju sada i osjetite razliku!<\/p>\n","protected":false},"excerpt":{"rendered":"<p>Unaprijedite svoj Lenovo ThinkPad Z61t s ovim originalnim OEM okvirom za oslonac za dlan koji ima ugra\u0111enu podlogu osjetljivu na dodir. S lako\u0107om zamijenite istro\u0161eni ili o\u0161te\u0107eni dio. Kvaliteta zajam\u010dena u Siggmu &#8211; Va\u0161em pouzdanom izvoru za dijelove prijenosnih ra\u010dunala.<\/p>\n","protected":false},"featured_media":23368,"template":"","meta":[],"product_brand":[],"product_cat":[62],"product_tag":[61],"class_list":{"0":"post-23319","1":"product","2":"type-product","3":"status-publish","4":"has-post-thumbnail","6":"product_cat-motherboards-board-parts","7":"product_tag-lenovo","9":"first","10":"instock","11":"taxable","12":"shipping-taxable","13":"purchasable","14":"product-type-simple"},"_links":{"self":[{"href":"https:\/\/boreait.com\/hr\/wp-json\/wp\/v2\/product\/23319","targetHints":{"allow":["GET"]}}],"collection":[{"href":"https:\/\/boreait.com\/hr\/wp-json\/wp\/v2\/product"}],"about":[{"href":"https:\/\/boreait.com\/hr\/wp-json\/wp\/v2\/types\/product"}],"wp:featuredmedia":[{"embeddable":true,"href":"https:\/\/boreait.com\/hr\/wp-json\/wp\/v2\/media\/23368"}],"wp:attachment":[{"href":"https:\/\/boreait.com\/hr\/wp-json\/wp\/v2\/media?parent=23319"}],"wp:term":[{"taxonomy":"product_brand","embeddable":true,"href":"https:\/\/boreait.com\/hr\/wp-json\/wp\/v2\/product_brand?post=23319"},{"taxonomy":"product_cat","embeddable":true,"href":"https:\/\/boreait.com\/hr\/wp-json\/wp\/v2\/product_cat?post=23319"},{"taxonomy":"product_tag","embeddable":true,"href":"https:\/\/boreait.com\/hr\/wp-json\/wp\/v2\/product_tag?post=23319"}],"curies":[{"name":"wp","href":"https:\/\/api.w.org\/{rel}","templated":true}]}}