{"id":23298,"date":"2025-07-25T12:08:30","date_gmt":"2025-07-25T12:08:30","guid":{"rendered":"https:\/\/boreait.com\/hr\/?post_type=product&#038;p=23298"},"modified":"2026-01-19T14:14:13","modified_gmt":"2026-01-19T14:14:13","slug":"originalni-lenovo-ideapad-g70-80z70b70-80-usb-citac-kartica-uticnica-za-slusalice-dijelovi-ploce-prijenosnog-racunala","status":"publish","type":"product","link":"https:\/\/boreait.com\/hr\/product\/originalni-lenovo-ideapad-g70-80z70b70-80-usb-citac-kartica-uticnica-za-slusalice-dijelovi-ploce-prijenosnog-racunala\/","title":{"rendered":"Originalni Lenovo IdeaPad G70-80Z70B70-80 USB \u010dita\u010d kartica uti\u010dnica za slu\u0161alice dijelovi plo\u010de prijenosnog ra\u010dunala"},"content":{"rendered":"<p>Nadogradite svoj Lenovo IdeaPad G70-80\/Z70\/B70-80 s na\u0161om originalnom plo\u010dom s uti\u010dnicom za slu\u0161alice s \u010dita\u010dem USB kartica, dizajniranom za pru\u017eanje optimalnih performansi i povezivosti. Ova je plo\u010da savr\u0161ena zamjena za o\u0161te\u0107ene ili neispravne dijelove, osiguravaju\u0107i da va\u0161e prijenosno ra\u010dunalo radi u najboljem izdanju.<\/p>\n<p><strong>Klju\u010dne zna\u010dajke:<\/strong><\/p>\n<ul>\n<li>Originalni Lenovo dio: Ova je plo\u010da autenti\u010dni Lenovo proizvod koji osigurava kompatibilnost i pouzdanost.<\/li>\n<li>USB \u010dita\u010d kartica: Prakti\u010dno prenesite podatke sa svojih kartica pomo\u0107u ugra\u0111enog \u010dita\u010da kartica.<\/li>\n<li>Uti\u010dnica za slu\u0161alice: u\u017eivajte u kristalno \u010distom zvuku s integriranom uti\u010dnicom za slu\u0161alice.<\/li>\n<li>Kompatibilnost: posebno dizajnirano za modele Lenovo IdeaPad G70-80, Z70 i B70-80.<\/li>\n<\/ul>\n<p><strong>Jednostavna instalacija:<\/strong> Instalacija ove plo\u010de je jednostavna i nisu potrebne posebne upute. Ako imate pitanja ili trebate pomo\u0107, slobodno nam po\u0161aljite poruku. Iako ne pru\u017eamo upute korak po korak, tu smo da vam pomognemo s bilo kakvim upitima.<\/p>\n<p><strong>Pravi proizvod, stvarna izvedba:<\/strong> Fotografije u ovom popisu originalne su slike proizvoda koji \u0107ete dobiti. Ponosimo se pru\u017eanjem to\u010dnih prikaza, tako da mo\u017eete biti sigurni u svoju kupnju.<\/p>\n<p><strong>Dostava diljem svijeta:<\/strong> Siggmo je va\u0161e odredi\u0161te za kvalitetne dijelove prijenosnih ra\u010dunala. Dostavljamo diljem svijeta, osiguravaju\u0107i da dobijete potrebne komponente, gdje god se nalazili.<\/p>\n<p>Nadogradite svoje prijenosno ra\u010dunalo s povjerenjem. Naru\u010dite sada originalni Lenovo IdeaPad G70-80\/Z70\/B70-80 USB \u010dita\u010d kartica za uti\u010dnicu za slu\u0161alice i do\u017eivite besprijekorno povezivanje i pobolj\u0161anu funkcionalnost.<\/p>\n","protected":false},"excerpt":{"rendered":"<p>Pobolj\u0161ajte svoj Lenovo IdeaPad G70-80\/Z70\/B70-80 ovom originalnom USB plo\u010dom s uti\u010dnicom za slu\u0161alice \u010dita\u010da kartica. Savr\u0161ena zamjena za neispravnu ili o\u0161te\u0107enu plo\u010du. Kupite sada za pouzdane performanse i besprijekorno povezivanje. Dijelovi prijenosnih ra\u010dunala isporu\u010deni \u0161irom svijeta sa Siggmo.com.<\/p>\n","protected":false},"featured_media":23357,"template":"","meta":[],"product_brand":[],"product_cat":[62],"product_tag":[61],"class_list":{"0":"post-23298","1":"product","2":"type-product","3":"status-publish","4":"has-post-thumbnail","6":"product_cat-motherboards-board-parts","7":"product_tag-lenovo","9":"first","10":"instock","11":"taxable","12":"shipping-taxable","13":"purchasable","14":"product-type-simple"},"_links":{"self":[{"href":"https:\/\/boreait.com\/hr\/wp-json\/wp\/v2\/product\/23298","targetHints":{"allow":["GET"]}}],"collection":[{"href":"https:\/\/boreait.com\/hr\/wp-json\/wp\/v2\/product"}],"about":[{"href":"https:\/\/boreait.com\/hr\/wp-json\/wp\/v2\/types\/product"}],"wp:featuredmedia":[{"embeddable":true,"href":"https:\/\/boreait.com\/hr\/wp-json\/wp\/v2\/media\/23357"}],"wp:attachment":[{"href":"https:\/\/boreait.com\/hr\/wp-json\/wp\/v2\/media?parent=23298"}],"wp:term":[{"taxonomy":"product_brand","embeddable":true,"href":"https:\/\/boreait.com\/hr\/wp-json\/wp\/v2\/product_brand?post=23298"},{"taxonomy":"product_cat","embeddable":true,"href":"https:\/\/boreait.com\/hr\/wp-json\/wp\/v2\/product_cat?post=23298"},{"taxonomy":"product_tag","embeddable":true,"href":"https:\/\/boreait.com\/hr\/wp-json\/wp\/v2\/product_tag?post=23298"}],"curies":[{"name":"wp","href":"https:\/\/api.w.org\/{rel}","templated":true}]}}