{"id":23295,"date":"2025-07-25T12:08:29","date_gmt":"2025-07-25T12:08:29","guid":{"rendered":"https:\/\/boreait.com\/hr\/?post_type=product&#038;p=23295"},"modified":"2025-07-25T12:09:12","modified_gmt":"2025-07-25T12:09:12","slug":"zamjena-originalnih-ibm-lenovo-b70-80-lcd-straznjih-gornjih-poklopaca-za-dijelove-prijenosnog-racunala","status":"publish","type":"product","link":"https:\/\/boreait.com\/hr\/product\/zamjena-originalnih-ibm-lenovo-b70-80-lcd-straznjih-gornjih-poklopaca-za-dijelove-prijenosnog-racunala\/","title":{"rendered":"Zamjena originalnih IBM Lenovo B70-80 LCD stra\u017enjih gornjih poklopaca za dijelove prijenosnog ra\u010dunala"},"content":{"rendered":"<p>Pobolj\u0161ajte vizualnu privla\u010dnost i funkcionalnost va\u0161eg prijenosnog ra\u010dunala IBM Lenovo B70-80 s na\u0161im autenti\u010dnim zamjenskim stra\u017enjim poklopcem LCD zaslona. Izra\u0111ena s precizno\u0161\u0107u, ova navlaka jam\u010di besprijekorno pristajanje, vra\u0107aju\u0107i elegantan dizajn koji volite.<\/p>\n<p><strong>Kompatibilnost:<\/strong><\/p>\n<ul>\n<li>Posebno dizajniran za modele IBM Lenovo B70-80, osiguravaju\u0107i savr\u0161eno pristajanje.<\/li>\n<li>Autenti\u010dnost zajam\u010dena \u2013 vjerujte samo originalnim dijelovima za svoje prijenosno ra\u010dunalo.<\/li>\n<\/ul>\n<p><strong>Kvalitetni materijali:<\/strong><\/p>\n<ul>\n<li>Izra\u0111en od visokokvalitetnih materijala koji osiguravaju izdr\u017eljivost i dugovje\u010dnost.<\/li>\n<li>Dizajniran da izdr\u017ei svakodnevno tro\u0161enje i habanje, pru\u017eaju\u0107i pouzdanu za\u0161titu LCD-u va\u0161eg prijenosnog ra\u010dunala.<\/li>\n<\/ul>\n<p><strong>Jednostavna instalacija:<\/strong><\/p>\n<ul>\n<li>Zamjena DIY \u2013 nema potrebe za profesionalnom instalacijom.<\/li>\n<li>Nisu navedene detaljne upute, ali slobodno nam po\u0161aljite poruku ako trebate bilo kakvu pomo\u0107.<\/li>\n<\/ul>\n<p><strong>Brza dostava:<\/strong><\/p>\n<ul>\n<li>Razumijemo hitnost vra\u0107anja va\u0161eg prijenosnog ra\u010dunala u formu. U\u017eivajte u brzim i pouzdanim uslugama dostave.<\/li>\n<\/ul>\n<p><strong>Prave fotografije proizvoda:<\/strong><\/p>\n<ul>\n<li>Fotografije u ovom popisu originalne su slike proizvoda koji \u0107ete dobiti.<\/li>\n<li>Ono \u0161to vidite to i dobivate \u2013 bez iznena\u0111enja, samo kvaliteta.<\/li>\n<\/ul>\n<p>Nadogradite svoj IBM Lenovo B70-80 s povjerenjem. O\u017eivite vizualni \u0161arm svog prijenosnog ra\u010dunala i do\u017eivite radost besprijekorno zamijenjenog gornjeg stra\u017enjeg poklopca LCD-a. Ako imate bilo kakvih pitanja ili trebate dodatnu pomo\u0107, ne ustru\u010davajte se obratiti nam se. Va\u0161e zadovoljstvo na\u0161 je prioritet.<\/p>\n","protected":false},"excerpt":{"rendered":"<p>Nadogradite estetiku svog prijenosnog ra\u010dunala s ovim originalnim IBM Lenovo B70-80 LCD stra\u017enjim gornjim poklopcem. Izra\u0111en za preciznost i izdr\u017eljivost, osigurava savr\u0161eno pristajanje va\u0161em modelu B70-80. Vratite elegantan izgled svom prijenosnom ra\u010dunalu i u\u017eivajte u povjerenju koje dolazi s originalnim zamjenskim dijelovima.<\/p>\n","protected":false},"featured_media":23340,"template":"","meta":[],"product_brand":[],"product_cat":[51],"product_tag":[61],"class_list":{"0":"post-23295","1":"product","2":"type-product","3":"status-publish","4":"has-post-thumbnail","6":"product_cat-laptop-housing","7":"product_tag-lenovo","9":"first","10":"instock","11":"taxable","12":"shipping-taxable","13":"purchasable","14":"product-type-simple"},"_links":{"self":[{"href":"https:\/\/boreait.com\/hr\/wp-json\/wp\/v2\/product\/23295","targetHints":{"allow":["GET"]}}],"collection":[{"href":"https:\/\/boreait.com\/hr\/wp-json\/wp\/v2\/product"}],"about":[{"href":"https:\/\/boreait.com\/hr\/wp-json\/wp\/v2\/types\/product"}],"wp:featuredmedia":[{"embeddable":true,"href":"https:\/\/boreait.com\/hr\/wp-json\/wp\/v2\/media\/23340"}],"wp:attachment":[{"href":"https:\/\/boreait.com\/hr\/wp-json\/wp\/v2\/media?parent=23295"}],"wp:term":[{"taxonomy":"product_brand","embeddable":true,"href":"https:\/\/boreait.com\/hr\/wp-json\/wp\/v2\/product_brand?post=23295"},{"taxonomy":"product_cat","embeddable":true,"href":"https:\/\/boreait.com\/hr\/wp-json\/wp\/v2\/product_cat?post=23295"},{"taxonomy":"product_tag","embeddable":true,"href":"https:\/\/boreait.com\/hr\/wp-json\/wp\/v2\/product_tag?post=23295"}],"curies":[{"name":"wp","href":"https:\/\/api.w.org\/{rel}","templated":true}]}}