{"id":23273,"date":"2025-07-25T12:08:05","date_gmt":"2025-07-25T12:08:05","guid":{"rendered":"https:\/\/boreait.com\/hr\/?post_type=product&#038;p=23273"},"modified":"2026-01-19T13:57:20","modified_gmt":"2026-01-19T13:57:20","slug":"ls-8134p-lenovo-thinkpad-edge-e430-ploca-citaca-otiska-prsta-w-caddy-grade-a-dijelovi-prijenosnog-racunala","status":"publish","type":"product","link":"https:\/\/boreait.com\/hr\/product\/ls-8134p-lenovo-thinkpad-edge-e430-ploca-citaca-otiska-prsta-w-caddy-grade-a-dijelovi-prijenosnog-racunala\/","title":{"rendered":"LS-8134P Lenovo ThinkPad Edge E430 plo\u010da \u010dita\u010da otiska prsta w Caddy Grade A dijelovi prijenosnog ra\u010dunala"},"content":{"rendered":"<p>Nadogradite svoj Lenovo ThinkPad Edge E430 s na\u0161om plo\u010dom za \u010ditanje otisaka prstiju razreda A LS-8134P. Ovaj originalni i visokokvalitetni dio za prijenosno ra\u010dunalo osigurava pobolj\u0161ano sigurnosno iskustvo za va\u0161e prijenosno ra\u010dunalo. Prilo\u017eeni nosa\u010d \u010dini instalaciju jednostavnom, omogu\u0107uju\u0107i vam da neprimjetno integrirate ovaj \u010dita\u010d otiska prsta u svoj sustav.<\/p>\n<p><strong>Pojedinosti o proizvodu:<\/strong><\/p>\n<ul>\n<li><strong>Kompatibilnost:<\/strong> Dizajnirano za Lenovo ThinkPad Edge E430<\/li>\n<li><strong>Stanje:<\/strong> Ocjena A &#8211; Izvrsno stanje, osigurava vrhunsku izvedbu.<\/li>\n<li><strong>Pobolj\u0161ana sigurnost:<\/strong> \u010cita\u010d otisaka prstiju dodaje dodatni sloj sigurnosti va\u0161em prijenosnom ra\u010dunalu, \u0161tite\u0107i va\u0161e podatke i osiguravaju\u0107i bezbri\u017enost.<\/li>\n<li><strong>Jednostavna instalacija:<\/strong> Prilo\u017eeni nosa\u010d pojednostavljuje postupak instalacije, \u010dine\u0107i ga jednostavnim \u010dak i za one s ograni\u010denom tehni\u010dkom stru\u010dno\u0161\u0107u.<\/li>\n<li><strong>Kompatibilnost u cijelom svijetu:<\/strong> Prikladno za upotrebu u cijelom svijetu, s fokusom na europske kupce.<\/li>\n<\/ul>\n<p>Bilo da \u017eelite zamijeniti neispravan \u010dita\u010d otiska prsta ili nadograditi svoj sustav, na\u0161a plo\u010da \u010dita\u010da otiska prsta razreda A LS-8134P idealan je izbor. Imajte na umu da iako ne dajemo upute za instalaciju, tu smo da vam pomognemo. Slobodno se obratite ako imate pitanja ili trebate dodatnu pomo\u0107.<\/p>\n<p><em>Napomena: fotografije proizvoda koje vidite stvarne su slike dijelova koje \u0107ete dobiti. Kupujte s povjerenjem i nadogradite svoje prijenosno ra\u010dunalo originalnim i pouzdanim dijelovima za prijenosno ra\u010dunalo tvrtke siggmo.<\/em><\/p>\n","protected":false},"excerpt":{"rendered":"<p>Pobolj\u0161ajte sigurnosne zna\u010dajke va\u0161eg Lenovo ThinkPad Edge E430 s ovom plo\u010dom s \u010dita\u010dem otisaka prstiju razreda A LS-8134P. Uklju\u010duje prakti\u010dan nosa\u010d za besprijekornu instalaciju. Autenti\u010dni i visokokvalitetni dijelovi prijenosnog ra\u010dunala za optimalne performanse.<\/p>\n","protected":false},"featured_media":23330,"template":"","meta":[],"product_brand":[],"product_cat":[62],"product_tag":[61],"class_list":{"0":"post-23273","1":"product","2":"type-product","3":"status-publish","4":"has-post-thumbnail","6":"product_cat-motherboards-board-parts","7":"product_tag-lenovo","9":"first","10":"instock","11":"taxable","12":"shipping-taxable","13":"purchasable","14":"product-type-simple"},"_links":{"self":[{"href":"https:\/\/boreait.com\/hr\/wp-json\/wp\/v2\/product\/23273","targetHints":{"allow":["GET"]}}],"collection":[{"href":"https:\/\/boreait.com\/hr\/wp-json\/wp\/v2\/product"}],"about":[{"href":"https:\/\/boreait.com\/hr\/wp-json\/wp\/v2\/types\/product"}],"wp:featuredmedia":[{"embeddable":true,"href":"https:\/\/boreait.com\/hr\/wp-json\/wp\/v2\/media\/23330"}],"wp:attachment":[{"href":"https:\/\/boreait.com\/hr\/wp-json\/wp\/v2\/media?parent=23273"}],"wp:term":[{"taxonomy":"product_brand","embeddable":true,"href":"https:\/\/boreait.com\/hr\/wp-json\/wp\/v2\/product_brand?post=23273"},{"taxonomy":"product_cat","embeddable":true,"href":"https:\/\/boreait.com\/hr\/wp-json\/wp\/v2\/product_cat?post=23273"},{"taxonomy":"product_tag","embeddable":true,"href":"https:\/\/boreait.com\/hr\/wp-json\/wp\/v2\/product_tag?post=23273"}],"curies":[{"name":"wp","href":"https:\/\/api.w.org\/{rel}","templated":true}]}}