{"id":23247,"date":"2025-07-25T12:07:41","date_gmt":"2025-07-25T12:07:41","guid":{"rendered":"https:\/\/boreait.com\/hr\/?post_type=product&#038;p=23247"},"modified":"2025-07-25T12:08:32","modified_gmt":"2025-07-25T12:08:32","slug":"originalna-lenovo-thinkpad-r400-oem-usb-ploca-s-kabelom-44c4062-dijelovi-prijenosnog-racunala","status":"publish","type":"product","link":"https:\/\/boreait.com\/hr\/product\/originalna-lenovo-thinkpad-r400-oem-usb-ploca-s-kabelom-44c4062-dijelovi-prijenosnog-racunala\/","title":{"rendered":"Originalna Lenovo ThinkPad R400 OEM USB plo\u010da s kabelom 44C4062 &#8211; dijelovi prijenosnog ra\u010dunala"},"content":{"rendered":"<p>Nadogradite svoj Lenovo ThinkPad R400 s na\u0161om originalnom OEM USB plo\u010dom i kabelom (Broj dijela: 44C4062). Ovaj visokokvalitetni zamjenski dio osigurava optimalnu povezanost i u\u010dinkovit prijenos podataka, vra\u0107aju\u0107i funkcionalnost va\u0161eg prijenosnog ra\u010dunala kao novog.<\/p>\n<p><strong>Pojedinosti o proizvodu:<\/strong><\/p>\n<ul>\n<li><strong>Kompatibilnost:<\/strong> Dizajnirano posebno za Lenovo ThinkPad R400.<\/li>\n<li><strong>OEM kvaliteta:<\/strong> Originalni Lenovo dio za pouzdane performanse.<\/li>\n<li><strong>Jednostavna instalacija:<\/strong> Korisni\u010dki prilago\u0111en dizajn za zamjenu bez muke.<\/li>\n<li><strong>Prave fotografije:<\/strong> Slike u popisu stvarne su fotografije proizvoda koji \u0107ete dobiti.<\/li>\n<li><strong>Dostava diljem svijeta:<\/strong> Dostavljamo diljem svijeta kako bismo osigurali da dobijete dio koji vam je potreban, gdje god se nalazili.<\/li>\n<\/ul>\n<p>Bilo da popravljate svoje prijenosno ra\u010dunalo ili pobolj\u0161avate njegove mogu\u0107nosti, na\u0161a originalna Lenovo USB plo\u010da je savr\u0161en izbor. Imajte na umu da upute za zamjenu nisu uklju\u010dene, ali slobodno nam po\u0161aljite poruku ako trebate pomo\u0107. Nadogradite s povjerenjem, znaju\u0107i da dobivate kvalitetan proizvod od Siggma. Kupite sada i osjetite razliku u izvedbi!<\/p>\n","protected":false},"excerpt":{"rendered":"<p>Pobolj\u0161ajte funkcionalnost va\u0161eg Lenovo ThinkPad R400 s ovom originalnom OEM USB plo\u010dom koja sadr\u017ei visokokvalitetni kabel (Broj dijela: 44C4062). Kupite sada za besprijekorno povezivanje i brz prijenos podataka. Originalni dijelovi, prave fotografije &#8211; ono \u0161to vidite to i dobivate. Dostupna dostava diljem svijeta.<\/p>\n","protected":false},"featured_media":23305,"template":"","meta":[],"product_brand":[],"product_cat":[59],"product_tag":[61],"class_list":{"0":"post-23247","1":"product","2":"type-product","3":"status-publish","4":"has-post-thumbnail","6":"product_cat-individual-keyboard-keys","7":"product_tag-lenovo","9":"first","10":"instock","11":"taxable","12":"shipping-taxable","13":"purchasable","14":"product-type-simple"},"_links":{"self":[{"href":"https:\/\/boreait.com\/hr\/wp-json\/wp\/v2\/product\/23247","targetHints":{"allow":["GET"]}}],"collection":[{"href":"https:\/\/boreait.com\/hr\/wp-json\/wp\/v2\/product"}],"about":[{"href":"https:\/\/boreait.com\/hr\/wp-json\/wp\/v2\/types\/product"}],"wp:featuredmedia":[{"embeddable":true,"href":"https:\/\/boreait.com\/hr\/wp-json\/wp\/v2\/media\/23305"}],"wp:attachment":[{"href":"https:\/\/boreait.com\/hr\/wp-json\/wp\/v2\/media?parent=23247"}],"wp:term":[{"taxonomy":"product_brand","embeddable":true,"href":"https:\/\/boreait.com\/hr\/wp-json\/wp\/v2\/product_brand?post=23247"},{"taxonomy":"product_cat","embeddable":true,"href":"https:\/\/boreait.com\/hr\/wp-json\/wp\/v2\/product_cat?post=23247"},{"taxonomy":"product_tag","embeddable":true,"href":"https:\/\/boreait.com\/hr\/wp-json\/wp\/v2\/product_tag?post=23247"}],"curies":[{"name":"wp","href":"https:\/\/api.w.org\/{rel}","templated":true}]}}