{"id":23212,"date":"2025-07-25T12:07:19","date_gmt":"2025-07-25T12:07:19","guid":{"rendered":"https:\/\/boreait.com\/hr\/?post_type=product&#038;p=23212"},"modified":"2025-07-25T12:07:55","modified_gmt":"2025-07-25T12:07:55","slug":"hp-15-g000-15-r000-15-g-15-r-255-g3-256-g3-15-r007nc-lcd-sarke-za-prijenosno-racunalo-originalni-zamjenski-dijelovi","status":"publish","type":"product","link":"https:\/\/boreait.com\/hr\/product\/hp-15-g000-15-r000-15-g-15-r-255-g3-256-g3-15-r007nc-lcd-sarke-za-prijenosno-racunalo-originalni-zamjenski-dijelovi\/","title":{"rendered":"HP 15-g000 15-r000 15-g 15-r 255 G3 256 G3 15-r007nc LCD \u0161arke za prijenosno ra\u010dunalo &#8211; originalni zamjenski dijelovi"},"content":{"rendered":"<p>Pobolj\u0161ajte strukturni integritet i vizualnu privla\u010dnost va\u0161eg HP prijenosnog ra\u010dunala s na\u0161im visokokvalitetnim LCD \u0161arkama, posebno dizajniranim za sljede\u0107e modele: 15-g000, 15-r000, 15-g, 15-r, 255 G3 i 256 G3.<\/p>\n<p><strong>Klju\u010dne zna\u010dajke:<\/strong><\/p>\n<ul>\n<li><strong>Kompatibilnost:<\/strong> savr\u0161eno odgovara HP prijenosnim ra\u010dunalima, uklju\u010duju\u0107i modele 15-g000, 15-r000, 15-g, 15-r, 255 G3 i 256 G3.<\/li>\n<li><strong>Originalna zamjena:<\/strong> Osigurajte autenti\u010dnost i pouzdanost svog prijenosnog ra\u010dunala odabirom na\u0161ih originalnih zamjenskih LCD \u0161arki.<\/li>\n<li><strong>Jednostavna instalacija:<\/strong> Nema potrebe za kompliciranim uputama. Instalirajte ove \u0161arke bez napora i vratite funkcionalnost zaslona prijenosnog ra\u010dunala.<\/li>\n<li><strong>Izdr\u017eljiva izrada:<\/strong> Izra\u0111ene imaju\u0107i na umu izdr\u017eljivost, ove su \u0161arke napravljene da izdr\u017ee redovitu upotrebu, pru\u017eaju\u0107i dugotrajnu podr\u0161ku za zaslon va\u0161eg prijenosnog ra\u010dunala.<\/li>\n<\/ul>\n<p>Bez obzira imate li problema s trenutnim \u0161arkama ili planirate nadogradnju prijenosnog ra\u010dunala, ove \u0161arke nude pouzdano rje\u0161enje. Shva\u0107amo va\u017enost posjedovanja potpuno funkcionalnog prijenosnog ra\u010dunala i zato osiguravamo originalne zamjenske dijelove za va\u0161 HP ure\u0111aj.<\/p>\n<p><strong>Napomena:<\/strong> Iako ne dajemo posebne upute za zamjenu dijelova, slobodno nam se obratite ako imate pitanja ili trebate pomo\u0107. Ovdje smo da vam pomognemo da izvu\u010dete maksimum iz svoje kupnje.<\/p>\n","protected":false},"excerpt":{"rendered":"<p>Nadogradite svoje HP prijenosno ra\u010dunalo ovim LCD \u0161arkama dizajniranim za modele 15-g000, 15-r000, 15-g, 15-r, 255 G3 i 256 G3. Osigurajte dugotrajnost i stabilnost zaslona va\u0161eg prijenosnog ra\u010dunala s ovim originalnim zamjenskim dijelovima. Jednostavne za instalaciju, ove \u0161arke savr\u0161eno su rje\u0161enje za vra\u0107anje funkcionalnosti va\u0161eg prijenosnog ra\u010dunala.<\/p>\n","protected":false},"featured_media":23263,"template":"","meta":[],"product_brand":[],"product_cat":[54],"product_tag":[60],"class_list":{"0":"post-23212","1":"product","2":"type-product","3":"status-publish","4":"has-post-thumbnail","6":"product_cat-screen-hinge","7":"product_tag-hp","9":"first","10":"instock","11":"taxable","12":"shipping-taxable","13":"purchasable","14":"product-type-simple"},"_links":{"self":[{"href":"https:\/\/boreait.com\/hr\/wp-json\/wp\/v2\/product\/23212","targetHints":{"allow":["GET"]}}],"collection":[{"href":"https:\/\/boreait.com\/hr\/wp-json\/wp\/v2\/product"}],"about":[{"href":"https:\/\/boreait.com\/hr\/wp-json\/wp\/v2\/types\/product"}],"wp:featuredmedia":[{"embeddable":true,"href":"https:\/\/boreait.com\/hr\/wp-json\/wp\/v2\/media\/23263"}],"wp:attachment":[{"href":"https:\/\/boreait.com\/hr\/wp-json\/wp\/v2\/media?parent=23212"}],"wp:term":[{"taxonomy":"product_brand","embeddable":true,"href":"https:\/\/boreait.com\/hr\/wp-json\/wp\/v2\/product_brand?post=23212"},{"taxonomy":"product_cat","embeddable":true,"href":"https:\/\/boreait.com\/hr\/wp-json\/wp\/v2\/product_cat?post=23212"},{"taxonomy":"product_tag","embeddable":true,"href":"https:\/\/boreait.com\/hr\/wp-json\/wp\/v2\/product_tag?post=23212"}],"curies":[{"name":"wp","href":"https:\/\/api.w.org\/{rel}","templated":true}]}}