{"id":23164,"date":"2025-07-25T12:06:35","date_gmt":"2025-07-25T12:06:35","guid":{"rendered":"https:\/\/boreait.com\/hr\/?post_type=product&#038;p=23164"},"modified":"2026-01-19T13:44:53","modified_gmt":"2026-01-19T13:44:53","slug":"originalni-hp-probook-450-g2-memorijski-poklopac-dijelovi-prijenosnog-racunala-zamjenska-vratasca-okvira-memorije","status":"publish","type":"product","link":"https:\/\/boreait.com\/hr\/product\/originalni-hp-probook-450-g2-memorijski-poklopac-dijelovi-prijenosnog-racunala-zamjenska-vratasca-okvira-memorije\/","title":{"rendered":"Originalni HP ProBook 450 G2 memorijski poklopac &#8211; dijelovi prijenosnog ra\u010dunala &#8211; zamjenska vrata\u0161ca okvira memorije"},"content":{"rendered":"<p>Nadogradite svoj HP ProBook 450 G2 bez napora s na\u0161im originalnim poklopcem za memoriju. Ova vrata\u0161ca s okvirom za memoriju izra\u0111ena su za izdr\u017eljivost i lak pristup, omogu\u0107uju\u0107i vam da s pouzdanjem pobolj\u0161ate memoriju prijenosnog ra\u010dunala.<\/p>\n<p><strong>Klju\u010dne zna\u010dajke:<\/strong><\/p>\n<ul>\n<li><strong>Kompatibilnost:<\/strong> Posebno dizajnirano za prijenosna ra\u010dunala HP ProBook 450 G2.<\/li>\n<li><strong>Jamstvo kvalitete:<\/strong> Originalni HP-ov dio koji osigurava savr\u0161eno pristajanje i pouzdan rad.<\/li>\n<li><strong>Jednostavna instalacija:<\/strong> Nadogradnja bez muke s na\u0161im vrata\u0161cima s okvirom za memoriju za brzi pristup utorima za memoriju.<\/li>\n<li><strong>Dostava diljem svijeta:<\/strong> Dostavljamo diljem svijeta, pa gdje god se nalazili, pobolj\u0161ajte performanse svog prijenosnog ra\u010dunala uz Siggmo.<\/li>\n<\/ul>\n<p><strong>Napomena:<\/strong> upute za instalaciju nisu dane, ali slobodno nam se obratite putem poruke za bilo kakvu pomo\u0107 koja vam mo\u017ee zatrebati. Prave fotografije proizvoda osiguravaju da vidite to\u010dno ono \u0161to \u0107ete dobiti. Nadogradite memoriju svog prijenosnog ra\u010dunala s povjerenjem, znaju\u0107i da dobivate originalni dio koji je dizajniran za vrhunske performanse.<\/p>\n","protected":false},"excerpt":{"rendered":"<p>Pobolj\u0161ajte performanse svog HP ProBook 450 G2 s ovim originalnim memorijskim poklopcem. Dizajnirana za jednostavan pristup, ova vrata\u0161ca s preklopnim okvirom za memoriju osiguravaju nadogradnju bez muke. Kvaliteta kojoj mo\u017eete vjerovati, isporu\u010duje se \u0161irom svijeta sa Siggmo.com.<\/p>\n","protected":false},"featured_media":23223,"template":"","meta":[],"product_brand":[],"product_cat":[62],"product_tag":[60],"class_list":{"0":"post-23164","1":"product","2":"type-product","3":"status-publish","4":"has-post-thumbnail","6":"product_cat-motherboards-board-parts","7":"product_tag-hp","9":"first","10":"instock","11":"taxable","12":"shipping-taxable","13":"purchasable","14":"product-type-simple"},"_links":{"self":[{"href":"https:\/\/boreait.com\/hr\/wp-json\/wp\/v2\/product\/23164","targetHints":{"allow":["GET"]}}],"collection":[{"href":"https:\/\/boreait.com\/hr\/wp-json\/wp\/v2\/product"}],"about":[{"href":"https:\/\/boreait.com\/hr\/wp-json\/wp\/v2\/types\/product"}],"wp:featuredmedia":[{"embeddable":true,"href":"https:\/\/boreait.com\/hr\/wp-json\/wp\/v2\/media\/23223"}],"wp:attachment":[{"href":"https:\/\/boreait.com\/hr\/wp-json\/wp\/v2\/media?parent=23164"}],"wp:term":[{"taxonomy":"product_brand","embeddable":true,"href":"https:\/\/boreait.com\/hr\/wp-json\/wp\/v2\/product_brand?post=23164"},{"taxonomy":"product_cat","embeddable":true,"href":"https:\/\/boreait.com\/hr\/wp-json\/wp\/v2\/product_cat?post=23164"},{"taxonomy":"product_tag","embeddable":true,"href":"https:\/\/boreait.com\/hr\/wp-json\/wp\/v2\/product_tag?post=23164"}],"curies":[{"name":"wp","href":"https:\/\/api.w.org\/{rel}","templated":true}]}}