{"id":23161,"date":"2025-07-25T12:06:35","date_gmt":"2025-07-25T12:06:35","guid":{"rendered":"https:\/\/boreait.com\/hr\/?post_type=product&#038;p=23161"},"modified":"2026-01-19T13:41:56","modified_gmt":"2026-01-19T13:41:56","slug":"za-hp-450-g2-vrata-s-donjom-bazom-pristupne-ploce-s-vijcima-caddy-ap15a000600-dijelovi-prijenosnog-racunala","status":"publish","type":"product","link":"https:\/\/boreait.com\/hr\/product\/za-hp-450-g2-vrata-s-donjom-bazom-pristupne-ploce-s-vijcima-caddy-ap15a000600-dijelovi-prijenosnog-racunala\/","title":{"rendered":"Za HP 450 G2 vrata s donjom bazom pristupne plo\u010de s vijcima Caddy AP15A000600 dijelovi prijenosnog ra\u010dunala"},"content":{"rendered":"<p>Nadogradite svoj HP 450 G2 s na\u0161im vratima pristupne plo\u010de s donjom bazom vrhunske kvalitete. Ova komponenta marke, zajedno s vijcima i nosa\u010dem, dizajnirana je da omogu\u0107i jednostavan pristup bitnim unutarnjim dijelovima za odr\u017eavanje i nadogradnju bez muke. Bilo da ste zaljubljenik u tehnologiju ili profesionalac, ovaj dio osigurava da va\u0161e prijenosno ra\u010dunalo ostane u optimalnom stanju.<\/p>\n<p><strong>Kompatibilnost:<\/strong> Ova vrata za pristupnu plo\u010du posebno su dizajnirana za prijenosna ra\u010dunala HP 450 G2, osiguravaju\u0107i savr\u0161eno pristajanje. To je originalni zamjenski dio s brojem dijela AP15A000600, koji jam\u010di istu kvalitetu kao i original.<\/p>\n<p><strong>Jednostavna instalacija:<\/strong> DIY entuzijasti \u0107e cijeniti jednostavnost postupka instalacije. Nema potrebe za kompliciranim uputama &#8211; samo upotrijebite prilo\u017eene vijke da pri\u010dvrstite vrata pristupne plo\u010de i nosa\u010d na mjestu. Ako nai\u0111ete na probleme ili imate pitanja, slobodno nam se obratite za pomo\u0107.<\/p>\n<p><strong>Jamstvo kvalitete:<\/strong> U Siggmu prioritet nam je kvaliteta. Vrata pristupne plo\u010de proizvedena su tako da zadovoljavaju ili prema\u0161uju OEM specifikacije, osiguravaju\u0107i izdr\u017eljivost i dugovje\u010dnost. Vjerujte u pouzdanost na\u0161ih dijelova za prijenosno ra\u010dunalo kako bi va\u0161 HP 450 G2 radio glatko.<\/p>\n<p><strong>Dostava diljem svijeta:<\/strong> Shva\u0107amo da je va\u0161e prijenosno ra\u010dunalo klju\u010dno za va\u0161e dnevne aktivnosti. Zato nudimo dostavu diljem svijeta, osiguravaju\u0107i da mo\u017eete nabaviti ovaj bitan dio prijenosnog ra\u010dunala, bez obzira gdje se nalazite.<\/p>\n<p><strong>Kupujte s povjerenjem:<\/strong> Siggmois je va\u0161 pouzdani izvor visokokvalitetnih dijelova za prijenosna ra\u010dunala. Svaki proizvod pa\u017eljivo je pregledan i provjeren kako bi zadovoljio na\u0161e stroge standarde kvalitete. Kupujte s povjerenjem i nadogradite svoj HP 450 G2 danas.<\/p>\n","protected":false},"excerpt":{"rendered":"<p>Unaprijedite svoj HP 450 G2 ovim vratima za pristupnu plo\u010du s donjom bazom, zajedno s vijcima i nosa\u010dem. Jednostavan za instalaciju i savr\u0161en za DIY nadogradnje. Istra\u017eite dijelove laptopa vrhunske kvalitete na Siggmo.com.<\/p>\n","protected":false},"featured_media":23219,"template":"","meta":[],"product_brand":[],"product_cat":[51],"product_tag":[60],"class_list":{"0":"post-23161","1":"product","2":"type-product","3":"status-publish","4":"has-post-thumbnail","6":"product_cat-laptop-housing","7":"product_tag-hp","9":"first","10":"instock","11":"taxable","12":"shipping-taxable","13":"purchasable","14":"product-type-simple"},"_links":{"self":[{"href":"https:\/\/boreait.com\/hr\/wp-json\/wp\/v2\/product\/23161","targetHints":{"allow":["GET"]}}],"collection":[{"href":"https:\/\/boreait.com\/hr\/wp-json\/wp\/v2\/product"}],"about":[{"href":"https:\/\/boreait.com\/hr\/wp-json\/wp\/v2\/types\/product"}],"wp:featuredmedia":[{"embeddable":true,"href":"https:\/\/boreait.com\/hr\/wp-json\/wp\/v2\/media\/23219"}],"wp:attachment":[{"href":"https:\/\/boreait.com\/hr\/wp-json\/wp\/v2\/media?parent=23161"}],"wp:term":[{"taxonomy":"product_brand","embeddable":true,"href":"https:\/\/boreait.com\/hr\/wp-json\/wp\/v2\/product_brand?post=23161"},{"taxonomy":"product_cat","embeddable":true,"href":"https:\/\/boreait.com\/hr\/wp-json\/wp\/v2\/product_cat?post=23161"},{"taxonomy":"product_tag","embeddable":true,"href":"https:\/\/boreait.com\/hr\/wp-json\/wp\/v2\/product_tag?post=23161"}],"curies":[{"name":"wp","href":"https:\/\/api.w.org\/{rel}","templated":true}]}}