{"id":23137,"date":"2025-07-25T12:06:11","date_gmt":"2025-07-25T12:06:11","guid":{"rendered":"https:\/\/boreait.com\/hr\/?post_type=product&#038;p=23137"},"modified":"2026-01-19T13:40:46","modified_gmt":"2026-01-19T13:40:46","slug":"originalni-dijelovi-prijenosnog-racunala-hp-6820s-6070b0211901-zamjena-okvira-zaslona","status":"publish","type":"product","link":"https:\/\/boreait.com\/hr\/product\/originalni-dijelovi-prijenosnog-racunala-hp-6820s-6070b0211901-zamjena-okvira-zaslona\/","title":{"rendered":"Originalni dijelovi prijenosnog ra\u010dunala HP 6820S &#8211; 6070B0211901 Zamjena okvira zaslona"},"content":{"rendered":"<p>Pobolj\u0161ajte vizualnu privla\u010dnost svog prijenosnog ra\u010dunala HP 6820S s autenti\u010dnim zamjenskim okvirom zaslona 6070B0211901. Izra\u0111en s precizno\u0161\u0107u i dizajniran da savr\u0161eno pristaje va\u0161em modelu prijenosnog ra\u010dunala, ovaj originalni dio osigurava nadogradnju bez muke.<\/p>\n<p><strong>Klju\u010dne zna\u010dajke:<\/strong><\/p>\n<ul>\n<li><strong>Kompatibilnost:<\/strong> Posebno dizajnirano za prijenosna ra\u010dunala HP 6820S, jam\u010di savr\u0161eno pristajanje.<\/li>\n<li><strong>Materijal:<\/strong> Visokokvalitetna konstrukcija za izdr\u017eljivost i dugovje\u010dnost.<\/li>\n<li><strong>Jednostavna instalacija:<\/strong> Jednostavan dizajn za jednostavnu zamjenu. Nema detaljnih uputa, ali slobodno nam se obratite za pomo\u0107.<\/li>\n<li><strong>Dostava diljem svijeta:<\/strong> Nudimo brze i pouzdane opcije dostave, osiguravaju\u0107i da zamjenski dio dobijete brzo.<\/li>\n<\/ul>\n<p><strong>Va\u017ena napomena:<\/strong><\/p>\n<ul>\n<li>Ne dajemo upute korak po korak za zamjenu dijelova. Me\u0111utim, ako nai\u0111ete na bilo kakve probleme ili trebate smjernice tijekom procesa, na\u0161 tim za korisni\u010dku podr\u0161ku spreman je pomo\u0107i. Jednostavno nam po\u0161aljite poruku i mi \u0107emo vam se brzo javiti.<\/li>\n<\/ul>\n<p><strong>Pravi proizvod, stvarne fotografije:<\/strong> Slike proizvoda u ovom popisu prikazuju stvarni okvir zaslona 6070B0211901 koji \u0107ete dobiti. Vjerujemo u transparentnost, a ove fotografije to\u010dno prikazuju kvalitetu i stanje artikla.<\/p>\n","protected":false},"excerpt":{"rendered":"<p>Nadogradite svoje prijenosno ra\u010dunalo HP 6820S ovim originalnim zamjenskim okvirom zaslona (Broj dijela: 6070B0211901). Osigurajte savr\u0161eno pristajanje i vratite svom prijenosnom ra\u010dunalu elegantan izgled. Vjerujte visokokvalitetnim materijalima za izdr\u017eljivost i kompatibilnost. Dostupna je brza dostava diljem svijeta. Kontaktirajte nas za bilo kakvu pomo\u0107 ili pitanja.<\/p>\n","protected":false},"featured_media":23202,"template":"","meta":[],"product_brand":[],"product_cat":[51],"product_tag":[60],"class_list":{"0":"post-23137","1":"product","2":"type-product","3":"status-publish","4":"has-post-thumbnail","6":"product_cat-laptop-housing","7":"product_tag-hp","9":"first","10":"instock","11":"taxable","12":"shipping-taxable","13":"purchasable","14":"product-type-simple"},"_links":{"self":[{"href":"https:\/\/boreait.com\/hr\/wp-json\/wp\/v2\/product\/23137","targetHints":{"allow":["GET"]}}],"collection":[{"href":"https:\/\/boreait.com\/hr\/wp-json\/wp\/v2\/product"}],"about":[{"href":"https:\/\/boreait.com\/hr\/wp-json\/wp\/v2\/types\/product"}],"wp:featuredmedia":[{"embeddable":true,"href":"https:\/\/boreait.com\/hr\/wp-json\/wp\/v2\/media\/23202"}],"wp:attachment":[{"href":"https:\/\/boreait.com\/hr\/wp-json\/wp\/v2\/media?parent=23137"}],"wp:term":[{"taxonomy":"product_brand","embeddable":true,"href":"https:\/\/boreait.com\/hr\/wp-json\/wp\/v2\/product_brand?post=23137"},{"taxonomy":"product_cat","embeddable":true,"href":"https:\/\/boreait.com\/hr\/wp-json\/wp\/v2\/product_cat?post=23137"},{"taxonomy":"product_tag","embeddable":true,"href":"https:\/\/boreait.com\/hr\/wp-json\/wp\/v2\/product_tag?post=23137"}],"curies":[{"name":"wp","href":"https:\/\/api.w.org\/{rel}","templated":true}]}}