{"id":23136,"date":"2025-07-25T12:06:11","date_gmt":"2025-07-25T12:06:11","guid":{"rendered":"https:\/\/boreait.com\/hr\/?post_type=product&#038;p=23136"},"modified":"2025-07-25T12:07:02","modified_gmt":"2025-07-25T12:07:02","slug":"oslonac-za-ruku-prijenosnog-racunala-hp-compaq-6820-s-dodirnom-plocom-original-6070b0211001-oem-zamjena","status":"publish","type":"product","link":"https:\/\/boreait.com\/hr\/product\/oslonac-za-ruku-prijenosnog-racunala-hp-compaq-6820-s-dodirnom-plocom-original-6070b0211001-oem-zamjena\/","title":{"rendered":"Oslonac za ruku prijenosnog ra\u010dunala HP Compaq 6820 s dodirnom plo\u010dom Original 6070B0211001 &#8211; OEM zamjena"},"content":{"rendered":"<p>Pobolj\u0161ajte performanse i estetiku svog prijenosnog ra\u010dunala HP Compaq 6820 s na\u0161im originalnim OEM zamjenskim osloncem za dlan koji sadr\u017ei integrirani touchpad. Dizajniran da zadovolji najvi\u0161e standarde kvalitete i kompatibilnosti, ovaj oslonac za dlanove, s brojem dijela 6070B0211001, osigurava savr\u0161eno pristajanje va\u0161em modelu prijenosnog ra\u010dunala.<\/p>\n<p><strong>Klju\u010dne zna\u010dajke:<\/strong><\/p>\n<ul>\n<li>Originalna OEM zamjena: Izra\u0111ena s precizno\u0161\u0107u, osiguravaju\u0107i autenti\u010dnost i kompatibilnost.<\/li>\n<li>Ugra\u0111ena dodirna podloga: Pobolj\u0161ajte navigaciju i korisni\u010dko iskustvo pomo\u0107u integrirane dodirne podloge.<\/li>\n<li>Jednostavna instalacija: Nadogradite svoje prijenosno ra\u010dunalo bez napora s na\u0161im osloncem za dlan koji se jednostavno postavlja.<\/li>\n<li>Dostava diljem svijeta: Nudimo brze i pouzdane opcije dostave diljem svijeta.<\/li>\n<\/ul>\n<p><strong>Kompatibilnost:<\/strong><\/p>\n<ul>\n<li>Dizajniran posebno za prijenosna ra\u010dunala HP Compaq 6820.<\/li>\n<li>Broj dijela: 6070B0211001<\/li>\n<\/ul>\n<p><strong>Napomena:<\/strong> Ne dajemo upute za zamjenu dijelova. Me\u0111utim, slobodno nam po\u0161aljite poruku ako imate bilo kakvih pitanja ili trebate pomo\u0107 s postupkom instalacije. Na\u0161 tim je tu da vam pomogne.<\/p>\n<p><strong>Jamstvo kvalitete:<\/strong> Budite sigurni da fotografije u ovom popisu to\u010dno predstavljaju proizvod koji \u0107ete dobiti. Prioritet nam je kvaliteta i zadovoljstvo kupaca.<\/p>\n<p>Nadogradite svoje prijenosno ra\u010dunalo ve\u0107 danas s na\u0161im originalnim osloncem za ruku za prijenosno ra\u010dunalo HP Compaq 6820 s dodirnom podlogom. Naru\u010dite sada i iskusite pogodnost besprijekornog postupka zamjene.<\/p>\n","protected":false},"excerpt":{"rendered":"<p>Pobolj\u0161ajte funkcionalnost svog prijenosnog ra\u010dunala HP Compaq 6820 s na\u0161im originalnim OEM zamjenskim osloncem za dlan koji ima ugra\u0111enu podlogu osjetljivu na dodir. Precizno izra\u0111en, ovaj oslonac za dlanove savr\u0161eno pristaje va\u0161em modelu prijenosnog ra\u010dunala. Nadogradite s povjerenjem, znaju\u0107i da dobivate kvalitetu i autenti\u010dnost. Naru\u010dite sada za brzu dostavu i u\u017eivajte u besprijekornom iskustvu zamjene.<\/p>\n","protected":false},"featured_media":23200,"template":"","meta":[],"product_brand":[],"product_cat":[51],"product_tag":[60],"class_list":{"0":"post-23136","1":"product","2":"type-product","3":"status-publish","4":"has-post-thumbnail","6":"product_cat-laptop-housing","7":"product_tag-hp","9":"first","10":"instock","11":"taxable","12":"shipping-taxable","13":"purchasable","14":"product-type-simple"},"_links":{"self":[{"href":"https:\/\/boreait.com\/hr\/wp-json\/wp\/v2\/product\/23136","targetHints":{"allow":["GET"]}}],"collection":[{"href":"https:\/\/boreait.com\/hr\/wp-json\/wp\/v2\/product"}],"about":[{"href":"https:\/\/boreait.com\/hr\/wp-json\/wp\/v2\/types\/product"}],"wp:featuredmedia":[{"embeddable":true,"href":"https:\/\/boreait.com\/hr\/wp-json\/wp\/v2\/media\/23200"}],"wp:attachment":[{"href":"https:\/\/boreait.com\/hr\/wp-json\/wp\/v2\/media?parent=23136"}],"wp:term":[{"taxonomy":"product_brand","embeddable":true,"href":"https:\/\/boreait.com\/hr\/wp-json\/wp\/v2\/product_brand?post=23136"},{"taxonomy":"product_cat","embeddable":true,"href":"https:\/\/boreait.com\/hr\/wp-json\/wp\/v2\/product_cat?post=23136"},{"taxonomy":"product_tag","embeddable":true,"href":"https:\/\/boreait.com\/hr\/wp-json\/wp\/v2\/product_tag?post=23136"}],"curies":[{"name":"wp","href":"https:\/\/api.w.org\/{rel}","templated":true}]}}