{"id":23078,"date":"2025-07-25T12:05:23","date_gmt":"2025-07-25T12:05:23","guid":{"rendered":"https:\/\/boreait.com\/hr\/?post_type=product&#038;p=23078"},"modified":"2025-07-25T12:06:09","modified_gmt":"2025-07-25T12:06:09","slug":"oem-lenovo-straznji-poklopac-lcd-zaslona-ap01d000b00-za-3000-n200-0769-aku-razred-a","status":"publish","type":"product","link":"https:\/\/boreait.com\/hr\/product\/oem-lenovo-straznji-poklopac-lcd-zaslona-ap01d000b00-za-3000-n200-0769-aku-razred-a\/","title":{"rendered":"OEM LENOVO stra\u017enji poklopac LCD zaslona AP01D000B00 za 3000 N200 0769-AKU Razred A"},"content":{"rendered":"<p>Nadogradite svoje prijenosno ra\u010dunalo Lenovo 3000 N200 0769 s autenti\u010dnim stra\u017enjim poklopcem OEM LCD zaslona, model AP01D000B00. Ovaj kvalitetni dio razreda A pomno je izra\u0111en kako bi zadovoljio visoke standarde tvrtke Lenovo, osiguravaju\u0107i izdr\u017eljivost i precizno pristajanje.<\/p>\n<p><strong>Kompatibilnost:<\/strong><\/p>\n<ul>\n<li>Dizajniran za model prijenosnih ra\u010dunala Lenovo 3000 N200 0769-AKU.<\/li>\n<\/ul>\n<p><strong>Jamstvo kvalitete:<\/strong><\/p>\n<ul>\n<li>Uvjet razreda A jam\u010di vrhunsku kvalitetu.<\/li>\n<li>Originalni Lenovo dio za savr\u0161en spoj.<\/li>\n<\/ul>\n<p><strong>Pobolj\u0161ajte svoje prijenosno ra\u010dunalo:<\/strong> Transformirajte izgled svog prijenosnog ra\u010dunala s ovim originalnim stra\u017enjim poklopcem LCD zaslona Lenovo. Elegantan dizajn i precizno pristajanje dodaju da\u0161ak sofisticiranosti va\u0161em ure\u0111aju.<\/p>\n<p><strong>Jednostavna instalacija:<\/strong> Zamijenite stari ili o\u0161te\u0107eni stra\u017enji poklopac bez napora. Iako ne pru\u017eamo upute za instalaciju, slobodno se obratite ako trebate pomo\u0107.<\/p>\n<p><strong>Kompatibilnost diljem svijeta:<\/strong> Bilo da se nalazite u Europi ili bilo gdje drugdje u svijetu, nudimo dostavu diljem svijeta. Budite uvjereni, fotografije u popisu su stvarne i prikazuju to\u010dno onaj dio koji \u0107ete dobiti.<\/p>\n<p>Nadogradite svoje Lenovo iskustvo s ovim OEM stra\u017enjim poklopcem LCD zaslona. Naru\u010dite sada i u\u017eivajte u vrhunskoj kvaliteti kojoj Lenovo entuzijasti vjeruju.<\/p>\n","protected":false},"excerpt":{"rendered":"<p>Pobolj\u0161ajte svoje prijenosno ra\u010dunalo Lenovo 3000 N200 0769 ovim originalnim stra\u017enjim poklopcem LCD zaslona OEM (AP01D000B00). Izra\u0111en za savr\u0161enstvo, kvaliteta razreda A osigurava izdr\u017eljivost i besprijekorno pristajanje. Pobolj\u0161ajte estetiku svog prijenosnog ra\u010dunala s ovim originalnim Lenovo dijelom.<\/p>\n","protected":false},"featured_media":23128,"template":"","meta":[],"product_brand":[],"product_cat":[51],"product_tag":[61],"class_list":{"0":"post-23078","1":"product","2":"type-product","3":"status-publish","4":"has-post-thumbnail","6":"product_cat-laptop-housing","7":"product_tag-lenovo","9":"first","10":"instock","11":"taxable","12":"shipping-taxable","13":"purchasable","14":"product-type-simple"},"_links":{"self":[{"href":"https:\/\/boreait.com\/hr\/wp-json\/wp\/v2\/product\/23078","targetHints":{"allow":["GET"]}}],"collection":[{"href":"https:\/\/boreait.com\/hr\/wp-json\/wp\/v2\/product"}],"about":[{"href":"https:\/\/boreait.com\/hr\/wp-json\/wp\/v2\/types\/product"}],"wp:featuredmedia":[{"embeddable":true,"href":"https:\/\/boreait.com\/hr\/wp-json\/wp\/v2\/media\/23128"}],"wp:attachment":[{"href":"https:\/\/boreait.com\/hr\/wp-json\/wp\/v2\/media?parent=23078"}],"wp:term":[{"taxonomy":"product_brand","embeddable":true,"href":"https:\/\/boreait.com\/hr\/wp-json\/wp\/v2\/product_brand?post=23078"},{"taxonomy":"product_cat","embeddable":true,"href":"https:\/\/boreait.com\/hr\/wp-json\/wp\/v2\/product_cat?post=23078"},{"taxonomy":"product_tag","embeddable":true,"href":"https:\/\/boreait.com\/hr\/wp-json\/wp\/v2\/product_tag?post=23078"}],"curies":[{"name":"wp","href":"https:\/\/api.w.org\/{rel}","templated":true}]}}