{"id":23076,"date":"2025-07-25T12:05:23","date_gmt":"2025-07-25T12:05:23","guid":{"rendered":"https:\/\/boreait.com\/hr\/?post_type=product&#038;p=23076"},"modified":"2025-07-25T12:05:59","modified_gmt":"2025-07-25T12:05:59","slug":"originalni-hp-dvd-pogon-700577-1c3-uj8fba-zamjenski-dijelovi-prijenosnog-racunala-dostava-sirom-svijeta","status":"publish","type":"product","link":"https:\/\/boreait.com\/hr\/product\/originalni-hp-dvd-pogon-700577-1c3-uj8fba-zamjenski-dijelovi-prijenosnog-racunala-dostava-sirom-svijeta\/","title":{"rendered":"Originalni HP DVD pogon 700577-1C3 UJ8FBA zamjenski dijelovi prijenosnog ra\u010dunala Dostava \u0161irom svijeta"},"content":{"rendered":"<p>Nadogradite svoje prijenosno ra\u010dunalo s originalnim HP DVD pogonom 700577-1C3 UJ8FBA, vrhunskim zamjenskim dijelom dizajniranim za besprijekornu kompatibilnost s va\u0161im HP prijenosnim ra\u010dunalom. Ovaj DVD pogon je originalni proizvod koji osigurava autenti\u010dnost i vrhunsku izvedbu. Bilo da mijenjate neispravan pogon ili nadogra\u0111ujete svoj sustav, ovaj HP DVD pogon je savr\u0161en izbor.<\/p>\n<p>Klju\u010dne zna\u010dajke:<\/p>\n<ul>\n<li>Originalni HP-ov zamjenski dio (700577-1C3 UJ8FBA).<\/li>\n<li>Kompatibilno sa \u0161irokim rasponom HP prijenosnih ra\u010dunala.<\/li>\n<li>Pouzdan DVD pogon visoke kvalitete za optimalnu izvedbu.<\/li>\n<li>Dostupna dostava diljem svijeta radi va\u0161e udobnosti.<\/li>\n<\/ul>\n<p>Napomena: Ovaj popis uklju\u010duje stvarne fotografije proizvoda, tako da mo\u017eete vidjeti to\u010dno \u0161to \u0107ete dobiti. Ne dajemo posebne upute za zamjenu dijelova, ali slobodno nam po\u0161aljite poruku ako trebate pomo\u0107 ili imate bilo kakva pitanja. Nadogradite svoje prijenosno ra\u010dunalo s povjerenjem \u2013 naru\u010dite originalni HP DVD pogon ve\u0107 danas!<\/p>\n","protected":false},"excerpt":{"rendered":"<p>Pobolj\u0161ajte mogu\u0107nosti svog prijenosnog ra\u010dunala s originalnim HP DVD pogonom 700577-1C3 UJ8FBA. Ovaj visokokvalitetni DVD pogon je originalni zamjenski dio, koji osigurava kompatibilnost i optimalne performanse. Dostupna dostava diljem svijeta. Nadogradite svoje prijenosno ra\u010dunalo danas!<\/p>\n","protected":false},"featured_media":23125,"template":"","meta":[],"product_brand":[],"product_cat":[62],"product_tag":[60],"class_list":{"0":"post-23076","1":"product","2":"type-product","3":"status-publish","4":"has-post-thumbnail","6":"product_cat-motherboards-board-parts","7":"product_tag-hp","9":"first","10":"instock","11":"taxable","12":"shipping-taxable","13":"purchasable","14":"product-type-simple"},"_links":{"self":[{"href":"https:\/\/boreait.com\/hr\/wp-json\/wp\/v2\/product\/23076","targetHints":{"allow":["GET"]}}],"collection":[{"href":"https:\/\/boreait.com\/hr\/wp-json\/wp\/v2\/product"}],"about":[{"href":"https:\/\/boreait.com\/hr\/wp-json\/wp\/v2\/types\/product"}],"wp:featuredmedia":[{"embeddable":true,"href":"https:\/\/boreait.com\/hr\/wp-json\/wp\/v2\/media\/23125"}],"wp:attachment":[{"href":"https:\/\/boreait.com\/hr\/wp-json\/wp\/v2\/media?parent=23076"}],"wp:term":[{"taxonomy":"product_brand","embeddable":true,"href":"https:\/\/boreait.com\/hr\/wp-json\/wp\/v2\/product_brand?post=23076"},{"taxonomy":"product_cat","embeddable":true,"href":"https:\/\/boreait.com\/hr\/wp-json\/wp\/v2\/product_cat?post=23076"},{"taxonomy":"product_tag","embeddable":true,"href":"https:\/\/boreait.com\/hr\/wp-json\/wp\/v2\/product_tag?post=23076"}],"curies":[{"name":"wp","href":"https:\/\/api.w.org\/{rel}","templated":true}]}}