{"id":23073,"date":"2025-07-25T12:05:23","date_gmt":"2025-07-25T12:05:23","guid":{"rendered":"https:\/\/boreait.com\/hr\/?post_type=product&#038;p=23073"},"modified":"2025-07-25T12:05:56","modified_gmt":"2025-07-25T12:05:56","slug":"originalni-touchpad-mis-kabel-za-medion-e6439-md-61188-04a1-00k6100","status":"publish","type":"product","link":"https:\/\/boreait.com\/hr\/product\/originalni-touchpad-mis-kabel-za-medion-e6439-md-61188-04a1-00k6100\/","title":{"rendered":"Originalni Touchpad mi\u0161 + kabel za MEDION E6439 MD 61188 04A1-00K6100"},"content":{"rendered":"<p>Nadogradite ili zamijenite touchpad mi\u0161 i kabel za svoje MEDION E6439 MD 61188 04A1-00K6100 prijenosno ra\u010dunalo ovim originalnim, originalnim dijelom. Vratite glatku navigaciju i preciznu kontrolu kursora na svoj ure\u0111aj, osiguravaju\u0107i optimalno korisni\u010dko iskustvo. Izra\u0111en prema najvi\u0161im standardima, ova kombinacija mi\u0161a i kabela s dodirnom podlogom jam\u010di kompatibilnost i pouzdanost. Instalacija je jednostavna, \u0161to vam omogu\u0107uje da brzo vratite svoje prijenosno ra\u010dunalo u pogon uz minimalne muke. Nemojte se zadovoljiti alternativama na naknadnom tr\u017ei\u0161tu\u2014odaberite autenti\u010dne MEDION dijelove za vrhunske performanse i bezbri\u017enost.<\/p>\n","protected":false},"excerpt":{"rendered":"<p>Vratite glatku navigaciju i preciznu kontrolu pokaziva\u010da na svoje prijenosno ra\u010dunalo MEDION E6439 MD 61188 04A1-00K6100 pomo\u0107u ove originalne kombinacije mi\u0161a i kabela s dodirnom podlogom. Jednostavan za instalaciju i izra\u0111en prema najvi\u0161im standardima, osigurava optimalno korisni\u010dko iskustvo.<\/p>\n","protected":false},"featured_media":23121,"template":"","meta":[],"product_brand":[],"product_cat":[77],"product_tag":[93],"class_list":{"0":"post-23073","1":"product","2":"type-product","3":"status-publish","4":"has-post-thumbnail","6":"product_cat-laptop-touchpads","7":"product_tag-medion","9":"first","10":"instock","11":"taxable","12":"shipping-taxable","13":"purchasable","14":"product-type-simple"},"_links":{"self":[{"href":"https:\/\/boreait.com\/hr\/wp-json\/wp\/v2\/product\/23073","targetHints":{"allow":["GET"]}}],"collection":[{"href":"https:\/\/boreait.com\/hr\/wp-json\/wp\/v2\/product"}],"about":[{"href":"https:\/\/boreait.com\/hr\/wp-json\/wp\/v2\/types\/product"}],"wp:featuredmedia":[{"embeddable":true,"href":"https:\/\/boreait.com\/hr\/wp-json\/wp\/v2\/media\/23121"}],"wp:attachment":[{"href":"https:\/\/boreait.com\/hr\/wp-json\/wp\/v2\/media?parent=23073"}],"wp:term":[{"taxonomy":"product_brand","embeddable":true,"href":"https:\/\/boreait.com\/hr\/wp-json\/wp\/v2\/product_brand?post=23073"},{"taxonomy":"product_cat","embeddable":true,"href":"https:\/\/boreait.com\/hr\/wp-json\/wp\/v2\/product_cat?post=23073"},{"taxonomy":"product_tag","embeddable":true,"href":"https:\/\/boreait.com\/hr\/wp-json\/wp\/v2\/product_tag?post=23073"}],"curies":[{"name":"wp","href":"https:\/\/api.w.org\/{rel}","templated":true}]}}