{"id":23071,"date":"2025-07-25T12:05:22","date_gmt":"2025-07-25T12:05:22","guid":{"rendered":"https:\/\/boreait.com\/hr\/?post_type=product&#038;p=23071"},"modified":"2026-01-19T10:08:38","modified_gmt":"2026-01-19T10:08:38","slug":"modul-wifi-wi-fi-kartice-prijenosnog-racunala-za-emachines-e528-2325","status":"publish","type":"product","link":"https:\/\/boreait.com\/hr\/product\/modul-wifi-wi-fi-kartice-prijenosnog-racunala-za-emachines-e528-2325\/","title":{"rendered":"Modul WiFi Wi-Fi kartice prijenosnog ra\u010dunala za eMachines E528-2325"},"content":{"rendered":"<p>Nadogradite be\u017ei\u010dnu povezanost svog prijenosnog ra\u010dunala eMachines E528-2325 s ovim modulom WiFi kartice. U\u017eivajte u br\u017eim internetskim brzinama i pobolj\u0161anoj pouzdanosti za svoje online aktivnosti, bilo da pregledavate, strujite ili igrate igrice. Dizajniran posebno za model eMachines E528-2325, ovaj modul WiFi kartice osigurava besprijekornu kompatibilnost i jednostavnu instalaciju. Recite zbogom problemima s povezivanjem i do\u017eivite glatkiju be\u017ei\u010dnu izvedbu s ovom pouzdanom nadogradnjom. Ulo\u017eite u povezivost svog prijenosnog ra\u010dunala danas i ostanite povezani kamo god i\u0161li!<\/p>\n","protected":false},"excerpt":{"rendered":"<p>Pobolj\u0161ajte be\u017ei\u010dnu povezanost va\u0161eg prijenosnog ra\u010dunala eMachines E528-2325 s ovim modulom WiFi kartice. Iskusite br\u017ee internetske brzine i pobolj\u0161anu pouzdanost za svoje online aktivnosti. Kompatibilna i jednostavna za instalaciju, ova nadogradnja osigurava besprijekornu be\u017ei\u010dnu izvedbu. Ostanite povezani besprijekorno s ovom pouzdanom nadogradnjom modula WiFi kartice!<\/p>\n","protected":false},"featured_media":23118,"template":"","meta":[],"product_brand":[],"product_cat":[62],"product_tag":[92],"class_list":{"0":"post-23071","1":"product","2":"type-product","3":"status-publish","4":"has-post-thumbnail","6":"product_cat-motherboards-board-parts","7":"product_tag-emachines","9":"first","10":"instock","11":"taxable","12":"shipping-taxable","13":"purchasable","14":"product-type-simple"},"_links":{"self":[{"href":"https:\/\/boreait.com\/hr\/wp-json\/wp\/v2\/product\/23071","targetHints":{"allow":["GET"]}}],"collection":[{"href":"https:\/\/boreait.com\/hr\/wp-json\/wp\/v2\/product"}],"about":[{"href":"https:\/\/boreait.com\/hr\/wp-json\/wp\/v2\/types\/product"}],"wp:featuredmedia":[{"embeddable":true,"href":"https:\/\/boreait.com\/hr\/wp-json\/wp\/v2\/media\/23118"}],"wp:attachment":[{"href":"https:\/\/boreait.com\/hr\/wp-json\/wp\/v2\/media?parent=23071"}],"wp:term":[{"taxonomy":"product_brand","embeddable":true,"href":"https:\/\/boreait.com\/hr\/wp-json\/wp\/v2\/product_brand?post=23071"},{"taxonomy":"product_cat","embeddable":true,"href":"https:\/\/boreait.com\/hr\/wp-json\/wp\/v2\/product_cat?post=23071"},{"taxonomy":"product_tag","embeddable":true,"href":"https:\/\/boreait.com\/hr\/wp-json\/wp\/v2\/product_tag?post=23071"}],"curies":[{"name":"wp","href":"https:\/\/api.w.org\/{rel}","templated":true}]}}