{"id":23070,"date":"2025-07-25T12:05:22","date_gmt":"2025-07-25T12:05:22","guid":{"rendered":"https:\/\/boreait.com\/hr\/?post_type=product&#038;p=23070"},"modified":"2025-07-25T12:05:53","modified_gmt":"2025-07-25T12:05:53","slug":"broadcom-bcm92070md-bluetooth-kartica-kabel-za-dell-e6420-e6430-0g9m5x","status":"publish","type":"product","link":"https:\/\/boreait.com\/hr\/product\/broadcom-bcm92070md-bluetooth-kartica-kabel-za-dell-e6420-e6430-0g9m5x\/","title":{"rendered":"Broadcom BCM92070MD Bluetooth kartica + kabel za Dell E6420 E6430 0G9M5X"},"content":{"rendered":"<p>Nadogradite svoje prijenosno ra\u010dunalo Dell E6420 ili E6430 s Broadcom BCM92070MD Bluetooth karticom + kabelom za besprijekorno be\u017ei\u010dno povezivanje. Ovaj originalni Dell zamjenski dio osigurava kompatibilnost i pouzdane performanse, omogu\u0107uju\u0107i vam da lako pove\u017eete svoje prijenosno ra\u010dunalo s Bluetooth ure\u0111ajima kao \u0161to su zvu\u010dnici, slu\u0161alice i pametni telefoni. Prilo\u017eeni kabel pojednostavljuje instalaciju, \u010dine\u0107i je bez muke za korisnike svih razina tehni\u010dkih vje\u0161tina. Pove\u0107ajte svoju produktivnost i prakti\u010dnost dodavanjem Bluetooth funkcije va\u0161em prijenosnom ra\u010dunalu Dell. Investirajte u Broadcom BCM92070MD Bluetooth karticu + kabel ve\u0107 danas!<\/p>\n","protected":false},"excerpt":{"rendered":"<p>Nadogradite svoje prijenosno ra\u010dunalo Dell E6420 ili E6430 s Broadcom BCM92070MD Bluetooth karticom + kabelom za besprijekorno be\u017ei\u010dno povezivanje. Originalni Dell zamjenski dio osigurava kompatibilnost i pouzdan rad. Jednostavna instalacija s uklju\u010denim kabelom. Pove\u0107ajte produktivnost i prakti\u010dnost dodavanjem Bluetooth funkcije va\u0161em prijenosnom ra\u010dunalu Dell.<\/p>\n","protected":false},"featured_media":23117,"template":"","meta":[],"product_brand":[],"product_cat":[62],"product_tag":[52],"class_list":{"0":"post-23070","1":"product","2":"type-product","3":"status-publish","4":"has-post-thumbnail","6":"product_cat-motherboards-board-parts","7":"product_tag-dell","9":"first","10":"instock","11":"taxable","12":"shipping-taxable","13":"purchasable","14":"product-type-simple"},"_links":{"self":[{"href":"https:\/\/boreait.com\/hr\/wp-json\/wp\/v2\/product\/23070","targetHints":{"allow":["GET"]}}],"collection":[{"href":"https:\/\/boreait.com\/hr\/wp-json\/wp\/v2\/product"}],"about":[{"href":"https:\/\/boreait.com\/hr\/wp-json\/wp\/v2\/types\/product"}],"wp:featuredmedia":[{"embeddable":true,"href":"https:\/\/boreait.com\/hr\/wp-json\/wp\/v2\/media\/23117"}],"wp:attachment":[{"href":"https:\/\/boreait.com\/hr\/wp-json\/wp\/v2\/media?parent=23070"}],"wp:term":[{"taxonomy":"product_brand","embeddable":true,"href":"https:\/\/boreait.com\/hr\/wp-json\/wp\/v2\/product_brand?post=23070"},{"taxonomy":"product_cat","embeddable":true,"href":"https:\/\/boreait.com\/hr\/wp-json\/wp\/v2\/product_cat?post=23070"},{"taxonomy":"product_tag","embeddable":true,"href":"https:\/\/boreait.com\/hr\/wp-json\/wp\/v2\/product_tag?post=23070"}],"curies":[{"name":"wp","href":"https:\/\/api.w.org\/{rel}","templated":true}]}}