{"id":23069,"date":"2025-07-25T12:05:22","date_gmt":"2025-07-25T12:05:22","guid":{"rendered":"https:\/\/boreait.com\/hr\/?post_type=product&#038;p=23069"},"modified":"2025-07-25T12:05:52","modified_gmt":"2025-07-25T12:05:52","slug":"emachines-e642-e642g-citac-kartica-port-citac-memorijske-kartice","status":"publish","type":"product","link":"https:\/\/boreait.com\/hr\/product\/emachines-e642-e642g-citac-kartica-port-citac-memorijske-kartice\/","title":{"rendered":"eMachines E642 &#8211; E642G \u010dita\u010d kartica port \u010dita\u010d memorijske kartice"},"content":{"rendered":"<p>Zamijenite o\u0161te\u0107enu ili neispravnu plo\u010du ulaza \u010dita\u010da kartica ovim visokokvalitetnim zamjenskim dijelom dizajniranim posebno za prijenosna ra\u010dunala eMachines E642 i E642G. Ova plo\u010da s priklju\u010dkom za \u010dita\u010d kartica osigurava besprijekorno povezivanje memorijskih kartica, omogu\u0107uju\u0107i vam jednostavan prijenos podataka i pristup datotekama. Izra\u0111ena imaju\u0107i na umu preciznost i izdr\u017eljivost, ova zamjenska plo\u010da nudi pouzdane performanse i savr\u0161eno pristaje va\u0161em prijenosnom ra\u010dunalu. Instalacija je jednostavna, \u0161to ga \u010dini idealnim rje\u0161enjem za popravke \u201euradi sam\u201c. Vratite potpunu funkcionalnost na svoje prijenosno ra\u010dunalo eMachines i u\u017eivajte u prijenosu podataka bez muke s ovom plo\u010dom s priklju\u010dkom za \u010dita\u010d kartica.<\/p>\n","protected":false},"excerpt":{"rendered":"<p>Zamijenite o\u0161te\u0107enu plo\u010du priklju\u010dka \u010dita\u010da kartica na prijenosnom ra\u010dunalu eMachines E642 ili E642G ovim visokokvalitetnim zamjenskim dijelom. U\u017eivajte u besprijekornom prijenosu podataka i jednostavnoj instalaciji za pobolj\u0161anu funkcionalnost.<\/p>\n","protected":false},"featured_media":23115,"template":"","meta":[],"product_brand":[],"product_cat":[62],"product_tag":[92],"class_list":{"0":"post-23069","1":"product","2":"type-product","3":"status-publish","4":"has-post-thumbnail","6":"product_cat-motherboards-board-parts","7":"product_tag-emachines","9":"first","10":"instock","11":"taxable","12":"shipping-taxable","13":"purchasable","14":"product-type-simple"},"_links":{"self":[{"href":"https:\/\/boreait.com\/hr\/wp-json\/wp\/v2\/product\/23069","targetHints":{"allow":["GET"]}}],"collection":[{"href":"https:\/\/boreait.com\/hr\/wp-json\/wp\/v2\/product"}],"about":[{"href":"https:\/\/boreait.com\/hr\/wp-json\/wp\/v2\/types\/product"}],"wp:featuredmedia":[{"embeddable":true,"href":"https:\/\/boreait.com\/hr\/wp-json\/wp\/v2\/media\/23115"}],"wp:attachment":[{"href":"https:\/\/boreait.com\/hr\/wp-json\/wp\/v2\/media?parent=23069"}],"wp:term":[{"taxonomy":"product_brand","embeddable":true,"href":"https:\/\/boreait.com\/hr\/wp-json\/wp\/v2\/product_brand?post=23069"},{"taxonomy":"product_cat","embeddable":true,"href":"https:\/\/boreait.com\/hr\/wp-json\/wp\/v2\/product_cat?post=23069"},{"taxonomy":"product_tag","embeddable":true,"href":"https:\/\/boreait.com\/hr\/wp-json\/wp\/v2\/product_tag?post=23069"}],"curies":[{"name":"wp","href":"https:\/\/api.w.org\/{rel}","templated":true}]}}