{"id":23049,"date":"2025-07-25T12:04:57","date_gmt":"2025-07-25T12:04:57","guid":{"rendered":"https:\/\/boreait.com\/hr\/?post_type=product&#038;p=23049"},"modified":"2025-07-25T12:05:49","modified_gmt":"2025-07-25T12:05:49","slug":"dc-power-jack-za-emachines-e529-e640-e640g-e443-p5we6-bell-tm87-tm85-tm86-tm98","status":"publish","type":"product","link":"https:\/\/boreait.com\/hr\/product\/dc-power-jack-za-emachines-e529-e640-e640g-e443-p5we6-bell-tm87-tm85-tm86-tm98\/","title":{"rendered":"DC Power Jack za eMachines E529 E640 E640G E443 P5WE6 Bell TM87 TM85 TM86 TM98"},"content":{"rendered":"<p>Zamijenite o\u0161te\u0107enu ili neispravnu uti\u010dnicu istosmjernog napajanja ovim visokokvalitetnim zamjenskim dijelom kompatibilnim s raznim modelima prijenosnih ra\u010dunala eMachines i Bell. Ova uti\u010dnica za istosmjernu struju dizajnirana je za ponovno uspostavljanje pouzdane veze s napajanjem va\u0161eg ure\u0111aja, osiguravaju\u0107i da se va\u0161e prijenosno ra\u010dunalo pravilno puni i optimalno funkcionira. Izra\u0111ena od izdr\u017eljivih materijala, ova zamjenska uti\u010dnica nudi dugotrajne performanse i sigurnu vezu. Instalacija je jednostavna, \u0161to vam omogu\u0107uje brzo ponovno pokretanje prijenosnog ra\u010dunala. Bez obzira na to jeste li DIY entuzijast ili profesionalni tehni\u010dar, ovaj DC priklju\u010dak za napajanje bitna je komponenta za odr\u017eavanje funkcionalnosti va\u0161eg prijenosnog ra\u010dunala.<\/p>\n","protected":false},"excerpt":{"rendered":"<p>Ponovo uspostavite vezu s napajanjem svog prijenosnog ra\u010dunala eMachines ili Bell pomo\u0107u ove zamjenske uti\u010dnice za istosmjernu struju. Izra\u0111en od izdr\u017eljivih materijala za dugotrajnu izvedbu. Jednostavna monta\u017ea osigurava brzo vra\u0107anje funkcionalnosti.<\/p>\n","protected":false},"featured_media":23112,"template":"","meta":[],"product_brand":[],"product_cat":[55],"product_tag":[92],"class_list":{"0":"post-23049","1":"product","2":"type-product","3":"status-publish","4":"has-post-thumbnail","6":"product_cat-cables","7":"product_tag-emachines","9":"first","10":"instock","11":"taxable","12":"shipping-taxable","13":"purchasable","14":"product-type-simple"},"_links":{"self":[{"href":"https:\/\/boreait.com\/hr\/wp-json\/wp\/v2\/product\/23049","targetHints":{"allow":["GET"]}}],"collection":[{"href":"https:\/\/boreait.com\/hr\/wp-json\/wp\/v2\/product"}],"about":[{"href":"https:\/\/boreait.com\/hr\/wp-json\/wp\/v2\/types\/product"}],"wp:featuredmedia":[{"embeddable":true,"href":"https:\/\/boreait.com\/hr\/wp-json\/wp\/v2\/media\/23112"}],"wp:attachment":[{"href":"https:\/\/boreait.com\/hr\/wp-json\/wp\/v2\/media?parent=23049"}],"wp:term":[{"taxonomy":"product_brand","embeddable":true,"href":"https:\/\/boreait.com\/hr\/wp-json\/wp\/v2\/product_brand?post=23049"},{"taxonomy":"product_cat","embeddable":true,"href":"https:\/\/boreait.com\/hr\/wp-json\/wp\/v2\/product_cat?post=23049"},{"taxonomy":"product_tag","embeddable":true,"href":"https:\/\/boreait.com\/hr\/wp-json\/wp\/v2\/product_tag?post=23049"}],"curies":[{"name":"wp","href":"https:\/\/api.w.org\/{rel}","templated":true}]}}