{"id":23048,"date":"2025-07-25T12:04:57","date_gmt":"2025-07-25T12:04:57","guid":{"rendered":"https:\/\/boreait.com\/hr\/?post_type=product&#038;p=23048"},"modified":"2026-01-19T10:08:22","modified_gmt":"2026-01-19T10:08:22","slug":"rabljeni-hladnjak-emachines-e642-g-at0g3002dr0-originalna-rashladna-komponenta","status":"publish","type":"product","link":"https:\/\/boreait.com\/hr\/product\/rabljeni-hladnjak-emachines-e642-g-at0g3002dr0-originalna-rashladna-komponenta\/","title":{"rendered":"Rabljeni hladnjak eMachines E642 G AT0G3002DR0 &#8211; originalna rashladna komponenta"},"content":{"rendered":"<p>Nadogradite sustav hla\u0111enja svog prijenosnog ra\u010dunala eMachines E642 G s ovim originalnim hladnjakom, model AT0G3002DR0. Dizajniran za u\u010dinkovito raspr\u0161ivanje topline koju generiraju CPU, GPU i druge komponente va\u0161eg prijenosnog ra\u010dunala, ovaj hladnjak osigurava optimalne performanse i pouzdanost. Izra\u0111en od visokokvalitetnih materijala, ovaj rabljeni hladnjak testiran je na funkcionalnost i spreman je za ugradnju. Neka va\u0161e prijenosno ra\u010dunalo radi glatko i sprije\u010dite probleme s pregrijavanjem pomo\u0107u ove bitne komponente.<\/p>\n","protected":false},"excerpt":{"rendered":"<p>Originalni rabljeni hladnjak AT0G3002DR0 za prijenosno ra\u010dunalo eMachines E642 G. U\u010dinkovito raspr\u0161uje toplinu za odr\u017eavanje optimalnih performansi i pouzdanosti. Ispitana funkcionalnost i spremna za ugradnju.<\/p>\n","protected":false},"featured_media":23111,"template":"","meta":[],"product_brand":[],"product_cat":[68],"product_tag":[92],"class_list":{"0":"post-23048","1":"product","2":"type-product","3":"status-publish","4":"has-post-thumbnail","6":"product_cat-cpu-fans-heatsinks","7":"product_tag-emachines","9":"first","10":"instock","11":"taxable","12":"shipping-taxable","13":"purchasable","14":"product-type-simple"},"_links":{"self":[{"href":"https:\/\/boreait.com\/hr\/wp-json\/wp\/v2\/product\/23048","targetHints":{"allow":["GET"]}}],"collection":[{"href":"https:\/\/boreait.com\/hr\/wp-json\/wp\/v2\/product"}],"about":[{"href":"https:\/\/boreait.com\/hr\/wp-json\/wp\/v2\/types\/product"}],"wp:featuredmedia":[{"embeddable":true,"href":"https:\/\/boreait.com\/hr\/wp-json\/wp\/v2\/media\/23111"}],"wp:attachment":[{"href":"https:\/\/boreait.com\/hr\/wp-json\/wp\/v2\/media?parent=23048"}],"wp:term":[{"taxonomy":"product_brand","embeddable":true,"href":"https:\/\/boreait.com\/hr\/wp-json\/wp\/v2\/product_brand?post=23048"},{"taxonomy":"product_cat","embeddable":true,"href":"https:\/\/boreait.com\/hr\/wp-json\/wp\/v2\/product_cat?post=23048"},{"taxonomy":"product_tag","embeddable":true,"href":"https:\/\/boreait.com\/hr\/wp-json\/wp\/v2\/product_tag?post=23048"}],"curies":[{"name":"wp","href":"https:\/\/api.w.org\/{rel}","templated":true}]}}