{"id":23047,"date":"2025-07-25T12:04:57","date_gmt":"2025-07-25T12:04:57","guid":{"rendered":"https:\/\/boreait.com\/hr\/?post_type=product&#038;p=23047"},"modified":"2026-01-19T10:08:04","modified_gmt":"2026-01-19T10:08:04","slug":"acer-aspire-5551-5742-packard-bell-tk85pew91-wifi-card-cover-door-ap0c9000700","status":"publish","type":"product","link":"https:\/\/boreait.com\/hr\/product\/acer-aspire-5551-5742-packard-bell-tk85pew91-wifi-card-cover-door-ap0c9000700\/","title":{"rendered":"Acer Aspire 5551 5742 Packard Bell TK85PEW91 Wifi Card Cover Door AP0C9000700"},"content":{"rendered":"<p>Zamijenite izgubljena ili o\u0161te\u0107ena vrata\u0161ca poklopca WiFi kartice ovim originalnim zamjenskim dijelom za Acer Aspire 5551 5742 Packard Bell TK85\/PEW91. Dizajnirana kako bi savr\u0161eno pristajala va\u0161em modelu prijenosnog ra\u010dunala, ova vrata\u0161ca poklopca WiFi kartice, broj dijela AP0C9000700, osigurava odgovaraju\u0107u za\u0161titu i sigurno postavljanje WiFi kartice va\u0161eg prijenosnog ra\u010dunala. Izra\u0111ena od izdr\u017eljivih materijala, ova pokrovna vrata nude dugotrajnu izvedbu i bezbri\u017enost. Jednostavno ga sami instalirajte kako biste vratili funkcionalnost prijenosnog ra\u010dunala i zadr\u017eali njegovu estetsku privla\u010dnost. Ne dopustite da vrata poklopca WiFi kartice nedostaju ili su slomljena da ugroze performanse va\u0161eg prijenosnog ra\u010dunala \u2013 nabavite ovaj zamjenski dio danas!<\/p>\n","protected":false},"excerpt":{"rendered":"<p>Zamijenite izgubljena ili o\u0161te\u0107ena vrata\u0161ca poklopca WiFi kartice ovim originalnim zamjenskim dijelom za Acer Aspire 5551 5742 Packard Bell TK85\/PEW91. Dizajniran za besprijekorno pristajanje, osigurava odgovaraju\u0107u za\u0161titu i sigurno postavljanje WiFi kartice va\u0161eg prijenosnog ra\u010dunala. Jednostavan za instalaciju, izra\u0111en od izdr\u017eljivih materijala i podr\u017ean Acerovim jamstvom kvalitete.<\/p>\n","protected":false},"featured_media":23098,"template":"","meta":[],"product_brand":[],"product_cat":[51],"product_tag":[64],"class_list":{"0":"post-23047","1":"product","2":"type-product","3":"status-publish","4":"has-post-thumbnail","6":"product_cat-laptop-housing","7":"product_tag-acer","9":"first","10":"instock","11":"taxable","12":"shipping-taxable","13":"purchasable","14":"product-type-simple"},"_links":{"self":[{"href":"https:\/\/boreait.com\/hr\/wp-json\/wp\/v2\/product\/23047","targetHints":{"allow":["GET"]}}],"collection":[{"href":"https:\/\/boreait.com\/hr\/wp-json\/wp\/v2\/product"}],"about":[{"href":"https:\/\/boreait.com\/hr\/wp-json\/wp\/v2\/types\/product"}],"wp:featuredmedia":[{"embeddable":true,"href":"https:\/\/boreait.com\/hr\/wp-json\/wp\/v2\/media\/23098"}],"wp:attachment":[{"href":"https:\/\/boreait.com\/hr\/wp-json\/wp\/v2\/media?parent=23047"}],"wp:term":[{"taxonomy":"product_brand","embeddable":true,"href":"https:\/\/boreait.com\/hr\/wp-json\/wp\/v2\/product_brand?post=23047"},{"taxonomy":"product_cat","embeddable":true,"href":"https:\/\/boreait.com\/hr\/wp-json\/wp\/v2\/product_cat?post=23047"},{"taxonomy":"product_tag","embeddable":true,"href":"https:\/\/boreait.com\/hr\/wp-json\/wp\/v2\/product_tag?post=23047"}],"curies":[{"name":"wp","href":"https:\/\/api.w.org\/{rel}","templated":true}]}}