{"id":23045,"date":"2025-07-25T12:04:56","date_gmt":"2025-07-25T12:04:56","guid":{"rendered":"https:\/\/boreait.com\/hr\/?post_type=product&#038;p=23045"},"modified":"2026-01-19T10:07:29","modified_gmt":"2026-01-19T10:07:29","slug":"emachines-e642-gumb-za-ukljucivanje-e642g-kartica-s-prekidacem-kartica-ploce-za-napajanje","status":"publish","type":"product","link":"https:\/\/boreait.com\/hr\/product\/emachines-e642-gumb-za-ukljucivanje-e642g-kartica-s-prekidacem-kartica-ploce-za-napajanje\/","title":{"rendered":"eMachines E642 gumb za uklju\u010divanje &#8211; E642G kartica s prekida\u010dem Kartica plo\u010de za napajanje"},"content":{"rendered":"<p>Nadogradite ili zamijenite karticu prekida\u010da za uklju\u010divanje\/isklju\u010divanje za svoje prijenosno ra\u010dunalo eMachines E642 ili E642G ovim visokokvalitetnim zamjenskim dijelom. Dizajnirana za vra\u0107anje funkcionalnosti va\u0161em ure\u0111aju, ova kartica za napajanje osigurava pouzdano upravljanje napajanjem, omogu\u0107uju\u0107i vam da s lako\u0107om uklju\u010dite i isklju\u010dite prijenosno ra\u010dunalo. Izra\u0111ena imaju\u0107i na umu preciznost i izdr\u017eljivost, ova preklopna kartica napravljena je da traje, pru\u017eaju\u0107i dugotrajne performanse za va\u0161u udobnost. Vratite funkcionalnost svog prijenosnog ra\u010dunala i mogu\u0107nosti kontrole napajanja s ovim originalnim zamjenskim dijelom. Jednostavna za instalaciju i kompatibilna s modelima eMachines E642 i E642G, ova preklopna kartica savr\u0161eno je rje\u0161enje za potrebe popravka va\u0161eg prijenosnog ra\u010dunala.<\/p>\n","protected":false},"excerpt":{"rendered":"<p>Zamijenite karticu prekida\u010da za uklju\u010divanje na svom prijenosnom ra\u010dunalu eMachines E642 ili E642G ovim visokokvalitetnim zamjenskim dijelom. Osigurajte pouzdano upravljanje napajanjem i jednostavan rad s ovom originalnom sklopkom. Jednostavan za instalaciju i napravljen da traje, ovaj zamjenski dio vra\u0107a funkcionalnost va\u0161em ure\u0111aju, omogu\u0107uju\u0107i vam da ga lako uklju\u010dite i isklju\u010dite.<\/p>\n","protected":false},"featured_media":23096,"template":"","meta":[],"product_brand":[],"product_cat":[62],"product_tag":[92],"class_list":{"0":"post-23045","1":"product","2":"type-product","3":"status-publish","4":"has-post-thumbnail","6":"product_cat-motherboards-board-parts","7":"product_tag-emachines","9":"first","10":"instock","11":"taxable","12":"shipping-taxable","13":"purchasable","14":"product-type-simple"},"_links":{"self":[{"href":"https:\/\/boreait.com\/hr\/wp-json\/wp\/v2\/product\/23045","targetHints":{"allow":["GET"]}}],"collection":[{"href":"https:\/\/boreait.com\/hr\/wp-json\/wp\/v2\/product"}],"about":[{"href":"https:\/\/boreait.com\/hr\/wp-json\/wp\/v2\/types\/product"}],"wp:featuredmedia":[{"embeddable":true,"href":"https:\/\/boreait.com\/hr\/wp-json\/wp\/v2\/media\/23096"}],"wp:attachment":[{"href":"https:\/\/boreait.com\/hr\/wp-json\/wp\/v2\/media?parent=23045"}],"wp:term":[{"taxonomy":"product_brand","embeddable":true,"href":"https:\/\/boreait.com\/hr\/wp-json\/wp\/v2\/product_brand?post=23045"},{"taxonomy":"product_cat","embeddable":true,"href":"https:\/\/boreait.com\/hr\/wp-json\/wp\/v2\/product_cat?post=23045"},{"taxonomy":"product_tag","embeddable":true,"href":"https:\/\/boreait.com\/hr\/wp-json\/wp\/v2\/product_tag?post=23045"}],"curies":[{"name":"wp","href":"https:\/\/api.w.org\/{rel}","templated":true}]}}