{"id":23043,"date":"2025-07-25T12:04:56","date_gmt":"2025-07-25T12:04:56","guid":{"rendered":"https:\/\/boreait.com\/hr\/?post_type=product&#038;p=23043"},"modified":"2026-01-19T10:07:11","modified_gmt":"2026-01-19T10:07:11","slug":"kingston-2gb-pc3-10600-ddr3-1333mhz-ram-memorijski-modul-acr256x64d3s1333c9","status":"publish","type":"product","link":"https:\/\/boreait.com\/hr\/product\/kingston-2gb-pc3-10600-ddr3-1333mhz-ram-memorijski-modul-acr256x64d3s1333c9\/","title":{"rendered":"Kingston 2GB PC3-10600 DDR3-1333MHz RAM memorijski modul ACR256X64D3S1333C9"},"content":{"rendered":"<p>Nadogradite memoriju svog ra\u010dunala s Kingston ACR256X64D3S1333C9 2GB RAM modulom. Dizajniran za kompatibilnost i pouzdanost, ovaj DDR3-1333MHz non-ECC memorijski modul bez me\u0111uspremnika nudi besprijekorne performanse za va\u0161e ra\u010dunalne potrebe. Uz CL9 latenciju, osigurava brz pristup podacima i glatke mogu\u0107nosti multitaskinga. Bilo da ste povremeni korisnik ili zahtjevni profesionalac, ovaj Kingstonov RAM modul pru\u017ea performanse i pouzdanost koji su vam potrebni za pobolj\u0161anje u\u010dinkovitosti va\u0161eg sustava. Instalirajte ga bez napora u svoj kompatibilni sustav i do\u017eivite pobolj\u0161anu brzinu i odziv za svoje aplikacije i zadatke.<\/p>\n","protected":false},"excerpt":{"rendered":"<p>Pobolj\u0161ajte performanse va\u0161eg ra\u010dunala s Kingston ACR256X64D3S1333C9 2GB DDR3 RAM modulom. S DDR3-1333MHz brzinom i CL9 latencijom, ovaj ne-ECC memorijski modul bez me\u0111uspremnika osigurava brz pristup podacima i glatke mogu\u0107nosti multitaskinga. Jednostavno ga instalirajte u svoj kompatibilni sustav kako biste iskusili pobolj\u0161anu brzinu i odziv za svoje aplikacije i zadatke.<\/p>\n","protected":false},"featured_media":23094,"template":"","meta":[],"product_brand":[],"product_cat":[72,71],"product_tag":[],"class_list":{"0":"post-23043","1":"product","2":"type-product","3":"status-publish","4":"has-post-thumbnail","6":"product_cat-ddr3-ddr3l","7":"product_cat-ram-memory","9":"first","10":"instock","11":"taxable","12":"shipping-taxable","13":"purchasable","14":"product-type-simple"},"_links":{"self":[{"href":"https:\/\/boreait.com\/hr\/wp-json\/wp\/v2\/product\/23043","targetHints":{"allow":["GET"]}}],"collection":[{"href":"https:\/\/boreait.com\/hr\/wp-json\/wp\/v2\/product"}],"about":[{"href":"https:\/\/boreait.com\/hr\/wp-json\/wp\/v2\/types\/product"}],"wp:featuredmedia":[{"embeddable":true,"href":"https:\/\/boreait.com\/hr\/wp-json\/wp\/v2\/media\/23094"}],"wp:attachment":[{"href":"https:\/\/boreait.com\/hr\/wp-json\/wp\/v2\/media?parent=23043"}],"wp:term":[{"taxonomy":"product_brand","embeddable":true,"href":"https:\/\/boreait.com\/hr\/wp-json\/wp\/v2\/product_brand?post=23043"},{"taxonomy":"product_cat","embeddable":true,"href":"https:\/\/boreait.com\/hr\/wp-json\/wp\/v2\/product_cat?post=23043"},{"taxonomy":"product_tag","embeddable":true,"href":"https:\/\/boreait.com\/hr\/wp-json\/wp\/v2\/product_tag?post=23043"}],"curies":[{"name":"wp","href":"https:\/\/api.w.org\/{rel}","templated":true}]}}