{"id":23042,"date":"2025-07-25T12:04:56","date_gmt":"2025-07-25T12:04:56","guid":{"rendered":"https:\/\/boreait.com\/hr\/?post_type=product&#038;p=23042"},"modified":"2026-01-19T10:06:50","modified_gmt":"2026-01-19T10:06:50","slug":"nanya-4gb-so-dimm-1333-mhz-pc3-10600-ddr3-memorija-nt4gc64b8hg0nscg","status":"publish","type":"product","link":"https:\/\/boreait.com\/hr\/product\/nanya-4gb-so-dimm-1333-mhz-pc3-10600-ddr3-memorija-nt4gc64b8hg0nscg\/","title":{"rendered":"Nanya 4GB SO-DIMM 1333 MHz PC3-10600 DDR3 memorija (NT4GC64B8HG0NSCG)"},"content":{"rendered":"<p>Nadogradite performanse svog prijenosnog ra\u010dunala s Nanya 4GB SO-DIMM DDR3 memorijskim modulom. Dizajniran za besprijekoran multitasking i glatkije operacije, ovaj memorijski modul savr\u0161en je za pobolj\u0161anje va\u0161eg ra\u010dunalnog iskustva. Uz radni takt od 1333 MHz (PC3-10600), mo\u017eete o\u010dekivati pobolj\u0161ani odziv i br\u017ei prijenos podataka. Bilo da ste povremeni korisnik, student ili profesionalac, ova nadogradnja memorije udahnut \u0107e novi \u017eivot va\u0161em prijenosnom ra\u010dunalu. Kompatibilan s razli\u010ditim modelima prijenosnih ra\u010dunala, uklju\u010duju\u0107i one koji zahtijevaju SO-DIMM memoriju, instalacija je brza i jednostavna. Jednostavno priklju\u010dite i pokrenite kako biste u\u017eivali u pobolj\u0161anoj performansi i u\u010dinkovitosti sustava. Investirajte u Nanya 4GB DDR3 memorijski modul ve\u0107 danas i podignite svoje prijenosno ra\u010dunalo na vi\u0161u razinu!<\/p>\n","protected":false},"excerpt":{"rendered":"<p>Nadogradite performanse svog prijenosnog ra\u010dunala s Nanya 4GB SO-DIMM DDR3 memorijskim modulom. Dizajnirana za besprijekoran multitasking i glatkije operacije, ova nadogradnja memorije pobolj\u0161ava va\u0161e ra\u010dunalno iskustvo. Uz radni takt od 1333 MHz (PC3-10600), u\u017eivajte u pobolj\u0161anom odzivu i br\u017eim brzinama prijenosa podataka. Jednostavna instalacija za trenutno pove\u0107anje performansi!<\/p>\n","protected":false},"featured_media":23093,"template":"","meta":[],"product_brand":[],"product_cat":[72,71],"product_tag":[],"class_list":{"0":"post-23042","1":"product","2":"type-product","3":"status-publish","4":"has-post-thumbnail","6":"product_cat-ddr3-ddr3l","7":"product_cat-ram-memory","9":"first","10":"instock","11":"taxable","12":"shipping-taxable","13":"purchasable","14":"product-type-simple"},"_links":{"self":[{"href":"https:\/\/boreait.com\/hr\/wp-json\/wp\/v2\/product\/23042","targetHints":{"allow":["GET"]}}],"collection":[{"href":"https:\/\/boreait.com\/hr\/wp-json\/wp\/v2\/product"}],"about":[{"href":"https:\/\/boreait.com\/hr\/wp-json\/wp\/v2\/types\/product"}],"wp:featuredmedia":[{"embeddable":true,"href":"https:\/\/boreait.com\/hr\/wp-json\/wp\/v2\/media\/23093"}],"wp:attachment":[{"href":"https:\/\/boreait.com\/hr\/wp-json\/wp\/v2\/media?parent=23042"}],"wp:term":[{"taxonomy":"product_brand","embeddable":true,"href":"https:\/\/boreait.com\/hr\/wp-json\/wp\/v2\/product_brand?post=23042"},{"taxonomy":"product_cat","embeddable":true,"href":"https:\/\/boreait.com\/hr\/wp-json\/wp\/v2\/product_cat?post=23042"},{"taxonomy":"product_tag","embeddable":true,"href":"https:\/\/boreait.com\/hr\/wp-json\/wp\/v2\/product_tag?post=23042"}],"curies":[{"name":"wp","href":"https:\/\/api.w.org\/{rel}","templated":true}]}}