{"id":23028,"date":"2025-07-25T12:04:32","date_gmt":"2025-07-25T12:04:32","guid":{"rendered":"https:\/\/boreait.com\/hr\/?post_type=product&#038;p=23028"},"modified":"2026-01-19T09:55:00","modified_gmt":"2026-01-19T09:55:00","slug":"ravni-vga-acer-e1-521-e1-531-e1-571-led-kabel-dc02001fo10","status":"publish","type":"product","link":"https:\/\/boreait.com\/hr\/product\/ravni-vga-acer-e1-521-e1-531-e1-571-led-kabel-dc02001fo10\/","title":{"rendered":"RAVNI VGA ACER E1-521 E1-531 E1-571 LED KABEL DC02001FO10"},"content":{"rendered":"<p>O\u017eivite svoje prijenosno ra\u010dunalo Acer Aspire s ovim osnovnim paketom zamjenskih dijelova koji sadr\u017ei LCD kabel DC02001FO10 i web kameru 11P2SF168E. LCD kabel osigurava besprijekornu povezanost izme\u0111u zaslona i mati\u010dne plo\u010de, pru\u017eaju\u0107i jasne slike i glatki rad. U me\u0111uvremenu, visokokvalitetna web-kamera jam\u010di jasne videopozive i iskustva konferencija. Projektirani za kompatibilnost i izdr\u017eljivost, ovi originalni Acerovi dijelovi osiguravaju optimalne performanse i pouzdanost. Nadogradite svoje prijenosno ra\u010dunalo danas ovim prakti\u010dnim paketom i u\u017eivajte u pobolj\u0161anoj funkcionalnosti i upotrebljivosti.<\/p>\n","protected":false},"excerpt":{"rendered":"<p>Obnovite i pobolj\u0161ajte svoje prijenosno ra\u010dunalo Acer Aspire ovim osnovnim paketom koji sadr\u017ei LCD kabel DC02001FO10 i web kameru 11P2SF168E. Osigurajte jasne slike i jasne video pozive s ovim originalnim Acerovim zamjenskim dijelovima. Jednostavan za instalaciju i napravljen da traje, ovaj je paket savr\u0161en za o\u017eivljavanje performansi va\u0161eg prijenosnog ra\u010dunala.<\/p>\n","protected":false},"featured_media":23091,"template":"","meta":[],"product_brand":[],"product_cat":[55],"product_tag":[64],"class_list":{"0":"post-23028","1":"product","2":"type-product","3":"status-publish","4":"has-post-thumbnail","6":"product_cat-cables","7":"product_tag-acer","9":"first","10":"instock","11":"taxable","12":"shipping-taxable","13":"purchasable","14":"product-type-simple"},"_links":{"self":[{"href":"https:\/\/boreait.com\/hr\/wp-json\/wp\/v2\/product\/23028","targetHints":{"allow":["GET"]}}],"collection":[{"href":"https:\/\/boreait.com\/hr\/wp-json\/wp\/v2\/product"}],"about":[{"href":"https:\/\/boreait.com\/hr\/wp-json\/wp\/v2\/types\/product"}],"wp:featuredmedia":[{"embeddable":true,"href":"https:\/\/boreait.com\/hr\/wp-json\/wp\/v2\/media\/23091"}],"wp:attachment":[{"href":"https:\/\/boreait.com\/hr\/wp-json\/wp\/v2\/media?parent=23028"}],"wp:term":[{"taxonomy":"product_brand","embeddable":true,"href":"https:\/\/boreait.com\/hr\/wp-json\/wp\/v2\/product_brand?post=23028"},{"taxonomy":"product_cat","embeddable":true,"href":"https:\/\/boreait.com\/hr\/wp-json\/wp\/v2\/product_cat?post=23028"},{"taxonomy":"product_tag","embeddable":true,"href":"https:\/\/boreait.com\/hr\/wp-json\/wp\/v2\/product_tag?post=23028"}],"curies":[{"name":"wp","href":"https:\/\/api.w.org\/{rel}","templated":true}]}}