{"id":23027,"date":"2025-07-25T12:04:32","date_gmt":"2025-07-25T12:04:32","guid":{"rendered":"https:\/\/boreait.com\/hr\/?post_type=product&#038;p=23027"},"modified":"2025-07-25T12:05:36","modified_gmt":"2025-07-25T12:05:36","slug":"tipkovnica-za-acer-aspire-pk130c91123-v104702ak3-zamjenski-dio","status":"publish","type":"product","link":"https:\/\/boreait.com\/hr\/product\/tipkovnica-za-acer-aspire-pk130c91123-v104702ak3-zamjenski-dio\/","title":{"rendered":"Tipkovnica za Acer Aspire PK130C91123 V104702AK3 Zamjenski dio"},"content":{"rendered":"<p>Izgled: Slovenski (SLO) &#8211; tako\u0111er kompatibilan s drugim dr\u017eavama i jezicima.<\/p>\n<p>Nadogradite ili zamijenite tipkovnicu na prijenosnom ra\u010dunalu Acer Aspire ovom visokokvalitetnom tipkovnicom. Dizajnirana kao kompatibilna zamjena za model PK130C91123 V104702AK3, ova tipkovnica nudi besprijekornu integraciju i pouzdan rad. Izra\u0111ene imaju\u0107i na umu preciznost i izdr\u017eljivost, svaka tipka pru\u017ea taktilnu povratnu informaciju za udobno tipkanje. Bilo da upisujete dokumente, pretra\u017eujete web ili igrate igrice, ova tipkovnica osigurava glatko iskustvo s brzim odzivom. Instalacija je jednostavna, \u0161to olak\u0161ava vra\u0107anje funkcionalnosti prijenosnog ra\u010dunala. Ulo\u017eite u ovu tipkovnicu danas i u\u017eivajte u pobolj\u0161anoj produktivnosti i udobnosti sa svojim prijenosnim ra\u010dunalom Acer Aspire.<\/p>\n","protected":false},"excerpt":{"rendered":"<p>Zamijenite ili nadogradite svoju tipkovnicu prijenosnog ra\u010dunala Acer Aspire ovim kompatibilnim zamjenskim dijelom. U\u017eivajte u udobnom tipkanju i brzom odzivu pri svakom pritisku tipke. Jednostavna za instalaciju, ova tipkovnica s lako\u0107om vra\u0107a funkcionalnost va\u0161eg prijenosnog ra\u010dunala.<\/p>\n","protected":false},"featured_media":23089,"template":"","meta":[],"product_brand":[],"product_cat":[70],"product_tag":[64],"class_list":{"0":"post-23027","1":"product","2":"type-product","3":"status-publish","4":"has-post-thumbnail","6":"product_cat-laptop-keyboard","7":"product_tag-acer","9":"first","10":"instock","11":"taxable","12":"shipping-taxable","13":"purchasable","14":"product-type-simple"},"_links":{"self":[{"href":"https:\/\/boreait.com\/hr\/wp-json\/wp\/v2\/product\/23027","targetHints":{"allow":["GET"]}}],"collection":[{"href":"https:\/\/boreait.com\/hr\/wp-json\/wp\/v2\/product"}],"about":[{"href":"https:\/\/boreait.com\/hr\/wp-json\/wp\/v2\/types\/product"}],"wp:featuredmedia":[{"embeddable":true,"href":"https:\/\/boreait.com\/hr\/wp-json\/wp\/v2\/media\/23089"}],"wp:attachment":[{"href":"https:\/\/boreait.com\/hr\/wp-json\/wp\/v2\/media?parent=23027"}],"wp:term":[{"taxonomy":"product_brand","embeddable":true,"href":"https:\/\/boreait.com\/hr\/wp-json\/wp\/v2\/product_brand?post=23027"},{"taxonomy":"product_cat","embeddable":true,"href":"https:\/\/boreait.com\/hr\/wp-json\/wp\/v2\/product_cat?post=23027"},{"taxonomy":"product_tag","embeddable":true,"href":"https:\/\/boreait.com\/hr\/wp-json\/wp\/v2\/product_tag?post=23027"}],"curies":[{"name":"wp","href":"https:\/\/api.w.org\/{rel}","templated":true}]}}