{"id":23026,"date":"2025-07-25T12:04:32","date_gmt":"2025-07-25T12:04:32","guid":{"rendered":"https:\/\/boreait.com\/hr\/?post_type=product&#038;p=23026"},"modified":"2025-07-25T12:05:34","modified_gmt":"2025-07-25T12:05:34","slug":"emachines-e642g-oslonac-za-ruku-s-gornjim-poklopcem-touchpada","status":"publish","type":"product","link":"https:\/\/boreait.com\/hr\/product\/emachines-e642g-oslonac-za-ruku-s-gornjim-poklopcem-touchpada\/","title":{"rendered":"eMachines E642G oslonac za ruku s gornjim poklopcem touchpada"},"content":{"rendered":"<p>Nadogradite izgled i funkcionalnost svog prijenosnog ra\u010dunala eMachines E642G s osloncem za dlan ove marke s integriranim gornjim poklopcem touchpada. Izra\u0111en da besprijekorno pristaje uz va\u0161 ure\u0111aj, ovaj oslonac za dlan ne samo da pobolj\u0161ava estetiku, ve\u0107 tako\u0111er pru\u017ea udobnu povr\u0161inu za va\u0161e dlanove tijekom tipkanja. Integrirani touchpad omogu\u0107uje preciznu kontrolu pokaziva\u010da, \u010dine\u0107i navigaciju jednostavnom. Zamijenite svoj stari ili o\u0161te\u0107eni oslonac za dlan ovom visokokvalitetnom zamjenom kako biste svoje prijenosno ra\u010dunalo vratili u optimalno stanje. Jednostavan za instalaciju, ovaj oslonac za dlan savr\u0161eno je rje\u0161enje za potrebe dijelova va\u0161eg prijenosnog ra\u010dunala.<\/p>\n","protected":false},"excerpt":{"rendered":"<p>Pobolj\u0161ajte svoje prijenosno ra\u010dunalo eMachines E642G ovom robnom markom osloncem za dlanove s integriranim gornjim poklopcem touchpada. Zamijenite svoj stari ili o\u0161te\u0107eni oslonac za dlan kako biste prijenosno ra\u010dunalo vratili u optimalno stanje. Jednostavan za instalaciju, ovaj oslonac za dlan savr\u0161eno je rje\u0161enje za potrebe dijelova va\u0161eg prijenosnog ra\u010dunala.<\/p>\n","protected":false},"featured_media":23087,"template":"","meta":[],"product_brand":[],"product_cat":[51],"product_tag":[92],"class_list":{"0":"post-23026","1":"product","2":"type-product","3":"status-publish","4":"has-post-thumbnail","6":"product_cat-laptop-housing","7":"product_tag-emachines","9":"first","10":"instock","11":"taxable","12":"shipping-taxable","13":"purchasable","14":"product-type-simple"},"_links":{"self":[{"href":"https:\/\/boreait.com\/hr\/wp-json\/wp\/v2\/product\/23026","targetHints":{"allow":["GET"]}}],"collection":[{"href":"https:\/\/boreait.com\/hr\/wp-json\/wp\/v2\/product"}],"about":[{"href":"https:\/\/boreait.com\/hr\/wp-json\/wp\/v2\/types\/product"}],"wp:featuredmedia":[{"embeddable":true,"href":"https:\/\/boreait.com\/hr\/wp-json\/wp\/v2\/media\/23087"}],"wp:attachment":[{"href":"https:\/\/boreait.com\/hr\/wp-json\/wp\/v2\/media?parent=23026"}],"wp:term":[{"taxonomy":"product_brand","embeddable":true,"href":"https:\/\/boreait.com\/hr\/wp-json\/wp\/v2\/product_brand?post=23026"},{"taxonomy":"product_cat","embeddable":true,"href":"https:\/\/boreait.com\/hr\/wp-json\/wp\/v2\/product_cat?post=23026"},{"taxonomy":"product_tag","embeddable":true,"href":"https:\/\/boreait.com\/hr\/wp-json\/wp\/v2\/product_tag?post=23026"}],"curies":[{"name":"wp","href":"https:\/\/api.w.org\/{rel}","templated":true}]}}