{"id":23025,"date":"2025-07-25T12:04:32","date_gmt":"2025-07-25T12:04:32","guid":{"rendered":"https:\/\/boreait.com\/hr\/?post_type=product&#038;p=23025"},"modified":"2025-07-25T12:05:29","modified_gmt":"2025-07-25T12:05:29","slug":"emachines-e644-e644g-e442-e642g-ap0c9000210-okvir-zaslona-lcd-poklopac","status":"publish","type":"product","link":"https:\/\/boreait.com\/hr\/product\/emachines-e644-e644g-e442-e642g-ap0c9000210-okvir-zaslona-lcd-poklopac\/","title":{"rendered":"EMACHINES E644 E644G E442 E642G AP0c9000210 Okvir zaslona LCD poklopac"},"content":{"rendered":"<p>Zamijenite o\u0161te\u0107eni ili istro\u0161eni okvir zaslona i LCD poklopac ovim originalnim AP0c9000210 zamjenskim dijelom kompatibilnim s prijenosnim ra\u010dunalima EMACHINES E644, E644G, E442 i E642G. Izra\u0111en imaju\u0107i na umu preciznost i izdr\u017eljivost, ovaj okvir zaslona i poklopac LCD-a osiguravaju savr\u0161eno pristajanje i besprijekornu integraciju sa zaslonom va\u0161eg prijenosnog ra\u010dunala, \u010duvaju\u0107i njegovu strukturnu cjelovitost i estetsku privla\u010dnost. Izra\u0111en od visokokvalitetnih materijala, ovaj zamjenski dio dizajniran je da izdr\u017ei svakodnevnu upotrebu i pru\u017ei dugotrajnu izvedbu. Jednostavan za instalaciju, ovaj okvir zaslona i poklopac LCD-a omogu\u0107uju zamjenu bez ikakvih problema, \u0161tede\u0107i vam vrijeme i trud. Vratite svoje prijenosno ra\u010dunalo EMACHINES u izvorno stanje s ovim originalnim zamjenskim dijelom i u\u017eivajte u neprekidnoj produktivnosti i vizualnoj jasno\u0107i.<\/p>\n","protected":false},"excerpt":{"rendered":"<p>Zamijenite o\u0161te\u0107eni ili istro\u0161eni okvir zaslona i LCD poklopac ovim originalnim AP0c9000210 zamjenskim dijelom kompatibilnim s prijenosnim ra\u010dunalima EMACHINES E644, E644G, E442 i E642G. Izra\u0111en imaju\u0107i na umu preciznost i izdr\u017eljivost, ovaj okvir zaslona i poklopac LCD-a osiguravaju savr\u0161eno pristajanje i besprijekornu integraciju sa zaslonom va\u0161eg prijenosnog ra\u010dunala, \u010duvaju\u0107i njegovu strukturnu cjelovitost i estetsku privla\u010dnost. Izra\u0111en od visokokvalitetnih materijala, ovaj zamjenski dio dizajniran je da izdr\u017ei svakodnevnu upotrebu i pru\u017ei dugotrajnu izvedbu. Jednostavan za instalaciju, ovaj okvir zaslona i poklopac LCD-a omogu\u0107uju zamjenu bez ikakvih problema, \u0161tede\u0107i vam vrijeme i trud.<\/p>\n","protected":false},"featured_media":23085,"template":"","meta":[],"product_brand":[],"product_cat":[51],"product_tag":[92],"class_list":{"0":"post-23025","1":"product","2":"type-product","3":"status-publish","4":"has-post-thumbnail","6":"product_cat-laptop-housing","7":"product_tag-emachines","9":"first","10":"instock","11":"taxable","12":"shipping-taxable","13":"purchasable","14":"product-type-simple"},"_links":{"self":[{"href":"https:\/\/boreait.com\/hr\/wp-json\/wp\/v2\/product\/23025","targetHints":{"allow":["GET"]}}],"collection":[{"href":"https:\/\/boreait.com\/hr\/wp-json\/wp\/v2\/product"}],"about":[{"href":"https:\/\/boreait.com\/hr\/wp-json\/wp\/v2\/types\/product"}],"wp:featuredmedia":[{"embeddable":true,"href":"https:\/\/boreait.com\/hr\/wp-json\/wp\/v2\/media\/23085"}],"wp:attachment":[{"href":"https:\/\/boreait.com\/hr\/wp-json\/wp\/v2\/media?parent=23025"}],"wp:term":[{"taxonomy":"product_brand","embeddable":true,"href":"https:\/\/boreait.com\/hr\/wp-json\/wp\/v2\/product_brand?post=23025"},{"taxonomy":"product_cat","embeddable":true,"href":"https:\/\/boreait.com\/hr\/wp-json\/wp\/v2\/product_cat?post=23025"},{"taxonomy":"product_tag","embeddable":true,"href":"https:\/\/boreait.com\/hr\/wp-json\/wp\/v2\/product_tag?post=23025"}],"curies":[{"name":"wp","href":"https:\/\/api.w.org\/{rel}","templated":true}]}}