{"id":23024,"date":"2025-07-25T12:04:31","date_gmt":"2025-07-25T12:04:31","guid":{"rendered":"https:\/\/boreait.com\/hr\/?post_type=product&#038;p=23024"},"modified":"2025-07-25T12:05:20","modified_gmt":"2025-07-25T12:05:20","slug":"emachines-e442-e642-e642g-lcd-gornji-poklopac-straznjeg-poklopca-zamjenski-dio","status":"publish","type":"product","link":"https:\/\/boreait.com\/hr\/product\/emachines-e442-e642-e642g-lcd-gornji-poklopac-straznjeg-poklopca-zamjenski-dio\/","title":{"rendered":"eMachines E442 E642 E642G LCD gornji poklopac stra\u017enjeg poklopca zamjenski dio"},"content":{"rendered":"<p>Revitalizirajte svoje prijenosno ra\u010dunalo eMachines E442, E642 ili E642G ovim zamjenskim dijelom gornjeg LCD poklopca i stra\u017enjeg poklopca. Izra\u0111ena prema OEM specifikacijama, ova maska osigurava savr\u0161eno pristajanje i besprijekornu integraciju s va\u0161im ure\u0111ajem. Izra\u0111en od izdr\u017eljivih materijala, nudi za\u0161titu za va\u0161 zaslon dok va\u0161em prijenosnom ra\u010dunalu daje elegantan i profesionalan izgled. Bilo da \u017eelite zamijeniti o\u0161te\u0107enu masku ili pobolj\u0161ati estetiku svog ure\u0111aja, ovaj zamjenski dio je idealno rje\u0161enje. Jednostavan za instalaciju, omogu\u0107uje vam vra\u0107anje izgleda i funkcionalnosti prijenosnog ra\u010dunala uz minimalan napor. Nadogradite svoje eMachines prijenosno ra\u010dunalo ve\u0107 danas s ovim visokokvalitetnim LCD gornjim poklopcem stra\u017enjeg poklopca.<\/p>\n","protected":false},"excerpt":{"rendered":"<p>Zamijenite svoj o\u0161te\u0107eni ili istro\u0161eni stra\u017enji poklopac LCD gornjeg poklopca na prijenosnom ra\u010dunalu eMachines E442, E642 ili E642G ovim zamjenskim dijelom marke. Izra\u0111en prema OEM specifikacijama, osigurava savr\u0161eno pristajanje i dodaje elegantan zavr\u0161etak va\u0161em ure\u0111aju. Jednostavan za instalaciju, idealno je rje\u0161enje za vra\u0107anje izgleda prijenosnog ra\u010dunala i za\u0161titu zaslona.<\/p>\n","protected":false},"featured_media":23066,"template":"","meta":[],"product_brand":[],"product_cat":[51],"product_tag":[92],"class_list":{"0":"post-23024","1":"product","2":"type-product","3":"status-publish","4":"has-post-thumbnail","6":"product_cat-laptop-housing","7":"product_tag-emachines","9":"first","10":"instock","11":"taxable","12":"shipping-taxable","13":"purchasable","14":"product-type-simple"},"_links":{"self":[{"href":"https:\/\/boreait.com\/hr\/wp-json\/wp\/v2\/product\/23024","targetHints":{"allow":["GET"]}}],"collection":[{"href":"https:\/\/boreait.com\/hr\/wp-json\/wp\/v2\/product"}],"about":[{"href":"https:\/\/boreait.com\/hr\/wp-json\/wp\/v2\/types\/product"}],"wp:featuredmedia":[{"embeddable":true,"href":"https:\/\/boreait.com\/hr\/wp-json\/wp\/v2\/media\/23066"}],"wp:attachment":[{"href":"https:\/\/boreait.com\/hr\/wp-json\/wp\/v2\/media?parent=23024"}],"wp:term":[{"taxonomy":"product_brand","embeddable":true,"href":"https:\/\/boreait.com\/hr\/wp-json\/wp\/v2\/product_brand?post=23024"},{"taxonomy":"product_cat","embeddable":true,"href":"https:\/\/boreait.com\/hr\/wp-json\/wp\/v2\/product_cat?post=23024"},{"taxonomy":"product_tag","embeddable":true,"href":"https:\/\/boreait.com\/hr\/wp-json\/wp\/v2\/product_tag?post=23024"}],"curies":[{"name":"wp","href":"https:\/\/api.w.org\/{rel}","templated":true}]}}