{"id":23022,"date":"2025-07-25T12:04:31","date_gmt":"2025-07-25T12:04:31","guid":{"rendered":"https:\/\/boreait.com\/hr\/?post_type=product&#038;p=23022"},"modified":"2025-07-25T12:05:14","modified_gmt":"2025-07-25T12:05:14","slug":"video-kabel-s-ravnim-lcd-zaslonom-zaslon-za-hp-6820s-compaq-monitor-456582-001","status":"publish","type":"product","link":"https:\/\/boreait.com\/hr\/product\/video-kabel-s-ravnim-lcd-zaslonom-zaslon-za-hp-6820s-compaq-monitor-456582-001\/","title":{"rendered":"Video kabel s ravnim LCD zaslonom Zaslon za HP 6820s Compaq monitor 456582-001"},"content":{"rendered":"<p>Nadogradite svoj monitor prijenosnog ra\u010dunala HP 6820s Compaq s ovim ravnim LCD zaslonom visoke kvalitete s video kabelom. Dizajniran za pru\u017eanje jasnih i jasnih slika, ovaj kabel osigurava besprijekornu povezanost izme\u0111u plo\u010de zaslona i mati\u010dne plo\u010de. Izra\u0111en s precizno\u0161\u0107u i izdr\u017eljivo\u0161\u0107u, pru\u017ea pouzdan rad, \u0161to ga \u010dini bitnim zamjenskim dijelom za va\u0161e prijenosno ra\u010dunalo. Kompatibilan s modelima HP 6820s Compaq i brojem dijela 456582-001, ovaj video kabel nudi savr\u0161eno pristajanje i instalaciju bez muke. Vratite funkcionalnost zaslona prijenosnog ra\u010dunala s ovim pouzdanim zamjenskim kabelom danas!<\/p>\n","protected":false},"excerpt":{"rendered":"<p>Zamijenite svoj istro\u0161eni ili o\u0161te\u0107eni video kabel s ravnim LCD zaslonom ovim visokokvalitetnim zamjenskim dijelom za HP 6820s Compaq prijenosna ra\u010dunala. Osigurajte besprijekornu povezanost i jasne slike za pobolj\u0161ano iskustvo gledanja. Jednostavan za instalaciju i kompatibilan s brojem dijela 456582-001, ovaj kabel bitna je nadogradnja za va\u0161e prijenosno ra\u010dunalo.<\/p>\n","protected":false},"featured_media":23064,"template":"","meta":[],"product_brand":[],"product_cat":[55],"product_tag":[60],"class_list":{"0":"post-23022","1":"product","2":"type-product","3":"status-publish","4":"has-post-thumbnail","6":"product_cat-cables","7":"product_tag-hp","9":"first","10":"instock","11":"taxable","12":"shipping-taxable","13":"purchasable","14":"product-type-simple"},"_links":{"self":[{"href":"https:\/\/boreait.com\/hr\/wp-json\/wp\/v2\/product\/23022","targetHints":{"allow":["GET"]}}],"collection":[{"href":"https:\/\/boreait.com\/hr\/wp-json\/wp\/v2\/product"}],"about":[{"href":"https:\/\/boreait.com\/hr\/wp-json\/wp\/v2\/types\/product"}],"wp:featuredmedia":[{"embeddable":true,"href":"https:\/\/boreait.com\/hr\/wp-json\/wp\/v2\/media\/23064"}],"wp:attachment":[{"href":"https:\/\/boreait.com\/hr\/wp-json\/wp\/v2\/media?parent=23022"}],"wp:term":[{"taxonomy":"product_brand","embeddable":true,"href":"https:\/\/boreait.com\/hr\/wp-json\/wp\/v2\/product_brand?post=23022"},{"taxonomy":"product_cat","embeddable":true,"href":"https:\/\/boreait.com\/hr\/wp-json\/wp\/v2\/product_cat?post=23022"},{"taxonomy":"product_tag","embeddable":true,"href":"https:\/\/boreait.com\/hr\/wp-json\/wp\/v2\/product_tag?post=23022"}],"curies":[{"name":"wp","href":"https:\/\/api.w.org\/{rel}","templated":true}]}}