{"id":23021,"date":"2025-07-25T12:04:31","date_gmt":"2025-07-25T12:04:31","guid":{"rendered":"https:\/\/boreait.com\/hr\/?post_type=product&#038;p=23021"},"modified":"2026-01-19T09:54:43","modified_gmt":"2026-01-19T09:54:43","slug":"gornji-nosac-za-17-lcd-zaslon-hp-6820s-compaq-prijenosno-racunalo","status":"publish","type":"product","link":"https:\/\/boreait.com\/hr\/product\/gornji-nosac-za-17-lcd-zaslon-hp-6820s-compaq-prijenosno-racunalo\/","title":{"rendered":"Gornji nosa\u010d za 17\u201d LCD zaslon HP 6820s Compaq prijenosno ra\u010dunalo"},"content":{"rendered":"<p>Nadogradite stabilnost 17&#8243; LCD zaslona va\u0161eg prijenosnog ra\u010dunala HP Compaq 6820s s ovim gornjim nosa\u010dem. Izra\u0111en posebno za model HP 6820s, ovaj nosa\u010d osigurava sigurno pristajanje, dr\u017ee\u0107i va\u0161 zaslon na mjestu tijekom upotrebe. Izra\u0111en od izdr\u017eljivih materijala, ovaj gornji nosa\u010d nudi pouzdanost i dugotrajnost, pru\u017eaju\u0107i bezbri\u017enost za produljenu upotrebu. Jednostavan za instalaciju, omogu\u0107uje zamjenu bez muke gornji nosa\u010d va\u0161eg prijenosnog ra\u010dunala, vra\u0107anje funkcionalnosti i osiguravanje optimalne podr\u0161ke za zaslon Pobolj\u0161ajte performanse i izdr\u017eljivost va\u0161eg prijenosnog ra\u010dunala s ovim vrhunskim gornjim nosa\u010dem za HP Compaq 6820s.<\/p>\n","protected":false},"excerpt":{"rendered":"<p>Nadogradite 17&#8243; LCD zaslon svog prijenosnog ra\u010dunala HP Compaq 6820s ovim gornjim nosa\u010dem. Posebno dizajniran za model HP 6820s, ovaj izdr\u017eljivi nosa\u010d osigurava sigurno pristajanje, pru\u017eaju\u0107i stabilnost i podr\u0161ku tijekom kori\u0161tenja. Jednostavan za instalaciju, nudi zamjenu bez muke i vra\u0107a funkcionalnost na zaslon va\u0161eg prijenosnog ra\u010dunala.<\/p>\n","protected":false},"featured_media":23063,"template":"","meta":[],"product_brand":[],"product_cat":[51],"product_tag":[60],"class_list":{"0":"post-23021","1":"product","2":"type-product","3":"status-publish","4":"has-post-thumbnail","6":"product_cat-laptop-housing","7":"product_tag-hp","9":"first","10":"instock","11":"taxable","12":"shipping-taxable","13":"purchasable","14":"product-type-simple"},"_links":{"self":[{"href":"https:\/\/boreait.com\/hr\/wp-json\/wp\/v2\/product\/23021","targetHints":{"allow":["GET"]}}],"collection":[{"href":"https:\/\/boreait.com\/hr\/wp-json\/wp\/v2\/product"}],"about":[{"href":"https:\/\/boreait.com\/hr\/wp-json\/wp\/v2\/types\/product"}],"wp:featuredmedia":[{"embeddable":true,"href":"https:\/\/boreait.com\/hr\/wp-json\/wp\/v2\/media\/23063"}],"wp:attachment":[{"href":"https:\/\/boreait.com\/hr\/wp-json\/wp\/v2\/media?parent=23021"}],"wp:term":[{"taxonomy":"product_brand","embeddable":true,"href":"https:\/\/boreait.com\/hr\/wp-json\/wp\/v2\/product_brand?post=23021"},{"taxonomy":"product_cat","embeddable":true,"href":"https:\/\/boreait.com\/hr\/wp-json\/wp\/v2\/product_cat?post=23021"},{"taxonomy":"product_tag","embeddable":true,"href":"https:\/\/boreait.com\/hr\/wp-json\/wp\/v2\/product_tag?post=23021"}],"curies":[{"name":"wp","href":"https:\/\/api.w.org\/{rel}","templated":true}]}}