{"id":23019,"date":"2025-07-25T12:04:31","date_gmt":"2025-07-25T12:04:31","guid":{"rendered":"https:\/\/boreait.com\/hr\/?post_type=product&#038;p=23019"},"modified":"2026-01-19T09:54:22","modified_gmt":"2026-01-19T09:54:22","slug":"fujitsu-lifebook-e754-poklopac-memorije-poklopac-okvira-memorije-vrata-poklopca-memorije","status":"publish","type":"product","link":"https:\/\/boreait.com\/hr\/product\/fujitsu-lifebook-e754-poklopac-memorije-poklopac-okvira-memorije-vrata-poklopca-memorije\/","title":{"rendered":"Fujitsu LifeBook E754 Poklopac memorije Poklopac okvira memorije Vrata poklopca memorije"},"content":{"rendered":"<p>Nadogradite svoj Fujitsu LifeBook E754 ovim originalnim poklopcem memorije s poklopcem okvira memorije. Izra\u0111ena posebno za model E754, ova pokrovna vrata\u0161ca omogu\u0107uju jednostavan pristup memorijskim utorima va\u0161eg prijenosnog ra\u010dunala za prakti\u010dne nadogradnje. Izra\u0111en od izdr\u017eljivih materijala, ovaj poklopac osigurava sigurno pristajanje i za\u0161titu memorijskih komponenti va\u0161eg prijenosnog ra\u010dunala. Bilo da ste student, profesionalac ili zaljubljenik u tehnologiju, ova vrata\u0161ca poklopca za memoriju klju\u010dna su za odr\u017eavanje i pobolj\u0161anje performansi va\u0161eg prijenosnog ra\u010dunala. Zamijenite svoju staru ili o\u0161te\u0107enu masku ovom visokokvalitetnom zamjenom i neka va\u0161 Fujitsu LifeBook E754 radi glatko.<\/p>\n","protected":false},"excerpt":{"rendered":"<p>Unaprijedite svoj Fujitsu LifeBook E754 s ovim originalnim memorijskim poklopcem s okvirom za memoriju. Omogu\u0107uje jednostavan pristup memorijskim utorima za nadogradnju. Izdr\u017eljiva konstrukcija osigurava sigurno pristajanje i za\u0161titu memorijskih komponenti va\u0161eg prijenosnog ra\u010dunala. Neophodan za odr\u017eavanje i pobolj\u0161anje performansi prijenosnog ra\u010dunala.<\/p>\n","protected":false},"featured_media":23061,"template":"","meta":[],"product_brand":[],"product_cat":[51],"product_tag":[63],"class_list":{"0":"post-23019","1":"product","2":"type-product","3":"status-publish","4":"has-post-thumbnail","6":"product_cat-laptop-housing","7":"product_tag-fujitsu","9":"first","10":"instock","11":"taxable","12":"shipping-taxable","13":"purchasable","14":"product-type-simple"},"_links":{"self":[{"href":"https:\/\/boreait.com\/hr\/wp-json\/wp\/v2\/product\/23019","targetHints":{"allow":["GET"]}}],"collection":[{"href":"https:\/\/boreait.com\/hr\/wp-json\/wp\/v2\/product"}],"about":[{"href":"https:\/\/boreait.com\/hr\/wp-json\/wp\/v2\/types\/product"}],"wp:featuredmedia":[{"embeddable":true,"href":"https:\/\/boreait.com\/hr\/wp-json\/wp\/v2\/media\/23061"}],"wp:attachment":[{"href":"https:\/\/boreait.com\/hr\/wp-json\/wp\/v2\/media?parent=23019"}],"wp:term":[{"taxonomy":"product_brand","embeddable":true,"href":"https:\/\/boreait.com\/hr\/wp-json\/wp\/v2\/product_brand?post=23019"},{"taxonomy":"product_cat","embeddable":true,"href":"https:\/\/boreait.com\/hr\/wp-json\/wp\/v2\/product_cat?post=23019"},{"taxonomy":"product_tag","embeddable":true,"href":"https:\/\/boreait.com\/hr\/wp-json\/wp\/v2\/product_tag?post=23019"}],"curies":[{"name":"wp","href":"https:\/\/api.w.org\/{rel}","templated":true}]}}