{"id":23017,"date":"2025-07-25T12:04:30","date_gmt":"2025-07-25T12:04:30","guid":{"rendered":"https:\/\/boreait.com\/hr\/?post_type=product&#038;p=23017"},"modified":"2025-07-25T12:05:08","modified_gmt":"2025-07-25T12:05:08","slug":"originalni-modul-citaca-pametnih-kartica-fujitsu-lifebook-e754-15-6-cp621951-x1","status":"publish","type":"product","link":"https:\/\/boreait.com\/hr\/product\/originalni-modul-citaca-pametnih-kartica-fujitsu-lifebook-e754-15-6-cp621951-x1\/","title":{"rendered":"Originalni modul \u010dita\u010da pametnih kartica Fujitsu Lifebook E754 15.6 CP621951-X1"},"content":{"rendered":"<p>Nadogradite svoje prijenosno ra\u010dunalo Fujitsu Lifebook E754 s ovim izvornim modulom \u010dita\u010da pametnih kartica, dizajniranim za siguran pristup va\u0161em ure\u0111aju. Ova originalna Fujitsu komponenta osigurava kompatibilnost i besprijekornu integraciju s va\u0161im prijenosnim ra\u010dunalom, omogu\u0107uju\u0107i vam da pobolj\u0161ate njegovu funkcionalnost bez napora. S njegovom funkcionalno\u0161\u0107u \u010dita\u010da pametnih kartica, mo\u017eete jednostavno pristupiti sigurnim sustavima i podacima, \u0161to ga \u010dini idealnim za profesionalce i pojedince kojima je sigurnost podataka prioritet. Jednostavan za instalaciju i napravljen da traje, ovaj modul je savr\u0161ena zamjena za va\u0161 postoje\u0107i ili o\u0161te\u0107eni \u010dita\u010d. Investirajte u autenti\u010dnost i pouzdanost Fujitsu komponenti i do\u017eivite pobolj\u0161anu sigurnost i prakti\u010dnost sa svojim prijenosnim ra\u010dunalom Lifebook E754.<\/p>\n","protected":false},"excerpt":{"rendered":"<p>Pobolj\u0161ajte sigurnost i funkcionalnost svog prijenosnog ra\u010dunala Fujitsu Lifebook E754 s ovim originalnim modulom \u010dita\u010da pametnih kartica. Dizajnirana za besprijekornu integraciju i jednostavnu upotrebu, ova originalna Fujitsu komponenta osigurava siguran pristup va\u0161em ure\u0111aju i podacima. Nadogradite danas za dodatni mir i prakti\u010dnost.<\/p>\n","protected":false},"featured_media":23059,"template":"","meta":[],"product_brand":[],"product_cat":[62],"product_tag":[63],"class_list":{"0":"post-23017","1":"product","2":"type-product","3":"status-publish","4":"has-post-thumbnail","6":"product_cat-motherboards-board-parts","7":"product_tag-fujitsu","9":"first","10":"instock","11":"taxable","12":"shipping-taxable","13":"purchasable","14":"product-type-simple"},"_links":{"self":[{"href":"https:\/\/boreait.com\/hr\/wp-json\/wp\/v2\/product\/23017","targetHints":{"allow":["GET"]}}],"collection":[{"href":"https:\/\/boreait.com\/hr\/wp-json\/wp\/v2\/product"}],"about":[{"href":"https:\/\/boreait.com\/hr\/wp-json\/wp\/v2\/types\/product"}],"wp:featuredmedia":[{"embeddable":true,"href":"https:\/\/boreait.com\/hr\/wp-json\/wp\/v2\/media\/23059"}],"wp:attachment":[{"href":"https:\/\/boreait.com\/hr\/wp-json\/wp\/v2\/media?parent=23017"}],"wp:term":[{"taxonomy":"product_brand","embeddable":true,"href":"https:\/\/boreait.com\/hr\/wp-json\/wp\/v2\/product_brand?post=23017"},{"taxonomy":"product_cat","embeddable":true,"href":"https:\/\/boreait.com\/hr\/wp-json\/wp\/v2\/product_cat?post=23017"},{"taxonomy":"product_tag","embeddable":true,"href":"https:\/\/boreait.com\/hr\/wp-json\/wp\/v2\/product_tag?post=23017"}],"curies":[{"name":"wp","href":"https:\/\/api.w.org\/{rel}","templated":true}]}}