{"id":22999,"date":"2025-07-25T12:04:07","date_gmt":"2025-07-25T12:04:07","guid":{"rendered":"https:\/\/boreait.com\/hr\/?post_type=product&#038;p=22999"},"modified":"2025-07-25T12:05:04","modified_gmt":"2025-07-25T12:05:04","slug":"fujitsu-lifebook-e544-e734-e744-set-zvucnika-lijevi-desni-zvucnici","status":"publish","type":"product","link":"https:\/\/boreait.com\/hr\/product\/fujitsu-lifebook-e544-e734-e744-set-zvucnika-lijevi-desni-zvucnici\/","title":{"rendered":"Fujitsu Lifebook E544 E734 E744 Set zvu\u010dnika Lijevi + Desni &#8211; Zvu\u010dnici"},"content":{"rendered":"<p>Pobolj\u0161ajte audio iskustvo svog prijenosnog ra\u010dunala Fujitsu Lifebook E544, E734 ili E744 s ovim setom zvu\u010dnika koji se sastoji od lijevog i desnog zvu\u010dnika. Izra\u0111eni za optimalnu kvalitetu zvuka i kompatibilnost, ovi zvu\u010dnici pru\u017eaju o\u0161tar i jasan audio izlaz za va\u0161e multimedijske potrebe. Bilo da gledate filmove, slu\u0161ate glazbu ili sudjelujete u videokonferencijama, ovi zvu\u010dnici isporu\u010duju impresivan zvuk kako bi pobolj\u0161ali va\u0161e korisni\u010dko iskustvo. Dizajniran za besprijekornu integraciju u va\u0161e prijenosno ra\u010dunalo, instalacija je brza i jednostavna, \u0161to vam omogu\u0107uje da u trenu u\u017eivate u pobolj\u0161anoj audio izvedbi. Nadogradite svoj Fujitsu Lifebook danas ovim setom zvu\u010dnika i u\u017eivajte u vrhunskoj kvaliteti zvuka za sve svoje aktivnosti.<\/p>\n","protected":false},"excerpt":{"rendered":"<p>Nadogradite audio performanse va\u0161eg prijenosnog ra\u010dunala Fujitsu Lifebook E544, E734 ili E744 s ovim setom zvu\u010dnika. Uklju\u010duje lijevi i desni zvu\u010dnik za impresivan zvuk. Jednostavna instalacija za trenuta\u010dno pobolj\u0161anje zvuka.<\/p>\n","protected":false},"featured_media":23055,"template":"","meta":[],"product_brand":[],"product_cat":[53],"product_tag":[63],"class_list":{"0":"post-22999","1":"product","2":"type-product","3":"status-publish","4":"has-post-thumbnail","6":"product_cat-laptop-speakers","7":"product_tag-fujitsu","9":"first","10":"instock","11":"taxable","12":"shipping-taxable","13":"purchasable","14":"product-type-simple"},"_links":{"self":[{"href":"https:\/\/boreait.com\/hr\/wp-json\/wp\/v2\/product\/22999","targetHints":{"allow":["GET"]}}],"collection":[{"href":"https:\/\/boreait.com\/hr\/wp-json\/wp\/v2\/product"}],"about":[{"href":"https:\/\/boreait.com\/hr\/wp-json\/wp\/v2\/types\/product"}],"wp:featuredmedia":[{"embeddable":true,"href":"https:\/\/boreait.com\/hr\/wp-json\/wp\/v2\/media\/23055"}],"wp:attachment":[{"href":"https:\/\/boreait.com\/hr\/wp-json\/wp\/v2\/media?parent=22999"}],"wp:term":[{"taxonomy":"product_brand","embeddable":true,"href":"https:\/\/boreait.com\/hr\/wp-json\/wp\/v2\/product_brand?post=22999"},{"taxonomy":"product_cat","embeddable":true,"href":"https:\/\/boreait.com\/hr\/wp-json\/wp\/v2\/product_cat?post=22999"},{"taxonomy":"product_tag","embeddable":true,"href":"https:\/\/boreait.com\/hr\/wp-json\/wp\/v2\/product_tag?post=22999"}],"curies":[{"name":"wp","href":"https:\/\/api.w.org\/{rel}","templated":true}]}}