{"id":22997,"date":"2025-07-25T12:04:07","date_gmt":"2025-07-25T12:04:07","guid":{"rendered":"https:\/\/boreait.com\/hr\/?post_type=product&#038;p=22997"},"modified":"2026-01-19T09:53:39","modified_gmt":"2026-01-19T09:53:39","slug":"dc-jack-zicani-za-hp-15-pn-cbl00378-0150-8-pinski-zamjena-konektora-za-napajanje-prijenosnog-racunala","status":"publish","type":"product","link":"https:\/\/boreait.com\/hr\/product\/dc-jack-zicani-za-hp-15-pn-cbl00378-0150-8-pinski-zamjena-konektora-za-napajanje-prijenosnog-racunala\/","title":{"rendered":"DC Jack \u017di\u010dani za HP 15 PN CBL00378-0150 8-pinski &#8211; Zamjena konektora za napajanje prijenosnog ra\u010dunala"},"content":{"rendered":"<p>Nadogradite konektor za napajanje va\u0161eg HP prijenosnog ra\u010dunala ovim \u017ei\u010danim DC priklju\u010dkom dizajniranim za 15 P\/N CBL00378-0150, koji ima 8-pinsku konfiguraciju. Izra\u0111en imaju\u0107i na umu trajnost i kompatibilnost, ovaj zamjenski priklju\u010dak osigurava sigurnu strujnu vezu za va\u0161 ure\u0111aj. Projektiran da zadovolji ili nadma\u0161i OEM standarde, ovaj DC priklju\u010dak jam\u010di pouzdane performanse i optimalan prijenos energije. Instalacija je jednostavna, \u0161to ga \u010dini idealnim rje\u0161enjem za DIY entuzijaste ili tehni\u010dare koji \u017eele obnoviti funkcionalnost napajanja svojih HP prijenosnih ra\u010dunala. Investirajte u ovu visokokvalitetnu zamjenu za DC uti\u010dnicu ve\u0107 danas i u\u017eivajte u neprekidnom napajanju va\u0161eg HP prijenosnog ra\u010dunala<\/p>\n","protected":false},"excerpt":{"rendered":"<p>Zamijenite konektor za napajanje va\u0161eg HP prijenosnog ra\u010dunala ovim \u017ei\u010danim DC priklju\u010dkom, kompatibilnim sa SuyIn P\/N CBL00378-0150 i ima 8-pinsku konfiguraciju. Osigurajte sigurnu i pouzdanu strujnu vezu za svoj ure\u0111aj s ovim visokokvalitetnim zamjenskim dijelom. Jednostavan za instalaciju, savr\u0161eno je rje\u0161enje za ponovno uspostavljanje funkcionalnosti napajanja va\u0161eg HP prijenosnog ra\u010dunala.<\/p>\n","protected":false},"featured_media":23053,"template":"","meta":[],"product_brand":[],"product_cat":[55],"product_tag":[60],"class_list":{"0":"post-22997","1":"product","2":"type-product","3":"status-publish","4":"has-post-thumbnail","6":"product_cat-cables","7":"product_tag-hp","9":"first","10":"instock","11":"taxable","12":"shipping-taxable","13":"purchasable","14":"product-type-simple"},"_links":{"self":[{"href":"https:\/\/boreait.com\/hr\/wp-json\/wp\/v2\/product\/22997","targetHints":{"allow":["GET"]}}],"collection":[{"href":"https:\/\/boreait.com\/hr\/wp-json\/wp\/v2\/product"}],"about":[{"href":"https:\/\/boreait.com\/hr\/wp-json\/wp\/v2\/types\/product"}],"wp:featuredmedia":[{"embeddable":true,"href":"https:\/\/boreait.com\/hr\/wp-json\/wp\/v2\/media\/23053"}],"wp:attachment":[{"href":"https:\/\/boreait.com\/hr\/wp-json\/wp\/v2\/media?parent=22997"}],"wp:term":[{"taxonomy":"product_brand","embeddable":true,"href":"https:\/\/boreait.com\/hr\/wp-json\/wp\/v2\/product_brand?post=22997"},{"taxonomy":"product_cat","embeddable":true,"href":"https:\/\/boreait.com\/hr\/wp-json\/wp\/v2\/product_cat?post=22997"},{"taxonomy":"product_tag","embeddable":true,"href":"https:\/\/boreait.com\/hr\/wp-json\/wp\/v2\/product_tag?post=22997"}],"curies":[{"name":"wp","href":"https:\/\/api.w.org\/{rel}","templated":true}]}}