{"id":22996,"date":"2025-07-25T12:04:06","date_gmt":"2025-07-25T12:04:06","guid":{"rendered":"https:\/\/boreait.com\/hr\/?post_type=product&#038;p=22996"},"modified":"2026-01-19T09:53:21","modified_gmt":"2026-01-19T09:53:21","slug":"fujitsu-lifebook-e754-usb-hdmi-ploca-cp642205-z1","status":"publish","type":"product","link":"https:\/\/boreait.com\/hr\/product\/fujitsu-lifebook-e754-usb-hdmi-ploca-cp642205-z1\/","title":{"rendered":"Fujitsu LifeBook E754 USB HDMI plo\u010da CP642205-Z1"},"content":{"rendered":"<p>Revitalizirajte svoje prijenosno ra\u010dunalo Fujitsu LifeBook E754 s ovim bitnim zamjenskim dijelom za USB HDMI plo\u010du. Dizajnirana za vra\u0107anje funkcionalnosti i povezivosti, ova plo\u010da osigurava besprijekornu integraciju USB i HDMI priklju\u010daka, omogu\u0107uju\u0107i vam da pro\u0161irite mogu\u0107nosti prijenosnog ra\u010dunala. Izra\u0111ena od preciznih i kvalitetnih materijala, ova zamjenska plo\u010da jam\u010di pouzdan rad i izdr\u017eljivost. Bilo da povezujete vanjske zaslone, periferne ure\u0111aje ili ure\u0111aje za pohranu, ova plo\u010da pru\u017ea bitna su\u010delja koja su vam potrebna za pobolj\u0161anu produktivnost. Nadogradite svoje prijenosno ra\u010dunalo bez napora ovim originalnim zamjenskim dijelom i iskusite pogodnost potpuno funkcionalne USB i HDMI povezivosti.<\/p>\n<p>Broj dijela: CP642205-Z1<\/p>\n","protected":false},"excerpt":{"rendered":"<p>Vratite USB i HDMI vezu na prijenosno ra\u010dunalo Fujitsu LifeBook E754 pomo\u0107u ove visokokvalitetne zamjenske plo\u010de. Osigurajte besprijekornu integraciju vanjskih ure\u0111aja i zaslona za pobolj\u0161anu produktivnost<\/p>\n","protected":false},"featured_media":23052,"template":"","meta":[],"product_brand":[],"product_cat":[62],"product_tag":[63],"class_list":{"0":"post-22996","1":"product","2":"type-product","3":"status-publish","4":"has-post-thumbnail","6":"product_cat-motherboards-board-parts","7":"product_tag-fujitsu","9":"first","10":"instock","11":"taxable","12":"shipping-taxable","13":"purchasable","14":"product-type-simple"},"_links":{"self":[{"href":"https:\/\/boreait.com\/hr\/wp-json\/wp\/v2\/product\/22996","targetHints":{"allow":["GET"]}}],"collection":[{"href":"https:\/\/boreait.com\/hr\/wp-json\/wp\/v2\/product"}],"about":[{"href":"https:\/\/boreait.com\/hr\/wp-json\/wp\/v2\/types\/product"}],"wp:featuredmedia":[{"embeddable":true,"href":"https:\/\/boreait.com\/hr\/wp-json\/wp\/v2\/media\/23052"}],"wp:attachment":[{"href":"https:\/\/boreait.com\/hr\/wp-json\/wp\/v2\/media?parent=22996"}],"wp:term":[{"taxonomy":"product_brand","embeddable":true,"href":"https:\/\/boreait.com\/hr\/wp-json\/wp\/v2\/product_brand?post=22996"},{"taxonomy":"product_cat","embeddable":true,"href":"https:\/\/boreait.com\/hr\/wp-json\/wp\/v2\/product_cat?post=22996"},{"taxonomy":"product_tag","embeddable":true,"href":"https:\/\/boreait.com\/hr\/wp-json\/wp\/v2\/product_tag?post=22996"}],"curies":[{"name":"wp","href":"https:\/\/api.w.org\/{rel}","templated":true}]}}