{"id":22995,"date":"2025-07-25T12:04:06","date_gmt":"2025-07-25T12:04:06","guid":{"rendered":"https:\/\/boreait.com\/hr\/?post_type=product&#038;p=22995"},"modified":"2026-01-19T09:52:59","modified_gmt":"2026-01-19T09:52:59","slug":"nosaci-za-fujitsu-lifebook-e754-e756-lcd-lijeva-i-desna-montaza","status":"publish","type":"product","link":"https:\/\/boreait.com\/hr\/product\/nosaci-za-fujitsu-lifebook-e754-e756-lcd-lijeva-i-desna-montaza\/","title":{"rendered":"Nosa\u010di za Fujitsu Lifebook E754 E756 LCD &#8211; Lijeva i desna monta\u017ea"},"content":{"rendered":"<p>Nadogradite svoje prijenosno ra\u010dunalo Fujitsu Lifebook E754 ili E756 ovim nosa\u010dima dizajniranim za lijevu i desnu monta\u017eu LCD-a. Izra\u0111ene za preciznu kompatibilnost i izdr\u017eljivost, ove tra\u010dnice za nosa\u010de osiguravaju sigurnu podr\u0161ku za zaslon va\u0161eg prijenosnog ra\u010dunala, pobolj\u0161avaju\u0107i i stabilnost i funkcionalnost. Izra\u0111ene od visokokvalitetnih materijala, ove su tra\u010dnice napravljene da izdr\u017ee svakodnevnu upotrebu i pru\u017eaju dugotrajnu izvedbu. Bilo da ste profesionalac, student ili povremeni korisnik, mo\u017eete se osloniti na ove nosa\u010de kako bi va\u0161 zaslon sigurno ostao na mjestu dok radite, gledate videozapise ili pregledavate web. Kompatibilan s modelima Fujitsu Lifebook E754 i E756, instalacija je laka i ne zahtijeva nikakvu tehni\u010dku stru\u010dnost. Jednostavno zamijenite svoje stare nosa\u010de s ovim novima kako biste vratili funkcionalnost i izgled prijenosnog ra\u010dunala. Ulo\u017eite u ove nosa\u010de ve\u0107 danas i u\u017eivajte u pobolj\u0161anoj stabilnosti, funkcionalnosti i estetici svog prijenosnog ra\u010dunala Fujitsu.<\/p>\n","protected":false},"excerpt":{"rendered":"<p>Pobolj\u0161ajte stabilnost i funkcionalnost svog prijenosnog ra\u010dunala Fujitsu Lifebook E754 ili E756 s ovim nosa\u010dima za LCD lijevo i desno montiranje. Izra\u0111ene za preciznu kompatibilnost i izdr\u017eljivost, ove tra\u010dnice za nosa\u010de osiguravaju sigurnu podr\u0161ku za zaslon va\u0161eg prijenosnog ra\u010dunala, pru\u017eaju\u0107i dugotrajnu izvedbu. Jednostavne za instalaciju i izra\u0111ene da traju, ove nosa\u010de su savr\u0161eno rje\u0161enje za zamjenu istro\u0161enih ili o\u0161te\u0107enih. Nabavite svoje danas i vratite svoje prijenosno ra\u010dunalo u optimalno stanje!<\/p>\n","protected":false},"featured_media":23051,"template":"","meta":[],"product_brand":[],"product_cat":[51],"product_tag":[63],"class_list":{"0":"post-22995","1":"product","2":"type-product","3":"status-publish","4":"has-post-thumbnail","6":"product_cat-laptop-housing","7":"product_tag-fujitsu","9":"first","10":"instock","11":"taxable","12":"shipping-taxable","13":"purchasable","14":"product-type-simple"},"_links":{"self":[{"href":"https:\/\/boreait.com\/hr\/wp-json\/wp\/v2\/product\/22995","targetHints":{"allow":["GET"]}}],"collection":[{"href":"https:\/\/boreait.com\/hr\/wp-json\/wp\/v2\/product"}],"about":[{"href":"https:\/\/boreait.com\/hr\/wp-json\/wp\/v2\/types\/product"}],"wp:featuredmedia":[{"embeddable":true,"href":"https:\/\/boreait.com\/hr\/wp-json\/wp\/v2\/media\/23051"}],"wp:attachment":[{"href":"https:\/\/boreait.com\/hr\/wp-json\/wp\/v2\/media?parent=22995"}],"wp:term":[{"taxonomy":"product_brand","embeddable":true,"href":"https:\/\/boreait.com\/hr\/wp-json\/wp\/v2\/product_brand?post=22995"},{"taxonomy":"product_cat","embeddable":true,"href":"https:\/\/boreait.com\/hr\/wp-json\/wp\/v2\/product_cat?post=22995"},{"taxonomy":"product_tag","embeddable":true,"href":"https:\/\/boreait.com\/hr\/wp-json\/wp\/v2\/product_tag?post=22995"}],"curies":[{"name":"wp","href":"https:\/\/api.w.org\/{rel}","templated":true}]}}