{"id":22994,"date":"2025-07-25T12:04:06","date_gmt":"2025-07-25T12:04:06","guid":{"rendered":"https:\/\/boreait.com\/hr\/?post_type=product&#038;p=22994"},"modified":"2025-07-25T12:04:58","modified_gmt":"2025-07-25T12:04:58","slug":"fujitsu-siemens-lifebook-e754-lcd-sarke-lijevodesno-zaslon-podrska-za-monitor","status":"publish","type":"product","link":"https:\/\/boreait.com\/hr\/product\/fujitsu-siemens-lifebook-e754-lcd-sarke-lijevodesno-zaslon-podrska-za-monitor\/","title":{"rendered":"Fujitsu Siemens Lifebook E754 LCD \u0160ARKE (LIJEVO+DESNO) &#8211; Zaslon Podr\u0161ka za monitor"},"content":{"rendered":"<p>Nadogradite svoje prijenosno ra\u010dunalo Fujitsu Siemens Lifebook E754 ovim setom LCD \u0161arki, uklju\u010duju\u0107i i lijeve i desne \u0161arke za potpunu podr\u0161ku monitora zaslona. Projektirane imaju\u0107i na umu preciznost i izdr\u017eljivost, ove \u0161arke osiguravaju besprijekoran rad, omogu\u0107uju\u0107i vam da s lako\u0107om otvorite i zatvorite poklopac prijenosnog ra\u010dunala. Izra\u0111eni od visokokvalitetnih materijala, napravljeni su da izdr\u017ee svakodnevnu upotrebu, pru\u017eaju\u0107i dugotrajnu izvedbu i stabilnost. Bilo da ste profesionalac ili student, mo\u017eete se osloniti na ove \u0161arke da sigurno dr\u017ee va\u0161 zaslon na mjestu dok radite, gledate videozapise ili pregledavate web. Dizajnirane posebno za model Fujitsu Siemens Lifebook E754, ove \u0161arke nude savr\u0161eno pristajanje i jednostavnu instalaciju. Jednostavno zamijenite svoje stare \u0161arke ovim novima kako biste vratili funkcionalnost i izgled prijenosnog ra\u010dunala. Investirajte u ove LCD \u0161arke danas i iskusite pobolj\u0161anu stabilnost i podr\u0161ku za svoje prijenosno ra\u010dunalo Fujitsu Siemens Lifebook E754.<\/p>\n","protected":false},"excerpt":{"rendered":"<p>Pobolj\u0161ajte stabilnost i funkcionalnost svog prijenosnog ra\u010dunala Fujitsu Siemens Lifebook E754 s ovim setom LCD \u0161arki. Uklju\u010duju\u0107i lijeve i desne \u0161arke, ove visokokvalitetne komponente pru\u017eaju pouzdanu potporu va\u0161em monitoru zaslona, osiguravaju\u0107i glatko otvaranje i zatvaranje poklopca va\u0161eg prijenosnog ra\u010dunala. Lako se postavljaju i napravljeni da traju, savr\u0161ena su zamjena za istro\u0161ene ili o\u0161te\u0107ene \u0161arke. Nadogradite svoje prijenosno ra\u010dunalo danas i u\u017eivajte u pobolj\u0161anoj stabilnosti i podr\u0161ci za svoje dnevne zadatke!<\/p>\n","protected":false},"featured_media":23050,"template":"","meta":[],"product_brand":[],"product_cat":[54],"product_tag":[63],"class_list":{"0":"post-22994","1":"product","2":"type-product","3":"status-publish","4":"has-post-thumbnail","6":"product_cat-screen-hinge","7":"product_tag-fujitsu","9":"first","10":"instock","11":"taxable","12":"shipping-taxable","13":"purchasable","14":"product-type-simple"},"_links":{"self":[{"href":"https:\/\/boreait.com\/hr\/wp-json\/wp\/v2\/product\/22994","targetHints":{"allow":["GET"]}}],"collection":[{"href":"https:\/\/boreait.com\/hr\/wp-json\/wp\/v2\/product"}],"about":[{"href":"https:\/\/boreait.com\/hr\/wp-json\/wp\/v2\/types\/product"}],"wp:featuredmedia":[{"embeddable":true,"href":"https:\/\/boreait.com\/hr\/wp-json\/wp\/v2\/media\/23050"}],"wp:attachment":[{"href":"https:\/\/boreait.com\/hr\/wp-json\/wp\/v2\/media?parent=22994"}],"wp:term":[{"taxonomy":"product_brand","embeddable":true,"href":"https:\/\/boreait.com\/hr\/wp-json\/wp\/v2\/product_brand?post=22994"},{"taxonomy":"product_cat","embeddable":true,"href":"https:\/\/boreait.com\/hr\/wp-json\/wp\/v2\/product_cat?post=22994"},{"taxonomy":"product_tag","embeddable":true,"href":"https:\/\/boreait.com\/hr\/wp-json\/wp\/v2\/product_tag?post=22994"}],"curies":[{"name":"wp","href":"https:\/\/api.w.org\/{rel}","templated":true}]}}