{"id":22979,"date":"2025-07-25T12:03:44","date_gmt":"2025-07-25T12:03:44","guid":{"rendered":"https:\/\/boreait.com\/hr\/?post_type=product&#038;p=22979"},"modified":"2025-07-25T12:04:51","modified_gmt":"2025-07-25T12:04:51","slug":"zamjenski-dio-za-fujitsu-lifebook-e754-lcd-straznji-poklopac","status":"publish","type":"product","link":"https:\/\/boreait.com\/hr\/product\/zamjenski-dio-za-fujitsu-lifebook-e754-lcd-straznji-poklopac\/","title":{"rendered":"Zamjenski dio za Fujitsu Lifebook E754 LCD STRA\u017dNJI POKLOPAC"},"content":{"rendered":"<p>Nadogradite izgled i za\u0161titite zaslon svog Fujitsu Lifebook E754 s ovim visokokvalitetnim zamjenskim poklopcem stra\u017enjeg poklopca LCD-a. Izra\u0111ena prema to\u010dnim specifikacijama, ova maska osigurava besprijekorno pristajanje i pouzdanu za\u0161titu za zaslon va\u0161eg prijenosnog ra\u010dunala. Izra\u0111en od izdr\u017eljivih materijala, nudi robusnu za\u0161titu od ogrebotina, udubljenja i drugih o\u0161te\u0107enja, produ\u017euju\u0107i \u017eivotni vijek va\u0161eg ure\u0111aja. Jednostavan za instalaciju, ovaj zamjenski poklopac omogu\u0107uje vam odr\u017eavanje elegantne estetike va\u0161eg prijenosnog ra\u010dunala uz minimalan napor. Vratite netaknuti izgled svom Fujitsu Lifebooku E754 i za\u0161titite njegov zaslon s ovim zamjenskim poklopcem stra\u017enjeg poklopca LCD-a.<\/p>\n","protected":false},"excerpt":{"rendered":"<p>Pobolj\u0161ajte izgled i za\u0161titite zaslon svog Fujitsu Lifebook E754 s ovim izdr\u017eljivim zamjenskim poklopcem stra\u017enjeg poklopca LCD-a. Izra\u0111en za savr\u0161eno pristajanje, nudi pouzdanu za\u0161titu od ogrebotina i o\u0161te\u0107enja. Jednostavan za instalaciju, ovaj zamjenski poklopac osigurava da va\u0161e prijenosno ra\u010dunalo zadr\u017ei svoju elegantnu estetiku.<\/p>\n","protected":false},"featured_media":23038,"template":"","meta":[],"product_brand":[],"product_cat":[51],"product_tag":[63],"class_list":{"0":"post-22979","1":"product","2":"type-product","3":"status-publish","4":"has-post-thumbnail","6":"product_cat-laptop-housing","7":"product_tag-fujitsu","9":"first","10":"instock","11":"taxable","12":"shipping-taxable","13":"purchasable","14":"product-type-simple"},"_links":{"self":[{"href":"https:\/\/boreait.com\/hr\/wp-json\/wp\/v2\/product\/22979","targetHints":{"allow":["GET"]}}],"collection":[{"href":"https:\/\/boreait.com\/hr\/wp-json\/wp\/v2\/product"}],"about":[{"href":"https:\/\/boreait.com\/hr\/wp-json\/wp\/v2\/types\/product"}],"wp:featuredmedia":[{"embeddable":true,"href":"https:\/\/boreait.com\/hr\/wp-json\/wp\/v2\/media\/23038"}],"wp:attachment":[{"href":"https:\/\/boreait.com\/hr\/wp-json\/wp\/v2\/media?parent=22979"}],"wp:term":[{"taxonomy":"product_brand","embeddable":true,"href":"https:\/\/boreait.com\/hr\/wp-json\/wp\/v2\/product_brand?post=22979"},{"taxonomy":"product_cat","embeddable":true,"href":"https:\/\/boreait.com\/hr\/wp-json\/wp\/v2\/product_cat?post=22979"},{"taxonomy":"product_tag","embeddable":true,"href":"https:\/\/boreait.com\/hr\/wp-json\/wp\/v2\/product_tag?post=22979"}],"curies":[{"name":"wp","href":"https:\/\/api.w.org\/{rel}","templated":true}]}}