{"id":22977,"date":"2025-07-25T12:03:44","date_gmt":"2025-07-25T12:03:44","guid":{"rendered":"https:\/\/boreait.com\/hr\/?post_type=product&#038;p=22977"},"modified":"2025-07-25T12:04:40","modified_gmt":"2025-07-25T12:04:40","slug":"originalna-tipkovnica-za-prijenosno-racunalo-za-samsung-cnba5902420zbil998s-cnba5902438g-cnba590-dijelovi-prijenosnog-racunala","status":"publish","type":"product","link":"https:\/\/boreait.com\/hr\/product\/originalna-tipkovnica-za-prijenosno-racunalo-za-samsung-cnba5902420zbil998s-cnba5902438g-cnba590-dijelovi-prijenosnog-racunala\/","title":{"rendered":"Originalna tipkovnica za prijenosno ra\u010dunalo za SAMSUNG CNBA5902420ZBIL998S CNBA5902438G CNBA590 | Dijelovi prijenosnog ra\u010dunala"},"content":{"rendered":"<p>Pobolj\u0161ajte funkcionalnost svog prijenosnog ra\u010dunala s originalnom SAMSUNG CNBA5902420ZBIL998S CNBA5902438G CNBA590 tipkovnicom. Izra\u0111ena s precizno\u0161\u0107u, ova tipkovnica pru\u017ea glatko i brzo iskustvo tipkanja, \u0161to je \u010dini savr\u0161enom zamjenom za va\u0161u istro\u0161enu ili o\u0161te\u0107enu tipkovnicu prijenosnog ra\u010dunala.<\/p>\n<p><strong>Klju\u010dne zna\u010dajke:<\/strong><\/p>\n<ul>\n<li><strong>Kompatibilnost:<\/strong> Dizajnirano posebno za prijenosna ra\u010dunala SAMSUNG CNBA5902420ZBIL998S CNBA5902438G CNBA590.<\/li>\n<li><strong>Precizan dizajn:<\/strong> Svaka je tipka izra\u0111ena za to\u010dnost i dugotrajnost, osiguravaju\u0107i dosljedno i pouzdano iskustvo tipkanja.<\/li>\n<li><strong>Jednostavna instalacija:<\/strong> Zamijenite staru tipkovnicu bez napora, nema potrebe za kompliciranim uputama. Ako imate pitanja, slobodno nam po\u0161aljite poruku za pomo\u0107.<\/li>\n<li><strong>Dostava diljem svijeta:<\/strong> Dostavljamo u Europu i diljem svijeta, donose\u0107i kvalitetne dijelove prijenosnog ra\u010dunala na ku\u0107ni prag.<\/li>\n<\/ul>\n<p>Bez obzira jeste li DIY entuzijast ili profesionalac, ova tipkovnica SAMSUNG CNBA590 idealan je izbor za svakoga tko tra\u017ei pouzdan i visokokvalitetan zamjenski dio za prijenosno ra\u010dunalo. Nadogradite svoje prijenosno ra\u010dunalo danas i u\u017eivajte u obnovljenom iskustvu tipkanja.<\/p>\n","protected":false},"excerpt":{"rendered":"<p>Nadogradite svoje prijenosno ra\u010dunalo ovom originalnom SAMSUNG CNBA5902420ZBIL998S CNBA5902438G CNBA590 tipkovnicom. Dizajnirana za preciznost i izdr\u017eljivost, ova tipkovnica prijenosnog ra\u010dunala osigurava besprijekorno iskustvo tipkanja. Naru\u010dite sada za kvalitetan zamjenski dio!<\/p>\n","protected":false},"featured_media":23034,"template":"","meta":[],"product_brand":[],"product_cat":[70],"product_tag":[83],"class_list":{"0":"post-22977","1":"product","2":"type-product","3":"status-publish","4":"has-post-thumbnail","6":"product_cat-laptop-keyboard","7":"product_tag-samsung","9":"first","10":"instock","11":"taxable","12":"shipping-taxable","13":"purchasable","14":"product-type-simple"},"_links":{"self":[{"href":"https:\/\/boreait.com\/hr\/wp-json\/wp\/v2\/product\/22977","targetHints":{"allow":["GET"]}}],"collection":[{"href":"https:\/\/boreait.com\/hr\/wp-json\/wp\/v2\/product"}],"about":[{"href":"https:\/\/boreait.com\/hr\/wp-json\/wp\/v2\/types\/product"}],"wp:featuredmedia":[{"embeddable":true,"href":"https:\/\/boreait.com\/hr\/wp-json\/wp\/v2\/media\/23034"}],"wp:attachment":[{"href":"https:\/\/boreait.com\/hr\/wp-json\/wp\/v2\/media?parent=22977"}],"wp:term":[{"taxonomy":"product_brand","embeddable":true,"href":"https:\/\/boreait.com\/hr\/wp-json\/wp\/v2\/product_brand?post=22977"},{"taxonomy":"product_cat","embeddable":true,"href":"https:\/\/boreait.com\/hr\/wp-json\/wp\/v2\/product_cat?post=22977"},{"taxonomy":"product_tag","embeddable":true,"href":"https:\/\/boreait.com\/hr\/wp-json\/wp\/v2\/product_tag?post=22977"}],"curies":[{"name":"wp","href":"https:\/\/api.w.org\/{rel}","templated":true}]}}