{"id":22962,"date":"2025-07-25T12:03:23","date_gmt":"2025-07-25T12:03:23","guid":{"rendered":"https:\/\/boreait.com\/hr\/?post_type=product&#038;p=22962"},"modified":"2025-07-25T12:04:34","modified_gmt":"2025-07-25T12:04:34","slug":"lcd-sarke-za-samsung-np-r60s-r60plus-zaslon-monitor-video-zaslon","status":"publish","type":"product","link":"https:\/\/boreait.com\/hr\/product\/lcd-sarke-za-samsung-np-r60s-r60plus-zaslon-monitor-video-zaslon\/","title":{"rendered":"LCD \u0161arke za Samsung NP-R60S &#8211; R60plus zaslon Monitor Video zaslon"},"content":{"rendered":"<p>Nadogradite stabilnost i funkcionalnost svog prijenosnog ra\u010dunala Samsung NP-R60S ili R60plus s ovim LCD \u0161arkama izra\u0111enim za podr\u0161ku monitora. Ove \u0161arke osiguravaju besprijekoran rad, olak\u0161avaju\u0107i jednostavno otvaranje i zatvaranje poklopca prijenosnog ra\u010dunala. Izra\u0111eni od vrhunskih materijala, nude izdr\u017eljivost i dugotrajnu izvedbu. Kompatibilne s modelima Samsung NP-R60S i R60plus, ove \u0161arke jam\u010de savr\u0161eno pristajanje i jednostavnu instalaciju. Zamijenite svoje stare \u0161arke bez napora kako biste vratili funkcionalnost i izgled prijenosnog ra\u010dunala. Ulo\u017eite u ove LCD \u0161arke ve\u0107 danas kako biste u\u017eivali u pobolj\u0161anoj stabilnosti, funkcionalnosti i estetici svog Samsung prijenosnog ra\u010dunala.<\/p>\n","protected":false},"excerpt":{"rendered":"<p>Pobolj\u0161ajte svoje prijenosno ra\u010dunalo Samsung NP-R60S ili R60plus ovim LCD \u0161arkama dizajniranim za podr\u0161ku monitora. Osigurajte glatko otvaranje i zatvaranje poklopca prijenosnog ra\u010dunala pomo\u0107u ovih izdr\u017eljivih \u0161arki koje nude i funkcionalnost i estetiku. Jednostavne za instalaciju i kompatibilne s odre\u0111enim Samsung modelima, ove su \u0161arke savr\u0161eno zamjensko rje\u0161enje. Nadogradite performanse svog prijenosnog ra\u010dunala danas!<\/p>\n","protected":false},"featured_media":23030,"template":"","meta":[],"product_brand":[],"product_cat":[54],"product_tag":[83],"class_list":{"0":"post-22962","1":"product","2":"type-product","3":"status-publish","4":"has-post-thumbnail","6":"product_cat-screen-hinge","7":"product_tag-samsung","9":"first","10":"instock","11":"taxable","12":"shipping-taxable","13":"purchasable","14":"product-type-simple"},"_links":{"self":[{"href":"https:\/\/boreait.com\/hr\/wp-json\/wp\/v2\/product\/22962","targetHints":{"allow":["GET"]}}],"collection":[{"href":"https:\/\/boreait.com\/hr\/wp-json\/wp\/v2\/product"}],"about":[{"href":"https:\/\/boreait.com\/hr\/wp-json\/wp\/v2\/types\/product"}],"wp:featuredmedia":[{"embeddable":true,"href":"https:\/\/boreait.com\/hr\/wp-json\/wp\/v2\/media\/23030"}],"wp:attachment":[{"href":"https:\/\/boreait.com\/hr\/wp-json\/wp\/v2\/media?parent=22962"}],"wp:term":[{"taxonomy":"product_brand","embeddable":true,"href":"https:\/\/boreait.com\/hr\/wp-json\/wp\/v2\/product_brand?post=22962"},{"taxonomy":"product_cat","embeddable":true,"href":"https:\/\/boreait.com\/hr\/wp-json\/wp\/v2\/product_cat?post=22962"},{"taxonomy":"product_tag","embeddable":true,"href":"https:\/\/boreait.com\/hr\/wp-json\/wp\/v2\/product_tag?post=22962"}],"curies":[{"name":"wp","href":"https:\/\/api.w.org\/{rel}","templated":true}]}}